{"id":4329,"date":"2019-08-30T12:46:52","date_gmt":"2019-08-30T10:46:52","guid":{"rendered":"https:\/\/www.krajskakniznicazilina.sk\/?page_id=4329"},"modified":"2025-08-19T09:02:26","modified_gmt":"2025-08-19T07:02:26","slug":"podujatia-v-anglickom-jazyku","status":"publish","type":"page","link":"https:\/\/www.krajskakniznicazilina.sk\/index.php\/podujatia\/skoly\/podujatia-v-anglickom-jazyku\/","title":{"rendered":"Podujatia v anglickom jazyku"},"content":{"rendered":"<p style=\"text-align: justify;\"><a href=\"https:\/\/www.krajskakniznicazilina.sk\/menu\/podu\/skoly\/Ponukov%C3%BD%20list%20ENG.pdf\"><strong>Program for students of elementary and high schools for the school year 2025\/2026<\/strong><\/a>. Bookings are essential for all school visits. All the events can be presented either in English or Slovak language and the capacity for the events is 25 students. Each event can be supplemented with a tour of American Center and British Centre.<\/p>\n<h3 style=\"text-align: justify;\"><a href=\"https:\/\/www.krajskakniznicazilina.sk\/index.php\/sluzby\/americke-centrum-zilina\/\"><strong>American Center \u017dilina<\/strong><\/a><\/h3>\n<p style=\"text-align: justify;\">For further information and booking details please fill in the form:<strong> <a href=\"https:\/\/forms.gle\/HN8uJyhNatetpC5X6\">https:\/\/forms.gle\/HN8uJyhNatetpC5X6<\/a> <\/strong>or contact us via email at<strong>\u00a0<a href=\"mailto:zilina@americanspaces.sk\">zilina@americanspaces.sk<\/a><\/strong><\/p>\n<p style=\"text-align: justify;\"><strong>United States of America<br \/>\n<\/strong>We\u2019ll talk about geography, history, culture and many other features of this fascinating country. We won\u2019t forget to mention the presidents or the significance of the American flag. (high schools)<\/p>\n<p style=\"text-align: justify;\"><strong>Cities of USA<br \/>\n<\/strong>There are many interesting cities in the US and we will try our best to introduce the most significant ones of them. To name a few, we\u2019ll talk about New York, Washington and Los Angeles. (seventh grade and up)<\/p>\n<p style=\"text-align: justify;\"><strong>Landmarks of USA<br \/>\n<\/strong>Can you tell apart The Capitol and The White House? Can you name any national parks of USA? And whose faces are on the famous Mount Rushmore? We will answer all these questions and more. You\u2019ll even find out what is inside the Statue of Liberty. (seventh grade and up)<\/p>\n<p style=\"text-align: justify;\"><strong>Fun Quiz<\/strong><br \/>\nCome and test your knowledge in our fun library quiz. Who knows the most about about geography, culture, movies or history? Play in teams or as individuals and win prizes! Smartphones are required for participation in the quiz. (seventh grade and up)<\/p>\n<p style=\"text-align: justify;\"><strong>Beyond the classics<\/strong><br \/>\nWe invite students to explore works of American literature that are not typically covered in school. Students will work in teams, research a selected book, and present their findings to their schoolmates. It\u2019s a creative way to learn, collaborate, and \u00a0dive into literary worlds. (high schools)<\/p>\n<p style=\"text-align: justify;\"><strong>Education in the U.S.<\/strong><br \/>\nWhat are some of the basic differences between the education systems in Slovakia and the U.S.? Is it actually important for students to become captains of the football team or cheerleaders, or is that just something we see in movies? Do you want to learn more interesting facts beyond what we see in movies? Is there a chance you could actually try it out for yourself? We will search for answers to these questions together in our discussion about education in the U.S. (high schools)<\/p>\n<h3 style=\"text-align: justify;\"><a href=\"https:\/\/www.krajskakniznicazilina.sk\/index.php\/sluzby\/britske-centrum\/\"><strong>British Centre<\/strong><\/a><\/h3>\n<p style=\"text-align: justify;\">For further information and booking details please fill in the form: <strong><a href=\"https:\/\/forms.gle\/HN8uJyhNatetpC5X6\">https:\/\/forms.gle\/HN8uJyhNatetpC5X6<\/a><\/strong> or contact us via email at <strong><a href=\"mailto:britskecentrum@krajskakniznicazilina.sk\">britskecentrum@krajskakniznicazilina.sk<\/a><\/strong><\/p>\n<p style=\"text-align: justify;\"><strong>United Kingdom<\/strong>\u00a0of Great Britain and Northern Ireland<br \/>\nWe\u2019ll talk about Great Britain, it\u2019s geography, history and politics; and we won\u2019t forget to mention the weather or the tea at five. (high schools)<\/p>\n<p style=\"text-align: justify;\"><strong>London<\/strong><br \/>\nWe\u2019ll show you the most visited sights of this city but also mention places you probably didn\u2019t even know about. Together we\u2019ll talk about some old legends about London and we won\u2019t forget to mention the world\u2019s oldest subway. (seventh grade and up)<\/p>\n<p style=\"text-align: justify;\"><strong>Royal family<\/strong><br \/>\nWhat is the royal family\u2019s surname? Since when is this family ruling Britain? And what do its members actually do? We will answer all these questions and more. You\u2019ll even find out what nail polish did the Queen wear and what was her husband\u2019s nickname for her. (seventh grade and up)<\/p>\n<p style=\"text-align: justify;\"><strong>J.K. Rowling<\/strong><br \/>\nWe\u2019ll talk about life and work of this famous author and we\u2019ll even visit places that are connected to her books and movies about Harry Potter. (fifth to ninth grade)<\/p>\n","protected":false},"excerpt":{"rendered":"<p>Program for students of elementary and high schools for the school year 2025\/2026. Bookings are essential for all school visits. All the events can be presented either in English or Slovak language and the capacity for the events is 25 students. Each event can be supplemented with a tour of American Center and British Centre. &#8230; <a title=\"Podujatia v anglickom jazyku\" class=\"read-more\" href=\"https:\/\/www.krajskakniznicazilina.sk\/index.php\/podujatia\/skoly\/podujatia-v-anglickom-jazyku\/\" aria-label=\"Pre\u010d\u00edtajte si viac o Podujatia v anglickom jazyku\">\u010c\u00edta\u0165 viac<\/a><\/p>\n","protected":false},"author":1,"featured_media":0,"parent":147,"menu_order":0,"comment_status":"closed","ping_status":"closed","template":"","meta":{"footnotes":""},"class_list":["post-4329","page","type-page","status-publish"],"_links":{"self":[{"href":"https:\/\/www.krajskakniznicazilina.sk\/index.php\/wp-json\/wp\/v2\/pages\/4329","targetHints":{"allow":["GET"]}}],"collection":[{"href":"https:\/\/www.krajskakniznicazilina.sk\/index.php\/wp-json\/wp\/v2\/pages"}],"about":[{"href":"https:\/\/www.krajskakniznicazilina.sk\/index.php\/wp-json\/wp\/v2\/types\/page"}],"author":[{"embeddable":true,"href":"https:\/\/www.krajskakniznicazilina.sk\/index.php\/wp-json\/wp\/v2\/users\/1"}],"replies":[{"embeddable":true,"href":"https:\/\/www.krajskakniznicazilina.sk\/index.php\/wp-json\/wp\/v2\/comments?post=4329"}],"version-history":[{"count":30,"href":"https:\/\/www.krajskakniznicazilina.sk\/index.php\/wp-json\/wp\/v2\/pages\/4329\/revisions"}],"predecessor-version":[{"id":15677,"href":"https:\/\/www.krajskakniznicazilina.sk\/index.php\/wp-json\/wp\/v2\/pages\/4329\/revisions\/15677"}],"up":[{"embeddable":true,"href":"https:\/\/www.krajskakniznicazilina.sk\/index.php\/wp-json\/wp\/v2\/pages\/147"}],"wp:attachment":[{"href":"https:\/\/www.krajskakniznicazilina.sk\/index.php\/wp-json\/wp\/v2\/media?parent=4329"}],"curies":[{"name":"wp","href":"https:\/\/api.w.org\/{rel}","templated":true}]}}