{"id":435,"date":"2017-08-24T16:26:07","date_gmt":"2017-08-24T14:26:07","guid":{"rendered":"http:\/\/www.krajskakniznicazilina.sk\/novastranka\/?page_id=435"},"modified":"2026-04-30T07:50:58","modified_gmt":"2026-04-30T05:50:58","slug":"f-z-o","status":"publish","type":"page","link":"https:\/\/www.krajskakniznicazilina.sk\/index.php\/o-kniznici\/f-z-o\/","title":{"rendered":"Fakt\u00fary, zmluvy, objedn\u00e1vky"},"content":{"rendered":"<h4><strong><a style=\"line-height: 1.5;\" href=\"https:\/\/zverejnovanie.zilinskazupa.sk\/00185752\/\">Zverej\u0148ovanie zml\u00fav, objedn\u00e1vok a fakt\u00far<\/a><\/strong><\/h4>\n<h4><strong>Z\u00e1lohov\u00e9 fakt\u00fary a in\u00e9<\/strong><\/h4>\n<p>Z\u00e1lohov\u00e9 fakt\u00fary<\/p>\n<ul>\n<li>rok <a href=\"https:\/\/www.krajskakniznicazilina.sk\/menu\/okniz\/fzo\/zf2024.pdf\">2024<\/a><\/li>\n<li>rok <a href=\"https:\/\/www.krajskakniznicazilina.sk\/menu\/okniz\/fzo\/zf2023.pdf\">2023<\/a><\/li>\n<li>rok <a href=\"https:\/\/www.krajskakniznicazilina.sk\/menu\/okniz\/fzo\/zf2022.pdf\">2022<\/a><\/li>\n<li>rok <a href=\"https:\/\/www.krajskakniznicazilina.sk\/menu\/okniz\/fzo\/zf2021.pdf\">2021<\/a><\/li>\n<li>rok <a href=\"https:\/\/www.krajskakniznicazilina.sk\/menu\/okniz\/fzo\/zaloh_faktur_2020.pdf\">2020<\/a><\/li>\n<li>rok\u00a0<a href=\"https:\/\/www.krajskakniznicazilina.sk\/menu\/okniz\/fzo\/zalohove_faktury.pdf\">2019<\/a><\/li>\n<\/ul>\n<p>Platobn\u00e9\u00a0v\u00fdmery<\/p>\n<ul>\n<li>rok <a href=\"https:\/\/www.krajskakniznicazilina.sk\/menu\/okniz\/fzo\/platobnevymery2024.pdf\"> 2024<\/a><\/li>\n<li>rok <a href=\"https:\/\/www.krajskakniznicazilina.sk\/menu\/okniz\/fzo\/platobnevymery2023.pdf\">2023<\/a><\/li>\n<li>rok <a href=\"https:\/\/www.krajskakniznicazilina.sk\/menu\/okniz\/fzo\/platobnevymery2022.pdf\">2022<\/a><\/li>\n<li>rok <a href=\"https:\/\/www.krajskakniznicazilina.sk\/menu\/okniz\/fzo\/platobnevymery2021.pdf\">2021<\/a><\/li>\n<li>rok <a href=\"https:\/\/www.krajskakniznicazilina.sk\/menu\/okniz\/fzo\/platobnevymery2020.pdf\">2020<\/a><\/li>\n<li>rok <a href=\"https:\/\/www.krajskakniznicazilina.sk\/menu\/okniz\/fzo\/platobne_vymery.pdf\">2019<\/a><\/li>\n<\/ul>\n<h4><strong>Fakt\u00fary<\/strong><\/h4>\n<p><a class=\"widget\" href=\"https:\/\/zverejnovanie.zilinskazupa.sk\/00185752\/faktury\/\">Zoznam zverejnen\u00fdch fakt\u00far<\/a> od 1.1.2014<\/p>\n<ul>\n<li>rok <a href=\"https:\/\/zverejnovanie.zilinskazupa.sk\/00185752\/faktury\/?art_rok=2026\">2026<\/a><\/li>\n<li>rok <a href=\"https:\/\/zverejnovanie.zilinskazupa.sk\/00185752\/faktury\/?art_rok=2025\">2025<\/a><\/li>\n<li>rok <a href=\"https:\/\/zverejnovanie.zilinskazupa.sk\/00185752\/faktury\/?art_rok=2024\">2024<\/a><\/li>\n<li>rok <a href=\"https:\/\/zverejnovanie.zilinskazupa.sk\/00185752\/faktury\/?art_rok=2023\">2023<\/a><\/li>\n<li>rok <a href=\"https:\/\/zverejnovanie.zilinskazupa.sk\/00185752\/faktury\/?art_rok=2022\">2022<\/a><\/li>\n<li>rok <a href=\"https:\/\/zverejnovanie.zilinskazupa.sk\/00185752\/faktury\/?search=2021&amp;art_rok=2021&amp;hladat=H%C4%BEada%C5%A5\">2021<\/a><\/li>\n<li>rok <a href=\"https:\/\/zverejnovanie.zilinskazupa.sk\/00185752\/faktury\/?art_rok=2020\">2020<\/a><\/li>\n<li>rok <a href=\"https:\/\/zverejnovanie.zilinskazupa.sk\/00185752\/faktury\/?art_rok=2019\">2019<\/a><\/li>\n<li>rok <a href=\"https:\/\/zverejnovanie.zilinskazupa.sk\/00185752\/faktury\/?art_rok=2018\">2018<\/a><\/li>\n<li>rok\u00a0<a href=\"https:\/\/zverejnovanie.zilinskazupa.sk\/00185752\/faktury\/?art_rok=2017\">2017<\/a><\/li>\n<li>rok<a href=\"https:\/\/zverejnovanie.zilinskazupa.sk\/00185752\/faktury\/?art_rok=2016\"> 2016<\/a><\/li>\n<li>rok<a href=\"https:\/\/zverejnovanie.zilinskazupa.sk\/00185752\/faktury\/?art_rok=2015\"> 2015<\/a><\/li>\n<li>rok<a href=\"https:\/\/zverejnovanie.zilinskazupa.sk\/00185752\/faktury\/?art_rok=2014\"> 2014<\/a><\/li>\n<li>rok <a href=\"https:\/\/www.krajskakniznicazilina.sk\/menu\/okniz\/fzo\/f2013.pdf\">2013<\/a><\/li>\n<\/ul>\n<h4><strong>Zmluvy<\/strong><\/h4>\n<p><a class=\"widget\" href=\"https:\/\/zverejnovanie.zilinskazupa.sk\/00185752\/zmluvy\/\">Zoznam zverejnen\u00fdch zml\u00fav<\/a> od 1.1.2014<\/p>\n<ul>\n<li>rok <a href=\"https:\/\/zverejnovanie.zilinskazupa.sk\/00185752\/zmluvy\/?art_rok=2026\">2026<\/a><\/li>\n<li>rok <a href=\"https:\/\/zverejnovanie.zilinskazupa.sk\/00185752\/zmluvy\/?art_rok=2025\">2025<\/a>\n<ul>\n<li><a href=\"https:\/\/www.krajskakniznicazilina.sk\/menu\/okniz\/fzo\/Zmluva%20o%20poskytovani%20sluzieb_Mzdy_ver2_Krajska%20kniznica%20ZA.pdf\">Zmluva o poskytovan\u00ed slu\u017eieb v oblasti personalistiky a miezd ZS 30\/2025 <\/a><\/li>\n<li><a href=\"https:\/\/www.krajskakniznicazilina.sk\/menu\/okniz\/fzo\/GDPR%20Sprostredkovatelska%20zmluva_EES_ver2_Krajska%20kniznica%20ZA.pdf\">GDPR Sprostredkovate\u013esk\u00e1 zmluva <\/a><\/li>\n<\/ul>\n<\/li>\n<li>rok <a href=\"https:\/\/zverejnovanie.zilinskazupa.sk\/00185752\/zmluvy\/?art_rok=2024\">2024<\/a><\/li>\n<li>rok <a href=\"https:\/\/zverejnovanie.zilinskazupa.sk\/00185752\/zmluvy\/?art_rok=2023\">2023<\/a><\/li>\n<li>rok <a href=\"https:\/\/zverejnovanie.zilinskazupa.sk\/00185752\/zmluvy\/?art_rok=2022\">2022<\/a><\/li>\n<li>rok <a href=\"https:\/\/zverejnovanie.zilinskazupa.sk\/00185752\/zmluvy\/?search=2021&amp;art_rok=2021&amp;hladat=H%C4%BEada%C5%A5\">2021<\/a><\/li>\n<li>rok <a href=\"https:\/\/zverejnovanie.zilinskazupa.sk\/00185752\/zmluvy\/?art_rok=2020\">2020<\/a><\/li>\n<li>rok <a href=\"https:\/\/zverejnovanie.zilinskazupa.sk\/00185752\/zmluvy\/?art_rok=2019\">2019<\/a><\/li>\n<li>rok <a href=\"https:\/\/zverejnovanie.zilinskazupa.sk\/00185752\/zmluvy\/?art_rok=2018\">2018<\/a><\/li>\n<li>rok\u00a0<a href=\"https:\/\/zverejnovanie.zilinskazupa.sk\/00185752\/zmluvy\/?art_rok=2017\">2017<\/a><\/li>\n<li>rok<a href=\"https:\/\/zverejnovanie.zilinskazupa.sk\/00185752\/zmluvy\/?art_rok=2016\"> 2016<\/a><\/li>\n<li>rok<a href=\"https:\/\/zverejnovanie.zilinskazupa.sk\/00185752\/zmluvy\/?art_rok=2015\"> 2015<\/a><\/li>\n<li>rok<a href=\"https:\/\/zverejnovanie.zilinskazupa.sk\/00185752\/zmluvy\/?art_rok=2014\"> 2014<\/a><\/li>\n<li>rok <a href=\"https:\/\/www.krajskakniznicazilina.sk\/menu\/okniz\/fzo\/z2013.pdf\">2013<\/a>\n<ul>\n<li><a href=\"https:\/\/www.krajskakniznicazilina.sk\/index.php\/o-kniznici\/f-z-o\/zmluvy-2013\/\">pr\u00edkazn\u00e9 zmluvy, dohody<\/a><\/li>\n<\/ul>\n<\/li>\n<\/ul>\n<h4><strong>Cenn\u00edky<\/strong><\/h4>\n<p>rok 2026<\/p>\n<ul>\n<li><a href=\"https:\/\/www.krajskakniznicazilina.sk\/menu\/okniz\/fzo\/cenn%C3%ADk%20BOZP2026.pdf\">BEZPO<\/a><\/li>\n<li><a href=\"https:\/\/www.krajskakniznicazilina.sk\/menu\/okniz\/fzo\/Otis%20v%C3%BD%C5%A5ah%202026.pdf\">OTIS &#8211; v\u00fd\u0165ahy<\/a><\/li>\n<\/ul>\n<p>rok 2025<\/p>\n<ul>\n<li><a href=\"https:\/\/www.krajskakniznicazilina.sk\/menu\/okniz\/fzo\/cennikBEZPO2025.pdf\">BEZPO<\/a><\/li>\n<li><a href=\"https:\/\/www.krajskakniznicazilina.sk\/menu\/okniz\/fzo\/OTIS%20cenn%C3%ADk%20012025.pdf\">OTIS 01\/2025<\/a><\/li>\n<li><a href=\"https:\/\/www.krajskakniznicazilina.sk\/menu\/okniz\/fzo\/OTIS%20cenn%C3%ADk%20042025.pdf\">OTIS 04\/2025<\/a><\/li>\n<\/ul>\n<p>rok 2018\u00a0 &#8211; <a href=\"https:\/\/www.krajskakniznicazilina.sk\/menu\/okniz\/fzo\/cennikBEZPO.pdf\">BEZPO <\/a><\/p>\n<h4><strong>Objedn\u00e1vky<\/strong><\/h4>\n<p><a class=\"widget\" href=\"https:\/\/zverejnovanie.zilinskazupa.sk\/00185752\/objednavky\/\">Zoznam zverejnen\u00fdch objedn\u00e1vok<\/a> od 1.1.2014<\/p>\n<ul>\n<li>rok <a href=\"https:\/\/zverejnovanie.zilinskazupa.sk\/00185752\/objednavky\/?art_rok=2026\">2026<\/a><\/li>\n<li>rok <a href=\"https:\/\/zverejnovanie.zilinskazupa.sk\/00185752\/objednavky\/?art_rok=2025\">2025<\/a><\/li>\n<li>rok <a href=\"https:\/\/zverejnovanie.zilinskazupa.sk\/00185752\/objednavky\/?art_rok=2024\">2024<\/a>\n<ul>\n<li><a href=\"https:\/\/www.krajskakniznicazilina.sk\/menu\/okniz\/fzo\/obj_dob2024.pdf\">objedn\u00e1vky<\/a><\/li>\n<\/ul>\n<\/li>\n<li>rok <a href=\"https:\/\/zverejnovanie.zilinskazupa.sk\/00185752\/objednavky\/?art_rok=2023\">2023<\/a>\n<ul>\n<li><a href=\"https:\/\/www.krajskakniznicazilina.sk\/menu\/okniz\/fzo\/obj_dob2023.pdf\">objedn\u00e1vky<\/a><\/li>\n<\/ul>\n<\/li>\n<li>rok <a href=\"https:\/\/zverejnovanie.zilinskazupa.sk\/00185752\/objednavky\/?art_rok=2022\">2022<\/a>\n<ul>\n<li><a href=\"https:\/\/www.krajskakniznicazilina.sk\/menu\/okniz\/fzo\/obj_dob2022.pdf\">objedn\u00e1vky<\/a><\/li>\n<\/ul>\n<\/li>\n<li>rok <a href=\"https:\/\/zverejnovanie.zilinskazupa.sk\/00185752\/objednavky\/?art_rok=2021\">2021\u00a0<\/a>\n<ul>\n<li><a href=\"https:\/\/www.krajskakniznicazilina.sk\/menu\/okniz\/fzo\/obj_dob2021.pdf\">objedn\u00e1vky<\/a><\/li>\n<\/ul>\n<\/li>\n<li>rok <a href=\"https:\/\/zverejnovanie.zilinskazupa.sk\/00185752\/objednavky\/?art_rok=2020\">2020<\/a>\n<ul>\n<li><a href=\"https:\/\/www.krajskakniznicazilina.sk\/menu\/okniz\/fzo\/obj_dob2020.pdf\">objedn\u00e1vky na dobierku<\/a><\/li>\n<\/ul>\n<\/li>\n<li>rok <a href=\"https:\/\/zverejnovanie.zilinskazupa.sk\/00185752\/objednavky\/?art_rok=2019\">2019 <\/a>\n<ul>\n<li><a href=\"https:\/\/www.krajskakniznicazilina.sk\/menu\/okniz\/fzo\/obj_dob2019.pdf\">objedn\u00e1vky na dobierku<\/a><\/li>\n<\/ul>\n<\/li>\n<li>rok <a href=\"https:\/\/zverejnovanie.zilinskazupa.sk\/00185752\/objednavky\/?art_rok=2018\">2018<\/a><\/li>\n<li>rok<a href=\"https:\/\/zverejnovanie.zilinskazupa.sk\/00185752\/objednavky\/?art_rok=2017\"> 2017<\/a><\/li>\n<li>rok <a href=\"https:\/\/zverejnovanie.zilinskazupa.sk\/00185752\/objednavky\/?art_rok=2016\">2016<\/a><\/li>\n<li>rok <a href=\"https:\/\/zverejnovanie.zilinskazupa.sk\/00185752\/objednavky\/?art_rok=2015\">2015<\/a><\/li>\n<li>rok <a href=\"https:\/\/zverejnovanie.zilinskazupa.sk\/00185752\/objednavky\/?art_rok=2014\">2014<\/a><\/li>\n<li>rok <a href=\"https:\/\/www.krajskakniznicazilina.sk\/menu\/okniz\/fzo\/o2013.pdf\">2013<\/a><\/li>\n<\/ul>\n<h4><strong>Objedn\u00e1vky kn\u00edh<\/strong><\/h4>\n<ul>\n<li>rok <a href=\"https:\/\/www.krajskakniznicazilina.sk\/menu\/okniz\/fzo\/ok2026.pdf\">2026<\/a><\/li>\n<li>rok <a href=\"https:\/\/www.krajskakniznicazilina.sk\/menu\/okniz\/fzo\/ok2025.pdf\">2025<\/a><\/li>\n<li>rok <a href=\"https:\/\/www.krajskakniznicazilina.sk\/menu\/okniz\/fzo\/ok2024.pdf\">2024<\/a><\/li>\n<li>rok <a href=\"https:\/\/www.krajskakniznicazilina.sk\/menu\/okniz\/fzo\/ok2023.pdf\">2023<\/a><\/li>\n<li>rok <a href=\"https:\/\/www.krajskakniznicazilina.sk\/menu\/okniz\/fzo\/ok2022.pdf\">2022<\/a><\/li>\n<li>rok <a href=\"https:\/\/www.krajskakniznicazilina.sk\/menu\/okniz\/fzo\/ok2021.pdf\">2021<\/a><\/li>\n<li>rok <a href=\"https:\/\/www.krajskakniznicazilina.sk\/menu\/okniz\/fzo\/ok2020.pdf\">2020<\/a><\/li>\n<li>rok <a href=\"https:\/\/www.krajskakniznicazilina.sk\/menu\/okniz\/fzo\/ok2019.pdf\">2019<\/a><\/li>\n<li>rok <a href=\"https:\/\/www.krajskakniznicazilina.sk\/menu\/okniz\/fzo\/ok2018.pdf\">2018<\/a><\/li>\n<li>rok <a href=\"https:\/\/www.krajskakniznicazilina.sk\/menu\/okniz\/fzo\/ok2017.pdf\">2017<\/a><\/li>\n<li>rok <a href=\"https:\/\/www.krajskakniznicazilina.sk\/menu\/okniz\/fzo\/ok2016.pdf\">2016<\/a><\/li>\n<li>rok <a href=\"https:\/\/www.krajskakniznicazilina.sk\/menu\/okniz\/fzo\/ok2015.pdf\">2015<\/a><\/li>\n<li>rok <a href=\"https:\/\/www.krajskakniznicazilina.sk\/menu\/okniz\/fzo\/ok2014.pdf\">2014<\/a><\/li>\n<li>rok <a href=\"https:\/\/www.krajskakniznicazilina.sk\/menu\/okniz\/fzo\/ok2013.pdf\">2013<\/a><\/li>\n<\/ul>\n","protected":false},"excerpt":{"rendered":"<p>Zverej\u0148ovanie zml\u00fav, objedn\u00e1vok a fakt\u00far Z\u00e1lohov\u00e9 fakt\u00fary a in\u00e9 Z\u00e1lohov\u00e9 fakt\u00fary rok 2024 rok 2023 rok 2022 rok 2021 rok 2020 rok\u00a02019 Platobn\u00e9\u00a0v\u00fdmery rok 2024 rok 2023 rok 2022 rok 2021 rok 2020 rok 2019 Fakt\u00fary Zoznam zverejnen\u00fdch fakt\u00far od 1.1.2014 rok 2026 rok 2025 rok 2024 rok 2023 rok 2022 rok 2021 rok 2020 &#8230; <a title=\"Fakt\u00fary, zmluvy, objedn\u00e1vky\" class=\"read-more\" href=\"https:\/\/www.krajskakniznicazilina.sk\/index.php\/o-kniznici\/f-z-o\/\" aria-label=\"Pre\u010d\u00edtajte si viac o Fakt\u00fary, zmluvy, objedn\u00e1vky\">\u010c\u00edta\u0165 viac<\/a><\/p>\n","protected":false},"author":1,"featured_media":0,"parent":7,"menu_order":0,"comment_status":"closed","ping_status":"closed","template":"","meta":{"footnotes":""},"class_list":["post-435","page","type-page","status-publish"],"_links":{"self":[{"href":"https:\/\/www.krajskakniznicazilina.sk\/index.php\/wp-json\/wp\/v2\/pages\/435","targetHints":{"allow":["GET"]}}],"collection":[{"href":"https:\/\/www.krajskakniznicazilina.sk\/index.php\/wp-json\/wp\/v2\/pages"}],"about":[{"href":"https:\/\/www.krajskakniznicazilina.sk\/index.php\/wp-json\/wp\/v2\/types\/page"}],"author":[{"embeddable":true,"href":"https:\/\/www.krajskakniznicazilina.sk\/index.php\/wp-json\/wp\/v2\/users\/1"}],"replies":[{"embeddable":true,"href":"https:\/\/www.krajskakniznicazilina.sk\/index.php\/wp-json\/wp\/v2\/comments?post=435"}],"version-history":[{"count":98,"href":"https:\/\/www.krajskakniznicazilina.sk\/index.php\/wp-json\/wp\/v2\/pages\/435\/revisions"}],"predecessor-version":[{"id":17158,"href":"https:\/\/www.krajskakniznicazilina.sk\/index.php\/wp-json\/wp\/v2\/pages\/435\/revisions\/17158"}],"up":[{"embeddable":true,"href":"https:\/\/www.krajskakniznicazilina.sk\/index.php\/wp-json\/wp\/v2\/pages\/7"}],"wp:attachment":[{"href":"https:\/\/www.krajskakniznicazilina.sk\/index.php\/wp-json\/wp\/v2\/media?parent=435"}],"curies":[{"name":"wp","href":"https:\/\/api.w.org\/{rel}","templated":true}]}}