{"id":51,"date":"2017-08-17T12:20:16","date_gmt":"2017-08-17T10:20:16","guid":{"rendered":"http:\/\/www.krajskakniznicazilina.sk\/novastranka\/?page_id=51"},"modified":"2023-08-02T14:03:23","modified_gmt":"2023-08-02T12:03:23","slug":"pre-kniznice","status":"publish","type":"page","link":"https:\/\/www.krajskakniznicazilina.sk\/index.php\/pre-kniznice\/","title":{"rendered":"Pre kni\u017enice"},"content":{"rendered":"<ul>\n<li style=\"text-align: justify;\"><a href=\"https:\/\/www.krajskakniznicazilina.sk\/menu\/prekniz\/vzor_statut.pdf\">vzorov\u00fd \u0161tat\u00fat<\/a><\/li>\n<li style=\"text-align: justify;\"><a href=\"https:\/\/www.krajskakniznicazilina.sk\/menu\/prekniz\/vzor_kp.pdf\">vzorov\u00fd kni\u017eni\u010dn\u00fd poriadok<\/a><\/li>\n<li style=\"text-align: justify;\">kni\u017eni\u010dno-informa\u010dn\u00e9 syst\u00e9my pre mal\u00e9 a stredn\u00e9 kni\u017enice\n<ul>\n<li><a href=\"https:\/\/www.snk.sk\/sk\/informacie-pre\/kniznice-a-knihovnikov\/narodne-projekty\/kis-mask.html\">KIS MASK<\/a><\/li>\n<li><a href=\"http:\/\/www.clavius.sk\/\">Clavius<\/a><\/li>\n<\/ul>\n<\/li>\n<li style=\"text-align: justify;\"><a href=\"https:\/\/www.krajskakniznicazilina.sk\/menu\/prekniz\/doh_vyme.pdf\">dohoda o v\u00fdmennom fonde kn\u00edh<\/a><\/li>\n<li style=\"text-align: justify;\"><a href=\"https:\/\/www.krajskakniznicazilina.sk\/menu\/prekniz\/prir_knih.pdf\">pr\u00edru\u010dka knihovn\u00edka malej kni\u017enice<\/a><\/li>\n<\/ul>\n<p style=\"text-align: justify;\">Pr\u00edklad dobrej praxe <a href=\"https:\/\/www.krajskakniznicazilina.sk\/menu\/prekniz\/premKNIhp.pdf\"><strong>Premena kni\u017en\u00edc na Hornom Pova\u017e\u00ed<\/strong><\/a><\/p>\n<hr \/>\n<p class=\"entry-title\"><a href=\"https:\/\/www.krajskakniznicazilina.sk\/index.php\/pre-kniznice\/verejne-kniznice-regionu\/\"><strong>Verejn\u00e9 kni\u017enice regi\u00f3nu<\/strong><\/a><\/p>\n<p class=\"entry-title\"><a href=\"https:\/\/www.krajskakniznicazilina.sk\/index.php\/pre-kniznice\/legislativa\/\"><strong>Legislat\u00edva<\/strong><\/a><\/p>\n<p class=\"entry-title\"><a href=\"https:\/\/www.krajskakniznicazilina.sk\/index.php\/pre-kniznice\/informacie-pre-skolske-kniznice\/\"><strong>Inform\u00e1cie pre \u0161kolsk\u00e9 kni\u017enice<\/strong><\/a><\/p>\n<p class=\"entry-title\"><a href=\"https:\/\/www.krajskakniznicazilina.sk\/index.php\/pre-kniznice\/online-informacie-pre-knihovnikov\/\"><strong>Inform\u00e1cie pre knihovn\u00edkov a metodikov<\/strong><\/a><\/p>\n<hr \/>\n<h4 style=\"text-align: justify;\"><strong>Vyra\u010fovanie z fondu Krajskej kni\u017enice v \u017diline<\/strong><\/h4>\n<p style=\"text-align: justify;\">Kni\u017enice si m\u00f4\u017eu vy\u017eiada\u0165 knihy zo zoznamov dva t\u00fd\u017edne od vystavenia zoznamu. V\u00a0pr\u00edpade z\u00e1ujmu o\u00a0pon\u00fakan\u00e9 knihy, kontaktujte <a href=\"mailto:mjartanova@krajskakniznicazilina.sk\">mjartanova@krajskakniznicazilina.sk<\/a><\/p>\n<ul style=\"text-align: justify;\">\n<li><a href=\"https:\/\/www.krajskakniznicazilina.sk\/menu\/prekniz\/zoznam%20vyradenych%20knih2022b.pdf\">Zoznam vyraden\u00fdch kn\u00edh 2022 &#8211; jese\u0148\/zima<\/a> (1.11.2022)<\/li>\n<li><a href=\"https:\/\/www.krajskakniznicazilina.sk\/menu\/prekniz\/zoznam%20vyradenych%20knih2022a.pdf\">Zoznam vyraden\u00fdch kn\u00edh 2022 &#8211; jar\/leto<\/a> (30.6.2022)<\/li>\n<\/ul>\n<p style=\"text-align: justify;\">\n","protected":false},"excerpt":{"rendered":"<p>vzorov\u00fd \u0161tat\u00fat vzorov\u00fd kni\u017eni\u010dn\u00fd poriadok kni\u017eni\u010dno-informa\u010dn\u00e9 syst\u00e9my pre mal\u00e9 a stredn\u00e9 kni\u017enice KIS MASK Clavius dohoda o v\u00fdmennom fonde kn\u00edh pr\u00edru\u010dka knihovn\u00edka malej kni\u017enice Pr\u00edklad dobrej praxe Premena kni\u017en\u00edc na Hornom Pova\u017e\u00ed Verejn\u00e9 kni\u017enice regi\u00f3nu Legislat\u00edva Inform\u00e1cie pre \u0161kolsk\u00e9 kni\u017enice Inform\u00e1cie pre knihovn\u00edkov a metodikov Vyra\u010fovanie z fondu Krajskej kni\u017enice v \u017diline Kni\u017enice si m\u00f4\u017eu &#8230; <a title=\"Pre kni\u017enice\" class=\"read-more\" href=\"https:\/\/www.krajskakniznicazilina.sk\/index.php\/pre-kniznice\/\" aria-label=\"Pre\u010d\u00edtajte si viac o Pre kni\u017enice\">\u010c\u00edta\u0165 viac<\/a><\/p>\n","protected":false},"author":1,"featured_media":0,"parent":0,"menu_order":0,"comment_status":"closed","ping_status":"closed","template":"","meta":{"footnotes":""},"class_list":["post-51","page","type-page","status-publish"],"_links":{"self":[{"href":"https:\/\/www.krajskakniznicazilina.sk\/index.php\/wp-json\/wp\/v2\/pages\/51","targetHints":{"allow":["GET"]}}],"collection":[{"href":"https:\/\/www.krajskakniznicazilina.sk\/index.php\/wp-json\/wp\/v2\/pages"}],"about":[{"href":"https:\/\/www.krajskakniznicazilina.sk\/index.php\/wp-json\/wp\/v2\/types\/page"}],"author":[{"embeddable":true,"href":"https:\/\/www.krajskakniznicazilina.sk\/index.php\/wp-json\/wp\/v2\/users\/1"}],"replies":[{"embeddable":true,"href":"https:\/\/www.krajskakniznicazilina.sk\/index.php\/wp-json\/wp\/v2\/comments?post=51"}],"version-history":[{"count":28,"href":"https:\/\/www.krajskakniznicazilina.sk\/index.php\/wp-json\/wp\/v2\/pages\/51\/revisions"}],"predecessor-version":[{"id":11612,"href":"https:\/\/www.krajskakniznicazilina.sk\/index.php\/wp-json\/wp\/v2\/pages\/51\/revisions\/11612"}],"wp:attachment":[{"href":"https:\/\/www.krajskakniznicazilina.sk\/index.php\/wp-json\/wp\/v2\/media?parent=51"}],"curies":[{"name":"wp","href":"https:\/\/api.w.org\/{rel}","templated":true}]}}