{"id":54,"date":"2017-08-24T12:20:16","date_gmt":"2017-08-24T10:20:16","guid":{"rendered":"http:\/\/www.krajskakniznicazilina.sk\/novastranka\/?page_id=54"},"modified":"2025-01-20T06:59:50","modified_gmt":"2025-01-20T05:59:50","slug":"kontakt","status":"publish","type":"page","link":"https:\/\/www.krajskakniznicazilina.sk\/index.php\/kontakt\/","title":{"rendered":"Kontakt"},"content":{"rendered":"<h3 style=\"text-align: justify;\">Krajsk\u00e1 kni\u017enica v<span style=\"line-height: inherit;\">\u00a0\u017diline\u00a0<\/span><img decoding=\"async\" class=\"alignright\" src=\"https:\/\/www.krajskakniznicazilina.sk\/menu\/okniz\/KKZA.jpg\" alt=\"Centr\u00e1lna budova kni\u017enice\" width=\"33%\" height=\"33%\" \/><br \/>\nUl. A. Bernol\u00e1ka 47<br \/>\n011 77 \u017dilina\u00a0\u00a0 [<a href=\"https:\/\/www.google.com\/maps\/place\/Krajsk%C3%A1+kni%C5%BEnica+v+%C5%BDiline\/@49.2146742,18.7401093,17.5z\/data=!4m5!3m4!1s0x47145eb1dc111083:0xf9dc5ea14a1e2c4f!8m2!3d49.2147748!4d18.7415637?hl=sk\">mapa<\/a><span style=\"line-height: inherit;\">]<\/span><\/h3>\n<p style=\"text-align: justify;\">I\u010cO: 00185752\u00a0 \u00a0DI\u010c: 2020671719<\/p>\n<h3 style=\"text-align: justify;\"><strong>E-mail:<\/strong>\u00a0<strong><a href=\"mailto:kniznica@krajskakniznicazilina.sk\">kniznica@krajskakniznicazilina.sk<\/a><\/strong><\/h3>\n<h3><strong>Objedn\u00e1vanie podujat\u00ed: <a href=\"mailto:podujatia@krajskakniznicazilina.sk\">podujatia@krajskakniznicazilina.sk<\/a><\/strong><\/h3>\n<h3 style=\"text-align: justify;\"><strong>V\u00fdpo\u017ei\u010dn\u00fd pult <\/strong>(predl\u017eovanie v\u00fdpo\u017ei\u010diek): <strong>041\/ 723 30 90<\/strong><\/h3>\n<h3 style=\"text-align: justify;\">\u00dasek odbornej literat\u00fary: 041\/ 764 56 22<\/h3>\n<p>Odborn\u00e9 oddelenia: 041\/ 723 27 45\u00a0 \u00a0 \u00a0 \u00a0 \u00a0 \u00a0 \u00a0 \u00a0 \u00a0 \u00a0 \u00a0 \u00a0 \u00a0 \u00a0 \u00a0 \u00a0 Fax: 041\/ 723 27 65<\/p>\n<p><strong>Mgr. Katar\u00edna \u0160u\u0161oliakov\u00e1 &#8211; riadite\u013eka<\/strong>:\u00a0041\/ 723 27 65;\u00a0<a href=\"mailto:susoliakova@krajskakniznicazilina.sk\">susoliakova@krajskakniznicazilina.sk<\/a><\/p>\n<p>\u00da\u010det kni\u017enice v \u0160t\u00e1tnej pokladnici: <strong>IBAN SK20 8180 0000 0070 0048 1379<\/strong><\/p>\n<hr \/>\n<h4><strong>Nap\u00ed\u0161te n\u00e1m<\/strong><\/h4>\n<div class=\"wpforms-container wpforms-container-full\" id=\"wpforms-1614\"><form id=\"wpforms-form-1614\" class=\"wpforms-validate wpforms-form\" data-formid=\"1614\" method=\"post\" enctype=\"multipart\/form-data\" action=\"\/index.php\/wp-json\/wp\/v2\/pages\/54\" data-token=\"ed366a99ebf782cd8703186158324a30\" data-token-time=\"1778775116\"><noscript class=\"wpforms-error-noscript\">Please enable JavaScript in your browser to complete this form.<\/noscript><div class=\"wpforms-field-container\"><div id=\"wpforms-1614-field_0-container\" class=\"wpforms-field wpforms-field-name\" data-field-id=\"0\"><label class=\"wpforms-field-label\" for=\"wpforms-1614-field_0\">Meno <span class=\"wpforms-required-label\">*<\/span><\/label><input type=\"text\" id=\"wpforms-1614-field_0\" class=\"wpforms-field-large wpforms-field-required\" name=\"wpforms[fields][0]\" required><\/div><div id=\"wpforms-1614-field_5-container\" class=\"wpforms-field wpforms-field-radio\" data-field-id=\"5\"><label class=\"wpforms-field-label\">Pou\u017e\u00edvate\u013e<\/label><ul id=\"wpforms-1614-field_5\"><li class=\"choice-1 depth-1\"><input type=\"radio\" id=\"wpforms-1614-field_5_1\" name=\"wpforms[fields][5]\" value=\"\u010ditate\u013e\"  ><label class=\"wpforms-field-label-inline\" for=\"wpforms-1614-field_5_1\">\u010ditate\u013e<\/label><\/li><li class=\"choice-2 depth-1\"><input type=\"radio\" id=\"wpforms-1614-field_5_2\" name=\"wpforms[fields][5]\" value=\"kni\u017enica\"  ><label class=\"wpforms-field-label-inline\" for=\"wpforms-1614-field_5_2\">kni\u017enica<\/label><\/li><li class=\"choice-3 depth-1\"><input type=\"radio\" id=\"wpforms-1614-field_5_3\" name=\"wpforms[fields][5]\" value=\"in\u00e9\"  ><label class=\"wpforms-field-label-inline\" for=\"wpforms-1614-field_5_3\">in\u00e9<\/label><\/li><\/ul><\/div><div id=\"wpforms-1614-field_1-container\" class=\"wpforms-field wpforms-field-email\" data-field-id=\"1\"><label class=\"wpforms-field-label\" for=\"wpforms-1614-field_1\">Email <span class=\"wpforms-required-label\">*<\/span><\/label><input type=\"email\" id=\"wpforms-1614-field_1\" class=\"wpforms-field-large wpforms-field-required\" name=\"wpforms[fields][1]\" spellcheck=\"false\" required><\/div><div id=\"wpforms-1614-field_2-container\" class=\"wpforms-field wpforms-field-textarea\" data-field-id=\"2\"><label class=\"wpforms-field-label\" for=\"wpforms-1614-field_2\">Va\u0161a ot\u00e1zka \/ spr\u00e1va \/ podnet <span class=\"wpforms-required-label\">*<\/span><\/label><textarea id=\"wpforms-1614-field_2\" class=\"wpforms-field-medium wpforms-field-required\" name=\"wpforms[fields][2]\" required><\/textarea><\/div><\/div><!-- .wpforms-field-container --><div class=\"wpforms-field wpforms-field-hp\"><label for=\"wpforms-1614-field-hp\" class=\"wpforms-field-label\">Message<\/label><input type=\"text\" name=\"wpforms[hp]\" id=\"wpforms-1614-field-hp\" class=\"wpforms-field-medium\"><\/div><div class=\"wpforms-recaptcha-container wpforms-is-recaptcha wpforms-is-recaptcha-type-invisible\" ><div class=\"g-recaptcha\" data-sitekey=\"6LcR54kgAAAAAO_LAUgLA2MJiyDDsYkvqNYcWKyF\" data-size=\"invisible\"><\/div><\/div><div class=\"wpforms-submit-container\" ><input type=\"hidden\" name=\"wpforms[id]\" value=\"1614\"><input type=\"hidden\" name=\"page_title\" value=\"\"><input type=\"hidden\" name=\"page_url\" value=\"https:\/\/www.krajskakniznicazilina.sk\/index.php\/wp-json\/wp\/v2\/pages\/54\"><input type=\"hidden\" name=\"url_referer\" value=\"\"><button type=\"submit\" name=\"wpforms[submit]\" id=\"wpforms-submit-1614\" class=\"wpforms-submit\" data-alt-text=\"Odosielanie...\" data-submit-text=\"Odosla\u0165\" aria-live=\"assertive\" value=\"wpforms-submit\">Odosla\u0165<\/button><\/div><\/form><\/div>  <!-- .wpforms-container -->\n<hr \/>\n<p style=\"text-align: justify;\"><strong>Otv\u00e1racie hodiny po\u010das \u0161kolsk\u00e9ho roka<\/strong><\/p>\n\n<table id=\"tablepress-5\" class=\"tablepress tablepress-id-5\">\n<tbody class=\"row-striping row-hover\">\n<tr class=\"row-1\">\n\t<td class=\"column-1\">Pondelok<\/td><td class=\"column-2\">07:00 - 18:00<\/td>\n<\/tr>\n<tr class=\"row-2\">\n\t<td class=\"column-1\">Utorok<\/td><td class=\"column-2\">07:00 - 18:00<\/td>\n<\/tr>\n<tr class=\"row-3\">\n\t<td class=\"column-1\">Streda<\/td><td class=\"column-2\">12:00 - 19:00<\/td>\n<\/tr>\n<tr class=\"row-4\">\n\t<td class=\"column-1\">\u0160tvrtok<\/td><td class=\"column-2\">07:00 - 18:00<\/td>\n<\/tr>\n<tr class=\"row-5\">\n\t<td class=\"column-1\">Piatok<\/td><td class=\"column-2\">07:00 - 18:00<\/td>\n<\/tr>\n<tr class=\"row-6\">\n\t<td class=\"column-1\">Sobota<\/td><td class=\"column-2\">09:00 - 13:00<\/td>\n<\/tr>\n<\/tbody>\n<\/table>\n<!-- #tablepress-5 from cache -->\n<p style=\"text-align: justify;\"><strong>S\u00faradnice GPS<\/strong><br \/>\nLATITUDE &#8211; 49\u00b0 12&#8242; 53,143&#8243; N\u00a0 LONGITUDE &#8211; 18\u00b0 44&#8242; 29,592&#8243; E<br \/>\nLATITUDE1 &#8211; 49,2147618450177\u00a0 LONGITUDE1 &#8211; 18,741553299653<\/p>\n","protected":false},"excerpt":{"rendered":"<p>Krajsk\u00e1 kni\u017enica v\u00a0\u017diline\u00a0 Ul. A. Bernol\u00e1ka 47 011 77 \u017dilina\u00a0\u00a0 [mapa] I\u010cO: 00185752\u00a0 \u00a0DI\u010c: 2020671719 E-mail:\u00a0kniznica@krajskakniznicazilina.sk Objedn\u00e1vanie podujat\u00ed: podujatia@krajskakniznicazilina.sk V\u00fdpo\u017ei\u010dn\u00fd pult (predl\u017eovanie v\u00fdpo\u017ei\u010diek): 041\/ 723 30 90 \u00dasek odbornej literat\u00fary: 041\/ 764 56 22 Odborn\u00e9 oddelenia: 041\/ 723 27 45\u00a0 \u00a0 \u00a0 \u00a0 \u00a0 \u00a0 \u00a0 \u00a0 \u00a0 \u00a0 \u00a0 \u00a0 \u00a0 \u00a0 \u00a0 \u00a0 &#8230; <a title=\"Kontakt\" class=\"read-more\" href=\"https:\/\/www.krajskakniznicazilina.sk\/index.php\/kontakt\/\" aria-label=\"Pre\u010d\u00edtajte si viac o Kontakt\">\u010c\u00edta\u0165 viac<\/a><\/p>\n","protected":false},"author":1,"featured_media":0,"parent":0,"menu_order":0,"comment_status":"closed","ping_status":"closed","template":"","meta":{"footnotes":""},"class_list":["post-54","page","type-page","status-publish"],"_links":{"self":[{"href":"https:\/\/www.krajskakniznicazilina.sk\/index.php\/wp-json\/wp\/v2\/pages\/54","targetHints":{"allow":["GET"]}}],"collection":[{"href":"https:\/\/www.krajskakniznicazilina.sk\/index.php\/wp-json\/wp\/v2\/pages"}],"about":[{"href":"https:\/\/www.krajskakniznicazilina.sk\/index.php\/wp-json\/wp\/v2\/types\/page"}],"author":[{"embeddable":true,"href":"https:\/\/www.krajskakniznicazilina.sk\/index.php\/wp-json\/wp\/v2\/users\/1"}],"replies":[{"embeddable":true,"href":"https:\/\/www.krajskakniznicazilina.sk\/index.php\/wp-json\/wp\/v2\/comments?post=54"}],"version-history":[{"count":47,"href":"https:\/\/www.krajskakniznicazilina.sk\/index.php\/wp-json\/wp\/v2\/pages\/54\/revisions"}],"predecessor-version":[{"id":14339,"href":"https:\/\/www.krajskakniznicazilina.sk\/index.php\/wp-json\/wp\/v2\/pages\/54\/revisions\/14339"}],"wp:attachment":[{"href":"https:\/\/www.krajskakniznicazilina.sk\/index.php\/wp-json\/wp\/v2\/media?parent=54"}],"curies":[{"name":"wp","href":"https:\/\/api.w.org\/{rel}","templated":true}]}}