{"id":6879,"date":"2021-05-12T08:10:13","date_gmt":"2021-05-12T06:10:13","guid":{"rendered":"https:\/\/www.krajskakniznicazilina.sk\/?page_id=6879"},"modified":"2025-06-03T14:14:03","modified_gmt":"2025-06-03T12:14:03","slug":"informacie-pre-skolske-kniznice","status":"publish","type":"page","link":"https:\/\/www.krajskakniznicazilina.sk\/index.php\/pre-kniznice\/informacie-pre-skolske-kniznice\/","title":{"rendered":"Inform\u00e1cie pre \u0161kolsk\u00e9 kni\u017enice"},"content":{"rendered":"<h4 style=\"text-align: justify;\"><strong>D\u00f4le\u017eit\u00e9 inform\u00e1cie pre \u0161kolsk\u00e9 kni\u017enice v\u00a0regi\u00f3ne Horn\u00e9ho Pova\u017eia<\/strong><\/h4>\n<ul>\n<li style=\"text-align: justify;\"><a href=\"https:\/\/nivam.sk\/adresar-skolskych-kniznic\/\">Adres\u00e1r \u0161kolsk\u00fdch kni\u017en\u00edc v SR<\/a><\/li>\n<li style=\"text-align: justify;\"><a href=\"https:\/\/nivam.sk\/kniznica\/skolske-kniznice\/prirucka-pre-skolskeho-knihovnika\/\">Pr\u00edru\u010dka pre \u0161kolsk\u00e9ho knihovn\u00edka<\/a><\/li>\n<li style=\"text-align: justify;\"><a href=\"https:\/\/www.culture.gov.sk\/zlucovanie-skolskych-a-obecnych-kniznic\/\">Metodick\u00fd pokyn k zlu\u010dovaniu \u0161kolsk\u00fdch a obecn\u00fdch kni\u017en\u00edc<\/a><\/li>\n<\/ul>\n<p style=\"text-align: justify;\">Metodiku \u0161kolsk\u00fdch kni\u017en\u00edc zastre\u0161uje N\u00e1rodn\u00fd in\u0161tit\u00fat vzdel\u00e1vania a\u00a0ml\u00e1de\u017ee (<a href=\"https:\/\/nivam.sk\/\">NIVAN<\/a>), oddelenie kni\u017eni\u010dno-informa\u010dn\u00fdch slu\u017eieb (<a href=\"https:\/\/nivam.sk\/kniznica\/\">OKIS<\/a>), ktor\u00e9 je \u0161peci\u00e1lnou kni\u017enicou so zameran\u00edm na oblas\u0165 v\u00fdchovy, vzdel\u00e1vania, \u0161kolstva a pr\u00edbuzn\u00fdch vedn\u00fdch odborov.\u00a0Je z\u00e1rove\u0148 koordina\u010dn\u00fdm, v\u00fdskumn\u00fdm, metodick\u00fdm, vzdel\u00e1vac\u00edm a poradensk\u00fdm pracoviskom kni\u017eni\u010dn\u00e9ho syst\u00e9mu \u0161kolstva, ako aj <strong>metodick\u00fdm centrom pre \u0161kolsk\u00e9 a akademick\u00e9 kni\u017enice<\/strong>.<\/p>\n<p style=\"text-align: justify;\">Na str\u00e1nke <a href=\"https:\/\/nivam.sk\/kniznica\/skolske-kniznice\/\">https:\/\/nivam.sk\/kniznica\/skolske-kniznice\/<\/a> s\u00fa k dispoz\u00edcii z\u00e1kladn\u00e9 <strong>legislat\u00edvne a\u00a0metodick\u00e9 usmernenia pre pr\u00e1cu \u0161kolsk\u00fdch kni\u017en\u00edc, adres\u00e1r \u0161kolsk\u00fdch kni\u017en\u00edc a\u00a0ich \u0161tatistika, vzdel\u00e1vacie podujatia zameran\u00e9 na rozvoj informa\u010dnej a\u00a0\u010ditate\u013eskej gramotnosti, pr\u00edklady dobrej praxe z prostredia \u0161kolsk\u00fdch, ale aj verejn\u00fdch kni\u017en\u00edc, scen\u00e1re informa\u010dn\u00fdch pr\u00edprav a\u00a0\u010fal\u0161ie in\u0161pirat\u00edvne t\u00e9my podporuj\u00face odborn\u00fd rast knihovn\u00edkov.<\/strong><\/p>\n<p style=\"text-align: justify;\">V\u00a0s\u00falade s \u00a7 9 ods. 5 p\u00edsm. f) z\u00e1kona \u010d. 126\/2015 Z. z. o\u00a0kni\u017eniciach a\u00a0o\u00a0zmene a\u00a0doplnen\u00ed z\u00e1kona \u010d. 206\/2009 Z. z. o\u00a0m\u00faze\u00e1ch a\u00a0o\u00a0gal\u00e9ri\u00e1ch a\u00a0o\u00a0ochrane predmetov kult\u00farnej hodnoty a\u00a0o\u00a0zmene z\u00e1kona Slovenskej n\u00e1rodnej rady \u010d.\u00a0372\/1990 Zb. o\u00a0priestupkoch v\u00a0znen\u00ed neskor\u0161\u00edch predpisov v\u00a0znen\u00ed z\u00e1kona \u010d. 38\/2014\u00a0Z. z. m\u00f4\u017eu \u0161kolsk\u00e9 kni\u017enice\u00a0<strong>po\u017eiada\u0165 o\u00a0metodick\u00fa pomoc a\u00a0poradensk\u00e9 slu\u017eby pr\u00edslu\u0161n\u00fa region\u00e1lnu kni\u017enicu<\/strong>, ktor\u00e1 p\u00f4sob\u00ed na ich \u00fazem\u00ed.<\/p>\n<p style=\"text-align: justify;\">Kontakt na metodi\u010dku Krajskej kni\u017enice v \u017diline: <strong>Mgr. Bo\u017eena Sobolov\u00e1<\/strong>, 041\/7232745,\u00a0<a href=\"mailto:sobolova@krajskakniznicazilina.sk\">sobolova@krajskakniznicazilina.sk<\/a><\/p>\n","protected":false},"excerpt":{"rendered":"<p>D\u00f4le\u017eit\u00e9 inform\u00e1cie pre \u0161kolsk\u00e9 kni\u017enice v\u00a0regi\u00f3ne Horn\u00e9ho Pova\u017eia Adres\u00e1r \u0161kolsk\u00fdch kni\u017en\u00edc v SR Pr\u00edru\u010dka pre \u0161kolsk\u00e9ho knihovn\u00edka Metodick\u00fd pokyn k zlu\u010dovaniu \u0161kolsk\u00fdch a obecn\u00fdch kni\u017en\u00edc Metodiku \u0161kolsk\u00fdch kni\u017en\u00edc zastre\u0161uje N\u00e1rodn\u00fd in\u0161tit\u00fat vzdel\u00e1vania a\u00a0ml\u00e1de\u017ee (NIVAN), oddelenie kni\u017eni\u010dno-informa\u010dn\u00fdch slu\u017eieb (OKIS), ktor\u00e9 je \u0161peci\u00e1lnou kni\u017enicou so zameran\u00edm na oblas\u0165 v\u00fdchovy, vzdel\u00e1vania, \u0161kolstva a pr\u00edbuzn\u00fdch vedn\u00fdch odborov.\u00a0Je z\u00e1rove\u0148 koordina\u010dn\u00fdm, &#8230; <a title=\"Inform\u00e1cie pre \u0161kolsk\u00e9 kni\u017enice\" class=\"read-more\" href=\"https:\/\/www.krajskakniznicazilina.sk\/index.php\/pre-kniznice\/informacie-pre-skolske-kniznice\/\" aria-label=\"Pre\u010d\u00edtajte si viac o Inform\u00e1cie pre \u0161kolsk\u00e9 kni\u017enice\">\u010c\u00edta\u0165 viac<\/a><\/p>\n","protected":false},"author":1,"featured_media":0,"parent":51,"menu_order":0,"comment_status":"closed","ping_status":"closed","template":"","meta":{"footnotes":""},"class_list":["post-6879","page","type-page","status-publish"],"_links":{"self":[{"href":"https:\/\/www.krajskakniznicazilina.sk\/index.php\/wp-json\/wp\/v2\/pages\/6879","targetHints":{"allow":["GET"]}}],"collection":[{"href":"https:\/\/www.krajskakniznicazilina.sk\/index.php\/wp-json\/wp\/v2\/pages"}],"about":[{"href":"https:\/\/www.krajskakniznicazilina.sk\/index.php\/wp-json\/wp\/v2\/types\/page"}],"author":[{"embeddable":true,"href":"https:\/\/www.krajskakniznicazilina.sk\/index.php\/wp-json\/wp\/v2\/users\/1"}],"replies":[{"embeddable":true,"href":"https:\/\/www.krajskakniznicazilina.sk\/index.php\/wp-json\/wp\/v2\/comments?post=6879"}],"version-history":[{"count":13,"href":"https:\/\/www.krajskakniznicazilina.sk\/index.php\/wp-json\/wp\/v2\/pages\/6879\/revisions"}],"predecessor-version":[{"id":15263,"href":"https:\/\/www.krajskakniznicazilina.sk\/index.php\/wp-json\/wp\/v2\/pages\/6879\/revisions\/15263"}],"up":[{"embeddable":true,"href":"https:\/\/www.krajskakniznicazilina.sk\/index.php\/wp-json\/wp\/v2\/pages\/51"}],"wp:attachment":[{"href":"https:\/\/www.krajskakniznicazilina.sk\/index.php\/wp-json\/wp\/v2\/media?parent=6879"}],"curies":[{"name":"wp","href":"https:\/\/api.w.org\/{rel}","templated":true}]}}