{"id":70,"date":"2017-08-17T12:25:33","date_gmt":"2017-08-17T10:25:33","guid":{"rendered":"http:\/\/www.krajskakniznicazilina.sk\/novastranka\/?page_id=70"},"modified":"2024-07-25T09:36:59","modified_gmt":"2024-07-25T07:36:59","slug":"obstaravanie","status":"publish","type":"page","link":"https:\/\/www.krajskakniznicazilina.sk\/index.php\/o-kniznici\/obstaravanie\/","title":{"rendered":"Obstar\u00e1vanie"},"content":{"rendered":"<h4><a href=\"https:\/\/www.krajskakniznicazilina.sk\/index.php\/2024\/06\/24\/zamer-a-podmienky-priameho-najmu-majetku-zsk-c-1-kkza-2024\/\"><strong><u>Z\u00c1MER A PODMIENKY priameho n\u00e1jmu majetku \u017dilinsk\u00e9ho samospr\u00e1vneho kraja <\/u><\/strong><strong><u>\u010d. 1\/KKZA\/2024, ktor\u00fd je v spr\u00e1ve Krajskej kni\u017enice v \u017diline <\/u><\/strong><\/a><\/h4>\n<h4><strong>Podlimitn\u00e9 z\u00e1kazky<\/strong> &#8211; z\u00e1kazky od 1000 \u20ac<\/h4>\n<ul>\n<li>rok 2024<br \/>\n1.polrok- <a href=\"https:\/\/www.krajskakniznicazilina.sk\/menu\/okniz\/obs\/ss-zsh-1polrok2024.pdf\">S\u00fahrnn\u00e1 spr\u00e1va o z\u00e1kazk\u00e1ch s n\u00edzkymi hodnotami za 1. polrok 2024<\/a><\/li>\n<li>rok 2023<br \/>\n1.\u0161tvr\u0165rok\u00a0 &#8211; <a href=\"https:\/\/www.krajskakniznicazilina.sk\/menu\/okniz\/obs\/ss-zml-10-11-1q2023.pdf\">S\u00fahrnn\u00e1 spr\u00e1va o zmluv\u00e1ch pod\u013ea\u00a710 ods.10 a 11 1.Q 2023<\/a><br \/>\n2. \u0161tvr\u0165rok &#8211; <a href=\"https:\/\/www.krajskakniznicazilina.sk\/menu\/okniz\/obs\/ss-zml-10-11-2q2023.pdf\">S\u00fahrnn\u00e1 spr\u00e1va o zmluv\u00e1ch pod\u013ea\u00a710 ods.10 a 11 2.Q 2023<\/a><br \/>\n2. polrok &#8211; <a href=\"https:\/\/www.krajskakniznicazilina.sk\/menu\/okniz\/obs\/ss-zsh-2polrok2023.pdf\">S\u00fahrnn\u00e1 spr\u00e1va o z\u00e1kazk\u00e1ch s n\u00edzkymi hodnotami za 2. polrok 2023<\/a><\/li>\n<li>rok 2022\n<ul>\n<li>1.\u0161tvr\u0165rok &#8211; <a href=\"https:\/\/www.krajskakniznicazilina.sk\/menu\/okniz\/obs\/ss-znh-10-11-1q2022.pdf\">S\u00fahrnn\u00e1 spr\u00e1va &#8211; z\u00e1kazky s n\u00edzkou hodnotou 1.Q 2022<\/a><\/li>\n<li>1. \u0161tvr\u0165rok &#8211; <a href=\"https:\/\/www.krajskakniznicazilina.sk\/menu\/okniz\/obs\/ss-zml-10-11-1q2022.pdf\">S\u00fahrnn\u00e1 spr\u00e1va o zmluv\u00e1ch pod\u013ea\u00a710 ods.10 a 11 1.Q 2022<\/a><\/li>\n<li>2.\u0161tvr\u0165rok &#8211; <a href=\"https:\/\/www.krajskakniznicazilina.sk\/menu\/okniz\/obs\/ss-zml-10-11-2q2022.pdf\">S\u00fahrnn\u00e1 spr\u00e1va o zmluv\u00e1ch pod\u013ea \u00a710 ods.10 a 11 2Q 2022<\/a><\/li>\n<li>3.\u0161tvr\u0165rok &#8211; <a href=\"https:\/\/www.krajskakniznicazilina.sk\/menu\/okniz\/obs\/ss-zml-10-11-3q2022.pdf\">S\u00fahrnn\u00e1 spr\u00e1va o zmluv\u00e1ch pod\u013ea \u00a7 10 ods.10 a 11 3.Q 2022<\/a><\/li>\n<li>4.\u0161tvr\u0165rok &#8211; <a href=\"https:\/\/www.krajskakniznicazilina.sk\/menu\/okniz\/obs\/ss-zml-10-11-4q2022.pdf\">S\u00fahrnn\u00e1 spr\u00e1va o zmluv\u00e1ch pod\u013ea \u00a710 ods.10 a 11 4.Q 2022<\/a><\/li>\n<\/ul>\n<\/li>\n<li>rok 2021\n<ul>\n<li>1.\u0161tvr\u0165rok &#8211; <a href=\"https:\/\/www.krajskakniznicazilina.sk\/menu\/okniz\/obs\/ss-zml-10-11-1q2021.pdf\">S\u00fahrnn\u00e1 spr\u00e1va o zmluv\u00e1ch pod\u013ea \u00a7 10 ods. 10 a 11 1. Q 2021<\/a><\/li>\n<li>2.\u0161tvr\u0165rok &#8211; <a href=\"https:\/\/www.krajskakniznicazilina.sk\/menu\/okniz\/obs\/ss-zml-10-11-2q2021.pdf\">S\u00fahrnn\u00e1 spr\u00e1va o zmluv\u00e1ch pod\u013ea \u00a7 10 ods. 10 a 11 2. Q 2021<\/a><\/li>\n<li>3.\u0161tvr\u0165rok &#8211; <a href=\"https:\/\/www.krajskakniznicazilina.sk\/menu\/okniz\/obs\/ss-zml-10-11-3q2021.pdf\">S\u00fahrnn\u00e1 spr\u00e1va o zmluv\u00e1ch pod\u013ea \u00a7 10 ods. 10 a 11 3. Q 2021<\/a><\/li>\n<li>4.\u0161tvr\u0165rok &#8211; <a href=\"https:\/\/www.krajskakniznicazilina.sk\/menu\/okniz\/obs\/ss-zml-10-11-4q2021.pdf\">S\u00fahrnn\u00e1 spr\u00e1va o zmluv\u00e1ch pod\u013ea \u00a7 10 ods. 10 a 11 4. Q 2021<\/a><\/li>\n<\/ul>\n<\/li>\n<li>rok 2020\n<ul>\n<li>1.\u0161tvr\u0165rok<br \/>\n<a href=\"https:\/\/www.krajskakniznicazilina.sk\/menu\/okniz\/obs\/ssoz2020q1knihy.pdf\">S\u00fahrnn\u00e1 spr\u00e1va o zmluv\u00e1ch pod\u013ea \u00a7 10 ods\u00a0 10 a 11 I\u00a0 Q 2020 knihy<\/a>,<br \/>\n<a href=\"https:\/\/www.krajskakniznicazilina.sk\/menu\/okniz\/obs\/ssz2020q1ods14.pdf\">S\u00fahrnn\u00e1 spr\u00e1va o zmluv\u00e1ch pod\u013ea \u00a7 10 ods\u00a0 10 a 11 I Q 2020\u00a0 ods\u00a0 14<\/a>,<br \/>\n<a href=\"https:\/\/www.krajskakniznicazilina.sk\/menu\/okniz\/obs\/pz2020q1.pdf\">S\u00fahrnn\u00e1 spr\u00e1va -z\u00e1kazky s n\u00edzkou hodnotou<\/a><\/li>\n<li>2.\u0161tvr\u0165rok<br \/>\n<a href=\"https:\/\/www.krajskakniznicazilina.sk\/menu\/okniz\/obs\/zmluvyknihy2Q2020.pdf\">S\u00fahrnn\u00e1 spr\u00e1va o zmluv\u00e1ch pod\u013ea \u00a7 10 ods\u00a0 10 a 11 II\u00a0 Q 2020 knihy<\/a><br \/>\n<a href=\"https:\/\/www.krajskakniznicazilina.sk\/menu\/okniz\/obs\/ss-zmluvy2Q2020.pdf\">S\u00fahrnn\u00e1 spr\u00e1va o zmluv\u00e1ch pod\u013ea \u00a7 10 ods\u00a0 10 a 11 II Q 2020\u00a0 ods\u00a0 14<\/a><br \/>\n<a href=\"https:\/\/www.krajskakniznicazilina.sk\/menu\/okniz\/obs\/zakazkynizkahodnota2Q2020.pdf\">S\u00fahrnn\u00e1 spr\u00e1va &#8211; z\u00e1kazky s n\u00edzkou hodnotou<\/a><\/li>\n<li>3.\u0161tvr\u0165rok<br \/>\n<a href=\"https:\/\/www.krajskakniznicazilina.sk\/menu\/okniz\/obs\/zmluvyknihy3Q2020.pdf\">S\u00fahrnn\u00e1 spr\u00e1va o zmluv\u00e1ch pod\u013ea \u00a7 10 ods\u00a0 10 a 11 III\u00a0 Q 2020 knihy<\/a><br \/>\n<a href=\"https:\/\/www.krajskakniznicazilina.sk\/menu\/okniz\/obs\/ss-zmluvy3Q2020.pdf\">S\u00fahrnn\u00e1 spr\u00e1va o zmluv\u00e1ch pod\u013ea \u00a7 10 ods\u00a0 10 a 11 III Q 2020\u00a0 ods\u00a0 14<\/a><br \/>\n<a href=\"https:\/\/www.krajskakniznicazilina.sk\/menu\/okniz\/obs\/zakazkynizkahodnota3Q2020.pdf\">S\u00fahrnn\u00e1 spr\u00e1va &#8211; z\u00e1kazky s n\u00edzkou hodnotou<\/a><\/li>\n<li>4.\u0161tvr\u0165rok<br \/>\n<a href=\"https:\/\/www.krajskakniznicazilina.sk\/menu\/okniz\/obs\/ss-zml-10-11-%204.%20Q%202020knih.pdf\">S\u00fahrnn\u00e1 spr\u00e1va o zmluv\u00e1ch pod\u013ea \u00a7 10 ods. 10 a 11 4. Q 2020 knihy, \u010dasopisy<\/a><br \/>\n<a href=\"https:\/\/www.krajskakniznicazilina.sk\/menu\/okniz\/obs\/ss-zml-10-11-4.%20Q%202020.pdf\">S\u00fahrnn\u00e1 spr\u00e1va o zmluv\u00e1ch pod\u013ea \u00a7 10 ods. 10 a 11 4. Q 2020<\/a><br \/>\n<a href=\"https:\/\/www.krajskakniznicazilina.sk\/menu\/okniz\/obs\/ss-niz-hod-4.Q%202020.pdf\">S\u00fahrnn\u00e1 spr\u00e1va o z\u00e1kazk\u00e1ch s n\u00edzkou hodnotou 4.Q 2020<\/a><\/li>\n<\/ul>\n<\/li>\n<li><a href=\"https:\/\/www.krajskakniznicazilina.sk\/menu\/okniz\/obs\/nk2020obs.pdf\">vybavenie pre mal\u00fd projekt Na\u0161e kni\u017enice (aj) pre znev\u00fdhodnen\u00fdch pou\u017e\u00edvate\u013eov<\/a><b><b><b><span style=\"font-family: 'Calibri','sans-serif';\"><span style=\"color: #000000; font-size: small;\"><br \/>\n<span style=\"font-family: 'Calibri','sans-serif';\"><span style=\"color: #000000; font-size: small;\">N\u00e1zov mal\u00e9ho projektu: Na\u0161e kni\u017enice (nielen) pre znev\u00fdhodnen\u00fdch \u010ditate\u013eov\u00a0\u00a0 <span style=\"font-family: 'Calibri','sans-serif';\"><span style=\"color: #000000; font-size: small;\">\u010c\u00edslo projektu: SK\/FMP\/11b\/03\/013\u00a0<\/span><\/span><\/span><\/span><\/span><\/span><\/b><\/b><\/b><b><b><span style=\"font-family: 'Calibri','sans-serif';\"><span style=\"color: #000000; font-size: small;\"><span style=\"font-family: 'Calibri','sans-serif';\"><span style=\"color: #000000; font-size: small;\">\u00a0<\/span><\/span><\/span><\/span><\/b><\/b><b><\/b><\/li>\n<li>rok 2019\n<ul>\n<li><a href=\"https:\/\/www.krajskakniznicazilina.sk\/menu\/okniz\/obs\/pz2019q1.pdf\">1. \u0161tvr\u0165rok<\/a><\/li>\n<li><a href=\"https:\/\/www.krajskakniznicazilina.sk\/menu\/okniz\/obs\/pz2019q2.pdf\">2. \u0161tvr\u0165rok<\/a><\/li>\n<li><a href=\"https:\/\/www.krajskakniznicazilina.sk\/menu\/okniz\/obs\/pz2019q3.pdf\">3. \u0161tvr\u0165rok<\/a><\/li>\n<li><a href=\"https:\/\/www.krajskakniznicazilina.sk\/menu\/okniz\/obs\/pz2019q4_1.pdf\">4.\u0161tvr\u0165rok_1<\/a><\/li>\n<li><a href=\"https:\/\/www.krajskakniznicazilina.sk\/menu\/okniz\/obs\/pz2019q4_2.pdf\">4.\u0161tvr\u0165rok_2<\/a><\/li>\n<li><a href=\"https:\/\/www.krajskakniznicazilina.sk\/menu\/okniz\/obs\/pz2019q4_3.pdf\">4.\u0161tvr\u0165rok_3<\/a><\/li>\n<li><a href=\"https:\/\/www.krajskakniznicazilina.sk\/menu\/okniz\/obs\/pz2019q4_4.pdf\">4.\u0161tvr\u0165rok_4<\/a><\/li>\n<li><a href=\"https:\/\/www.krajskakniznicazilina.sk\/menu\/okniz\/obs\/pz2019q4_5.pdf\">4.\u0161tvr\u0165rok_5<\/a><\/li>\n<\/ul>\n<\/li>\n<li>rok 2018 <a href=\"https:\/\/www.krajskakniznicazilina.sk\/menu\/okniz\/obs\/pz2018.pdf\">(2. \u0161tvr\u0165rok<\/a>, <a href=\"http:\/\/www.krajskakniznicazilina.sk\/menu\/okniz\/obs\/pz2018-4.pdf\">4. \u0161tvr\u0165rok<\/a>)<\/li>\n<li>rok <a href=\"https:\/\/www.krajskakniznicazilina.sk\/menu\/okniz\/obs\/pz2017.pdf\">2017<\/a><\/li>\n<li>rok <a href=\"https:\/\/www.krajskakniznicazilina.sk\/menu\/okniz\/obs\/pz2016.pdf\">2016<\/a><\/li>\n<li>rok <a href=\"https:\/\/www.krajskakniznicazilina.sk\/menu\/okniz\/obs\/pz2015.pdf\">2015<\/a><\/li>\n<li>rok <a href=\"https:\/\/www.krajskakniznicazilina.sk\/menu\/okniz\/obs\/pz2014.pdf\">2014<\/a><\/li>\n<\/ul>\n<hr \/>\n<p><a href=\"https:\/\/www.krajskakniznicazilina.sk\/menu\/okniz\/obs\/reg\/V%C3%BDzva%20na%20predkladanie%20pon%C3%BAk.pdf\"><strong>OBSTAR\u00c1VANIE \u010d.17<\/strong><\/a><\/p>\n<p>N\u00e1zov z\u00e1kazky: <strong>Dod\u00e1vka a mont\u00e1\u017e kni\u017eni\u010dn\u00fdch reg\u00e1lov<\/strong><\/p>\n<p><a href=\"https:\/\/www.krajskakniznicazilina.sk\/menu\/okniz\/obs\/reg\/Zapisnica_z_vyhodnotenia_ponuk%20Dod%C3%A1vka%20a%20mont%C3%A1%C5%BE%20kni%C5%BEni%C4%8Dn%C3%BDch%20reg%C3%A1lov.pdf\"><strong>Z\u00e1pisnica z vyhodnotenia pon\u00fak<\/strong><\/a><\/p>\n<p>Link na obstar\u00e1vanie: <a href=\"https:\/\/www.uvo.gov.sk\/vyhladavanie-zakaziek\/detail\/435935\">https:\/\/www.uvo.gov.sk\/vyhladavanie-zakaziek\/detail\/435935<\/a><br \/>\n<a href=\"https:\/\/www.krajskakniznicazilina.sk\/menu\/okniz\/obs\/reg\/V%C3%BDzva%20na%20predkladanie%20pon%C3%BAk.pdf\"><strong>V\u00fdzva na predkladanie pon\u00fak<\/strong><\/a><\/p>\n<p><a href=\"https:\/\/www.krajskakniznicazilina.sk\/menu\/okniz\/obs\/reg\/Vzor%20cenovej%20ponuky.docx\">Vzor cenovej ponuky (docx)<\/a><br \/>\n<a href=\"https:\/\/www.krajskakniznicazilina.sk\/menu\/okniz\/obs\/reg\/Pr%C3%ADloha%20%C4%8D%201%20Technick%C3%A1%20%C5%A1pecifik%C3%A1cia%20reg%C3%A1lov.pdf\">Pr\u00edloha \u010d.1 &#8211; Technick\u00e1 \u0161pecifik\u00e1cia reg\u00e1lov<\/a><br \/>\n<a href=\"https:\/\/www.krajskakniznicazilina.sk\/menu\/okniz\/obs\/reg\/V%C3%BDkres%20%C4%8D.%201%20-%20reg%C3%A1ly%20H,%20I.pdf\">V\u00fdkres \u010d.1 &#8211; reg\u00e1ly H, I<\/a><br \/>\n<a href=\"https:\/\/www.krajskakniznicazilina.sk\/menu\/okniz\/obs\/reg\/V%C3%BDkres%20%C4%8D.%202%20-%20reg%C3%A1ly%20G,%20K.pdf\">V\u00fdkres \u010d.2 &#8211; reg\u00e1ly G, K<\/a><br \/>\n<a href=\"https:\/\/www.krajskakniznicazilina.sk\/menu\/okniz\/obs\/reg\/V%C3%BDkres%20%C4%8D.%203%20-%20reg%C3%A1ly%20Ja,%20Jb.pdf\">V\u00fdkres \u010d.3 &#8211; reg\u00e1ly Ja, Jb<\/a><br \/>\n<a href=\"https:\/\/www.krajskakniznicazilina.sk\/menu\/okniz\/obs\/reg\/Kni%C5%BEnica%20pr%C3%ADzemie%20-%20p%C3%B4dorys.pdf\">Kni\u017enica pr\u00edzemie &#8211; p\u00f4dorys<\/a><br \/>\n<a href=\"https:\/\/www.krajskakniznicazilina.sk\/menu\/okniz\/obs\/reg\/Kni%C5%BEnica%20pr%C3%ADzemie%20-%20vizualiz%C3%A1cia.pdf\">Kni\u017enica pr\u00edzemie &#8211; vizualiz\u00e1cia<\/a><\/p>\n<p><strong><a href=\"https:\/\/www.krajskakniznicazilina.sk\/menu\/okniz\/obs\/vyzva26102018.pdf\">OBSTAR\u00c1VANIE \u010d.16 (2\/2019)<\/a><\/strong><\/p>\n<p>N\u00e1zov z\u00e1kazky: <strong>Interi\u00e9rov\u00e9 vybavenie Krajskej kni\u017enice v \u017diline<\/strong><\/p>\n<p><a href=\"https:\/\/www.krajskakniznicazilina.sk\/menu\/okniz\/obs\/zverejnenie26102018.pdf\">Zhrnutie<\/a><\/p>\n<p><a href=\"https:\/\/www.krajskakniznicazilina.sk\/menu\/okniz\/obs\/priloha1-26102018.pdf\">Pr\u00edloha \u010d.1 &#8211; Kni\u017eni\u010dn\u00e9 reg\u00e1ly \u010dasopiseck\u00e9<\/a><br \/>\n<a href=\"https:\/\/www.krajskakniznicazilina.sk\/menu\/okniz\/obs\/priloha2-26102018.pdf\">Pr\u00edloha<\/a> <a href=\"https:\/\/www.krajskakniznicazilina.sk\/menu\/okniz\/obs\/priloha2-26102018.pdf\">\u010d.2 &#8211;<\/a> <a href=\"https:\/\/www.krajskakniznicazilina.sk\/menu\/okniz\/obs\/priloha2-26102018.pdf\">Kni\u017eni\u010dn\u00e9 reg\u00e1ly zadveren\u00e9<\/a><br \/>\n<a href=\"https:\/\/www.krajskakniznicazilina.sk\/menu\/okniz\/obs\/priloha3-26102018.pdf\">Pr\u00edloha \u010d.3 &#8211; Centr\u00e1lny v\u00fdpo\u017ei\u010dn\u00fd pult<\/a><br \/>\n<a href=\"https:\/\/www.krajskakniznicazilina.sk\/menu\/okniz\/obs\/priloha4-26102018.pdf\">Pr\u00edloha \u010d.4 &#8211; Kni\u017eni\u010dn\u00e9 reg\u00e1ly policov\u00e9 s medzistenou<\/a><br \/>\n<a href=\"https:\/\/www.krajskakniznicazilina.sk\/menu\/okniz\/obs\/priloha5-26102018.pdf\">Pr\u00edloha \u010d.5 &#8211; Detsk\u00fd k\u00fatik<\/a><br \/>\n<a href=\"https:\/\/www.krajskakniznicazilina.sk\/menu\/okniz\/obs\/priloha6-26102018.pdf\">Pr\u00edloha \u010d.6 &#8211; N\u00e1vrh interi\u00e9ru <\/a><\/p>\n<p><a href=\"https:\/\/www.krajskakniznicazilina.sk\/menu\/okniz\/obs\/zapisnica_z_vyhodnotenia_ponuk.pdf\"><strong>Z\u00e1pisnica z vyhodnotenia pon\u00fak<\/strong><\/a><\/p>\n<p><a href=\"https:\/\/www.krajskakniznicazilina.sk\/menu\/okniz\/obs\/objednavka93.pdf\">Objedn\u00e1vka &#8211; Kni\u017eni\u010dn\u00e9 reg\u00e1ly \u010dasopiseck\u00e9 <\/a><br \/>\n<a href=\"https:\/\/www.krajskakniznicazilina.sk\/menu\/okniz\/obs\/objednavka94.pdf\">Objedn\u00e1vka &#8211; Detsk\u00fd k\u00fatik &#8211; zostava<\/a><br \/>\n<a href=\"https:\/\/www.krajskakniznicazilina.sk\/menu\/okniz\/obs\/objednavka95.pdf\">Objedn\u00e1vka &#8211; Centr\u00e1lny kni\u017eni\u010dn\u00fd pult<\/a><br \/>\n<a href=\"https:\/\/www.krajskakniznicazilina.sk\/menu\/okniz\/obs\/objednavka96.pdf\">Objedn\u00e1vka &#8211; Kni\u017eni\u010dn\u00e9 reg\u00e1ly zadveren\u00e9 <\/a><\/p>\n<p><strong><a href=\"https:\/\/www.krajskakniznicazilina.sk\/menu\/okniz\/obs\/vyzva031018.pdf\">OBSTAR\u00c1VANIE \u010d.15<\/a><\/strong><\/p>\n<p>N\u00e1zov z\u00e1kazky:<strong> Stavebn\u00e9 \u00fapravy krajskej kni\u017enice \u2013 I. etapa <\/strong>(5.10.2018)<\/p>\n<p>Predpokladan\u00e1 hodnota z\u00e1kazky je 140.127,45 EUR bez DPH.<\/p>\n<p><strong><a href=\"https:\/\/www.krajskakniznicazilina.sk\/menu\/okniz\/obs\/vyhlasenie.doc\">Vyhl\u00e1senie uch\u00e1dza\u010da<\/a><\/strong><br \/>\n<a href=\"https:\/\/www.krajskakniznicazilina.sk\/menu\/okniz\/obs\/s\u00fahlas.doc\">S\u00fahlas so spracovan\u00edm osobn\u00fdch \u00fadajov<\/a><br \/>\n<a href=\"https:\/\/www.krajskakniznicazilina.sk\/menu\/okniz\/obs\/navrhnaplnenie.doc\">N\u00e1vrh uch\u00e1dza\u010da na plnenie krit\u00e9ri\u00ed<\/a><br \/>\n<a href=\"https:\/\/www.krajskakniznicazilina.sk\/menu\/okniz\/obs\/podklady.zip\">Podklady pre verejn\u00e9 obstar\u00e1vanie<\/a> (na stiahnutie)<br \/>\n<a href=\"https:\/\/zask-dokumenty.assecosolutions.sk\/00185752\/zmluvy\/66-2018\/\">Zmluva s pr\u00edlohami<\/a><br \/>\n<a href=\"https:\/\/www.krajskakniznicazilina.sk\/menu\/okniz\/obs\/vyhodnotenieponuk.pdf\">Vyhodnotenie pon\u00fak<\/a><\/p>\n<p><a href=\"https:\/\/www.krajskakniznicazilina.sk\/menu\/okniz\/obs\/obs14preprava.pdf\"><strong>OBSTAR\u00c1VANIE \u010d.14 <\/strong><\/a><\/p>\n<p>Preprava det\u00ed (\u017dilina &#8211; Bielsko-Biala a sp\u00e4\u0165)<\/p>\n<p><strong><a href=\"https:\/\/www.krajskakniznicazilina.sk\/menu\/okniz\/obs\/obs13print.pdf\">OBSTAR\u00c1VANIE \u010d.13 <\/a><\/strong><\/p>\n<p>Vydanie printov\u00fdch publik\u00e1ci\u00ed mikroprojektu Liter\u00e1rno-historick\u00e9 chodn\u00ed\u010dky Beskydami (bro\u017e\u00fara, pexeso, z\u00e1lo\u017eka)<\/p>\n<p>Predpokladan\u00e1 cena z\u00e1kazky: 6 268,22 \u20ac bez DPH (7 522,47 \u20ac s DPH)<\/p>\n<p><a title=\"obstar\u00e1vanie \u010d.12\" href=\"https:\/\/www.krajskakniznicazilina.sk\/menu\/okniz\/obs\/obs12print.pdf\"><strong>OBSTAR\u00c1VANIE \u010d.12<\/strong> <\/a><\/p>\n<p>Vydanie printov\u00fdch publik\u00e1ci\u00ed mikroprojektu Liter\u00e1rno-historick\u00e9 chodn\u00ed\u010dky Beskydami (bro\u017e\u00fara, pexeso, z\u00e1lo\u017eka<\/p>\n<p>Predpokladan\u00e1 cena z\u00e1kazky: 5 366,28 ,- Eur bez DPH<\/p>\n<p><strong>Z\u00e1kazka zru\u0161en\u00e1<\/strong><\/p>\n<p><a title=\"v\u00fdzva \u010d.11\" href=\"https:\/\/www.krajskakniznicazilina.sk\/menu\/okniz\/obs\/obs11regal.pdf\"><strong>OBSTAR\u00c1VANIE \u010d.11<\/strong><\/a><\/p>\n<p>Obstaranie, dovoz a mont\u00e1\u017e 55 ks kni\u017eni\u010dn\u00fdch reg\u00e1lov s medzistenou<\/p>\n<p>Predpokladan\u00e1 cena z\u00e1kazky: 8 646,- Eur bez DPH; 10 375,20 EUR z DPH<\/p>\n<p><strong>V\u00ed\u0165az s\u00fa\u0165a\u017ee: Tibor Hurto\u0161 (I\u010cO 37622625), obstar\u00e1vacia cena: 5 500,00 EUR<\/strong><\/p>\n<p><a title=\"v\u00fdzva \u010d.10\" href=\"https:\/\/www.krajskakniznicazilina.sk\/menu\/okniz\/obs\/obs10preklad.pdf\"><strong>OBSTAR\u00c1VANIE \u010d.10<\/strong><\/a><\/p>\n<p>Preklady a tlmo\u010denie v r\u00e1mci projektu<\/p>\n<p><strong>V\u00ed\u0165az s\u00fa\u0165a\u017ee: Ing. Katarzyna Bielik CA AKTIV (I\u010cO 37597558), obstar\u00e1vacia cena: 872,00 eur<\/strong><\/p>\n<p><a title=\"v\u00fdzva \u010d.9\" href=\"https:\/\/www.krajskakniznicazilina.sk\/menu\/okniz\/obs\/obs09panely.pdf\"><strong>OBSTAR\u00c1VANIE \u010d.9<\/strong><\/a><\/p>\n<p>V\u00fdstavn\u00e9 panely a stojany pre realiz\u00e1ciu mikroprojektu Liter\u00e1rno-historick\u00e9 chodn\u00ed\u010dky Beskydami<\/p>\n<p>Predpokladan\u00e1 cena z\u00e1kazky: 3 502,02 \u20ac s DPH, t.j. 2 910,02 \u20ac bez DPH<\/p>\n<p><strong>V\u00ed\u0165az s\u00fa\u0165a\u017ee: RESULT reklamn\u00e1 agent\u00fara (I\u010cO 36189740), obstar\u00e1vacia cena: 3 210,00 \u20ac<\/strong><\/p>\n<p><a title=\"v\u00fdzva \" href=\"https:\/\/www.krajskakniznicazilina.sk\/menu\/okniz\/obs\/obs08regal.pdf\"><strong>OBSTAR\u00c1VANIE \u010d.8<\/strong> <\/a><\/p>\n<p>55 ks kni\u017eni\u010dn\u00fdch reg\u00e1lov s medzistenou, obstaranie, dovoz a mont\u00e1\u017e<\/p>\n<p>Predpokladan\u00e1 cena z\u00e1kazky: 8 646,- Eur bez DPH; 10 375,20 EUR z DPH<\/p>\n<p><strong>Z\u00e1kazka zru\u0161en\u00e1<\/strong><\/p>\n<p><a title=\"v\u00fdzva \" href=\"https:\/\/www.krajskakniznicazilina.sk\/menu\/okniz\/obs\/obs07material.pdf\"><strong>OBSTAR\u00c1VANIE \u010d.7<\/strong> <\/a><\/p>\n<p>materi\u00e1l pre realiz\u00e1ciu mikroprojektu: atramentov\u00e9 n\u00e1plne<\/p>\n<p>Predpokladan\u00e1 cena z\u00e1kazky: 450,00 EUR s DPH, t.j. 375,00 EUR bez DPH<\/p>\n<p><strong>V\u00ed\u0165az s\u00fa\u0165a\u017ee: SK-Technik, s.r.o. (I\u010cO 36408972), obstar\u00e1vacia cena: 390,00 \u20ac<\/strong><\/p>\n<p><a title=\"v\u00fdzva \" href=\"https:\/\/www.krajskakniznicazilina.sk\/menu\/okniz\/obs\/obs06technika.pdf\"><strong>OBSTAR\u00c1VANIE \u010d.6<\/strong> <\/a><\/p>\n<p>technick\u00e9 vybavenie pre realiz\u00e1ciu projektu<\/p>\n<p>Predpokladan\u00e1 cena z\u00e1kazky: 5 100,00 EUR s DPH, t.j. 4 250,00 EUR bez DPH<\/p>\n<p><strong>V\u00ed\u0165az s\u00fa\u0165a\u017ee: SK-Technik (I\u010cO 36408972), obstar\u00e1vacia cena: 5 090,00 \u20ac<\/strong><\/p>\n<p><a title=\"technika pre projekt\" href=\"https:\/\/www.krajskakniznicazilina.sk\/menu\/okniz\/obs\/obs05technika.pdf\"><strong>OBSTAR\u00c1VANIE \u010d.5<\/strong><\/a><\/p>\n<p>technick\u00e9 vybavenie pre realiz\u00e1ciu projektu<\/p>\n<p>Predpokladan\u00e1 cena z\u00e1kazky: 5 100,00 EUR s DPH, t.j. 4 250,00 EUR bez DPH<\/p>\n<p><strong>Z\u00e1kazka zru\u0161en\u00e1<\/strong><\/p>\n<p><a title=\"materi\u00e1l pre projekt\" href=\"https:\/\/www.krajskakniznicazilina.sk\/menu\/okniz\/obs\/obs04material.pdf\"><strong>OBSTAR\u00c1VANIE \u010d.4<\/strong><\/a><\/p>\n<p>materi\u00e1lne vybavenie pre tvoriv\u00e9 dielne<\/p>\n<p><strong>V\u00ed\u0165az s\u00fa\u0165a\u017ee: Krpa Slovakia, s.r.o. (00185752), obstar\u00e1vacia cena: 374,75 \u20ac<\/strong><\/p>\n<p><a title=\"technika pre projekt\" href=\"https:\/\/www.krajskakniznicazilina.sk\/menu\/okniz\/obs\/obs03technika.pdf\"><strong>OBSTAR\u00c1VANIE \u010d.3<\/strong><\/a><\/p>\n<p>technick\u00e9 vybavenie pre realiz\u00e1ciu projektu<\/p>\n<p>Predpokladan\u00e1 cena z\u00e1kazky: 5 100,00 EUR s DPH, t.j. 4 250,00 EUR bez DPH<\/p>\n<p><strong>V\u00ed\u0165az s\u00fa\u0165a\u017ee: PAK-INVEST, s.r.o. (I\u010cO 36754579 ), obstar\u00e1vacia cena: 3 890,00 \u20ac,<\/strong><br \/>\n<strong> v\u00ed\u0165az zru\u0161il dod\u00e1vku<\/strong><\/p>\n<p><a title=\"bannery na projekt\" href=\"https:\/\/www.krajskakniznicazilina.sk\/menu\/okniz\/obs\/obs02banner.pdf\"><strong>OBSTAR\u00c1VANIE \u010d.2<\/strong><\/a><\/p>\n<p>Bannery pre mikroprojekt<\/p>\n<p><strong>V\u00ed\u0165az s\u00fa\u0165a\u017ee: Tiger Print s.r.o. (I\u010cO 45698813), obstar\u00e1vacia cena: 72,00 \u20ac<\/strong><\/p>\n<p><a title=\"podsed\u00e1ky\" href=\"https:\/\/www.krajskakniznicazilina.sk\/menu\/okniz\/obs\/obs01podsedaky.pdf\"><strong>OBSTAR\u00c1VANIE \u010d.1<\/strong><\/a><\/p>\n<p>Gu\u013eat\u00e9 podsed\u00e1ky pre jednoduch\u00e9 ekonomick\u00e9 sedenie det\u00ed na zemi<\/p>\n<p>Predpokladan\u00e1 cena z\u00e1kazky: 825,00 EUR s DPH, t.j. 687,50 EUR bez DPH<\/p>\n<p><strong>V\u00ed\u0165az s\u00fa\u0165a\u017ee: CEIBA, spol. s r.o. (I\u010cO 36548090), obstar\u00e1vacia cena: 777,60 \u20ac<\/strong><\/p>\n<hr \/>\n<p><strong>N\u00e1zov mikroprojektu: <a href=\"https:\/\/www.krajskakniznicazilina.sk\/index.php\/chodnicky-beskydami\/\">Liter\u00e1rno-historick\u00e9 chodn\u00ed\u010dky Beskydami<\/a><\/strong><br \/>\n<img loading=\"lazy\" decoding=\"async\" class=\"alignright\" src=\"https:\/\/www.krajskakniznicazilina.sk\/menu\/okniz\/obs\/interreg.png\" alt=\"Interreg logo\" width=\"436\" height=\"150\" \/><\/p>\n<p><strong>\u010c\u00edslo mikroprojektu: INT\/EB\/ZA\/1\/I\/A\/0046<\/strong><\/p>\n<p><strong>Mikroprojekt realizovan\u00fd z prostriedkov Eur\u00f3pskeho fondu region\u00e1lneho rozvoja<\/strong><\/p>\n<p><strong>Program cezhrani\u010dnej spolupr\u00e1ce Interreg V-A Po\u013esko-Slovensko 2014-2020<\/strong><\/p>\n","protected":false},"excerpt":{"rendered":"<p>Z\u00c1MER A PODMIENKY priameho n\u00e1jmu majetku \u017dilinsk\u00e9ho samospr\u00e1vneho kraja \u010d. 1\/KKZA\/2024, ktor\u00fd je v spr\u00e1ve Krajskej kni\u017enice v \u017diline Podlimitn\u00e9 z\u00e1kazky &#8211; z\u00e1kazky od 1000 \u20ac rok 2024 1.polrok- S\u00fahrnn\u00e1 spr\u00e1va o z\u00e1kazk\u00e1ch s n\u00edzkymi hodnotami za 1. polrok 2024 rok 2023 1.\u0161tvr\u0165rok\u00a0 &#8211; S\u00fahrnn\u00e1 spr\u00e1va o zmluv\u00e1ch pod\u013ea\u00a710 ods.10 a 11 1.Q 2023 2. &#8230; <a title=\"Obstar\u00e1vanie\" class=\"read-more\" href=\"https:\/\/www.krajskakniznicazilina.sk\/index.php\/o-kniznici\/obstaravanie\/\" aria-label=\"Pre\u010d\u00edtajte si viac o Obstar\u00e1vanie\">\u010c\u00edta\u0165 viac<\/a><\/p>\n","protected":false},"author":1,"featured_media":0,"parent":7,"menu_order":0,"comment_status":"closed","ping_status":"closed","template":"","meta":{"footnotes":""},"class_list":["post-70","page","type-page","status-publish"],"_links":{"self":[{"href":"https:\/\/www.krajskakniznicazilina.sk\/index.php\/wp-json\/wp\/v2\/pages\/70","targetHints":{"allow":["GET"]}}],"collection":[{"href":"https:\/\/www.krajskakniznicazilina.sk\/index.php\/wp-json\/wp\/v2\/pages"}],"about":[{"href":"https:\/\/www.krajskakniznicazilina.sk\/index.php\/wp-json\/wp\/v2\/types\/page"}],"author":[{"embeddable":true,"href":"https:\/\/www.krajskakniznicazilina.sk\/index.php\/wp-json\/wp\/v2\/users\/1"}],"replies":[{"embeddable":true,"href":"https:\/\/www.krajskakniznicazilina.sk\/index.php\/wp-json\/wp\/v2\/comments?post=70"}],"version-history":[{"count":68,"href":"https:\/\/www.krajskakniznicazilina.sk\/index.php\/wp-json\/wp\/v2\/pages\/70\/revisions"}],"predecessor-version":[{"id":13441,"href":"https:\/\/www.krajskakniznicazilina.sk\/index.php\/wp-json\/wp\/v2\/pages\/70\/revisions\/13441"}],"up":[{"embeddable":true,"href":"https:\/\/www.krajskakniznicazilina.sk\/index.php\/wp-json\/wp\/v2\/pages\/7"}],"wp:attachment":[{"href":"https:\/\/www.krajskakniznicazilina.sk\/index.php\/wp-json\/wp\/v2\/media?parent=70"}],"curies":[{"name":"wp","href":"https:\/\/api.w.org\/{rel}","templated":true}]}}