{"id":71,"date":"2017-08-17T12:25:33","date_gmt":"2017-08-17T10:25:33","guid":{"rendered":"http:\/\/www.krajskakniznicazilina.sk\/novastranka\/?page_id=71"},"modified":"2025-12-01T13:28:32","modified_gmt":"2025-12-01T12:28:32","slug":"dokumenty","status":"publish","type":"page","link":"https:\/\/www.krajskakniznicazilina.sk\/index.php\/o-kniznici\/dokumenty\/","title":{"rendered":"Otvoren\u00e1 kni\u017enica"},"content":{"rendered":"<p><strong><a href=\"https:\/\/www.krajskakniznicazilina.sk\/menu\/okniz\/dok\/poslanie.pdf\">POSLANIE\u00a0<\/a><\/strong><\/p>\n<p style=\"text-align: justify;\">Krajsk\u00e1 kni\u017enica v \u017diline je kult\u00farna, informa\u010dn\u00e1, vedeck\u00e1 a\u00a0vzdel\u00e1vacia in\u0161tit\u00facia. Jej hlavn\u00fdm cie\u013eom je budova\u0165 a uchov\u00e1va\u0165 univerz\u00e1lny kni\u017eni\u010dn\u00fd fond bez oh\u013eadu na nosi\u010d inform\u00e1ci\u00ed, poskytova\u0165 pou\u017e\u00edvate\u013eom kni\u017eni\u010dno-informa\u010dn\u00e9 slu\u017eby a zabezpe\u010dova\u0165 v\u0161eobecn\u00fd a neobmedzen\u00fd pr\u00edstup ob\u010danov k\u00a0inform\u00e1ci\u00e1m zodpovedaj\u00facim ich kult\u00farnym, informa\u010dn\u00fdm, vedeck\u00fdm a vzdel\u00e1vac\u00edm potreb\u00e1m.<\/p>\n<p style=\"text-align: justify;\">Kni\u017enica pln\u00ed funkciu krajskej kni\u017enice pre \u017dilinsk\u00fd kraj, okresnej kni\u017enice pre okresy \u017dilina a Byt\u010da a verejnej mestskej kni\u017enice pre mesto \u017dilina.<\/p>\n<p style=\"text-align: justify;\"><strong>Funkcie krajskej kni\u017enice pln\u00ed nasleduj\u00facimi \u00falohami a\u00a0\u010dinnos\u0165ami:<\/strong><\/p>\n<ul>\n<li style=\"text-align: justify;\">vstupuje do n\u00e1rodn\u00e9ho kni\u017eni\u010dn\u00e9ho syst\u00e9mu a podie\u013ea sa na budovan\u00ed S\u00faborn\u00e9ho katal\u00f3gu slovensk\u00fdch kni\u017en\u00edc,<\/li>\n<li style=\"text-align: justify;\">koordinuje a poradensky usmer\u0148uje ostatn\u00e9 region\u00e1lne kni\u017enice v samospr\u00e1vnom kraji,<\/li>\n<li style=\"text-align: justify;\">zabezpe\u010duje \u00falohy spojen\u00e9 s bibliografickou registr\u00e1ciou a koordin\u00e1ciou bibliografickej a edi\u010dnej \u010dinnosti v samospr\u00e1vnom kraji,<\/li>\n<li style=\"text-align: justify;\">zabezpe\u010duje \u00falohy spojen\u00e9 s dokumentovan\u00edm stavu a rozvojom kni\u017eni\u010dno-informa\u010dn\u00fdch slu\u017eieb verejnosti prostredn\u00edctvom kni\u017eni\u010dn\u00e9ho syst\u00e9mu v samospr\u00e1vnom kraji,<\/li>\n<li style=\"text-align: justify;\">m\u00e1 pr\u00e1vo povinn\u00e9ho v\u00fdtla\u010dku a v zmysle platn\u00fdch predpisov buduje a spr\u00edstup\u0148uje jeho fond,<\/li>\n<li style=\"text-align: justify;\">pre kni\u017enice v kraji je centrom medzikni\u017eni\u010dn\u00fdch v\u00fdpo\u017ei\u010dn\u00fdch slu\u017eieb a pracoviskom medzin\u00e1rodnej medzikni\u017eni\u010dnej v\u00fdpo\u017ei\u010dnej slu\u017eby,<\/li>\n<li style=\"text-align: justify;\">v spolupr\u00e1ci s odborom Kni\u017eni\u010dn\u00fd in\u0161tit\u00fat SNK v Martine a odborom kult\u00fary \u017dilinsk\u00e9ho samospr\u00e1vneho kraja je koordina\u010dn\u00fdm, vzdel\u00e1vac\u00edm, \u0161tatistick\u00fdm, metodick\u00fdm a odborno-poradensk\u00fdm strediskom pre region\u00e1lne kni\u017enice v \u017dilinskom kraji,<\/li>\n<li style=\"text-align: justify;\">v r\u00e1mci svojej \u00fazemnej p\u00f4sobnosti zabezpe\u010duje koordin\u00e1ciu, kooper\u00e1ciu a vz\u00e1jomn\u00fa odborn\u00fa prepojite\u013enos\u0165 kni\u017en\u00edc, ktor\u00e9 poskytuj\u00fa verejn\u00e9 kni\u017eni\u010dno-informa\u010dn\u00e9 slu\u017eby.<\/li>\n<\/ul>\n<p style=\"text-align: justify;\"><strong>Funkcie okresnej kni\u017enice pln\u00ed nasleduj\u00facimi \u00falohami a\u00a0\u010dinnos\u0165ami:<\/strong><\/p>\n<ul>\n<li style=\"text-align: justify;\">je okresn\u00fdm a region\u00e1lnym strediskom inform\u00e1ci\u00ed, region\u00e1lny kni\u017eni\u010dn\u00fd fond z\u00edskava, buduje a spr\u00edstup\u0148uje v s\u00falade s ekonomick\u00fdm, soci\u00e1lnym a\u00a0kult\u00farnym z\u00e1zem\u00edm okresov,<\/li>\n<li style=\"text-align: justify;\">je region\u00e1lnym bibiografick\u00fdm pracoviskom, buduje region\u00e1lne bibliografick\u00e9 i faktografick\u00e9 b\u00e1zy d\u00e1t, spracov\u00e1va a vyd\u00e1va region\u00e1lnu bibliografiu,<\/li>\n<li style=\"text-align: justify;\">prostredn\u00edctvom zmluvn\u00fdch vzt&#8217;ahov zabezpe\u010duje v\u00fdber, n\u00e1kup a\u00a0distrib\u00faciu dokumentov pre obecn\u00e9 kni\u017enice,<\/li>\n<li style=\"text-align: justify;\">pre zabezpe\u010denie fyzickej ochrany dokumentov vykon\u00e1va kn\u00edhviaza\u010dsk\u00e9 pr\u00e1ce,<\/li>\n<li style=\"text-align: justify;\">je koordina\u010dn\u00fdm, vzdel\u00e1vac\u00edm, \u0161tatistick\u00fdm a metodick\u00fdm strediskom pre kni\u017enice, poskytuje metodick\u00fa pomoc a slu\u017eby mestsk\u00fdm a obecn\u00fdm kni\u017eniciam a kni\u017eniciam in\u00fdch typov vo svojej \u00fazemnej p\u00f4sobnosti.<\/li>\n<\/ul>\n<p style=\"text-align: justify;\"><strong>Funkcie mestskej kni\u017enice pln\u00ed nasleduj\u00facimi \u00falohami a\u00a0\u010dinnos\u0165ami:<\/strong><\/p>\n<ul style=\"text-align: justify;\">\n<li>je miestnym strediskom inform\u00e1ci\u00ed, buduje a ochra\u0148uje univerz\u00e1lny kni\u017eni\u010dn\u00fd fond ako s\u00fabor vybran\u00fdch, odborne spracovan\u00fdch, usporiadan\u00fdch a uchov\u00e1van\u00fdch dokumentov bez oh\u013eadu na nosi\u010d inform\u00e1ci\u00ed,<\/li>\n<li>uspokojuje kult\u00farne, informa\u010dn\u00e9, vzdel\u00e1vacie a rehabilita\u010dn\u00e9 potreby pou\u017e\u00edvate\u013eov prostredn\u00edctvom spr\u00edstup\u0148ovania vlastn\u00e9ho kni\u017eni\u010dn\u00e9ho fondu, ako aj zabezpe\u010den\u00edm pr\u00edstupu k vonkaj\u0161\u00edm informa\u010dn\u00fdm zdrojom budovan\u00edm verejn\u00fdch termin\u00e1lov\u00fdch pracov\u00edsk s vyu\u017eit\u00edm glob\u00e1lnych siet\u00ed,<\/li>\n<li>poskytuje pou\u017e\u00edvate\u013eom komplexn\u00e9 kni\u017eni\u010dno-informa\u010dn\u00e9 slu\u017eby, najm\u00e4 absen\u010dn\u00e9 i prezen\u010dn\u00e9 vypo\u017ei\u010diavanie dokumentov, bibliografick\u00e9 a informa\u010dn\u00e9 slu\u017eby, spracovanie a vyd\u00e1vanie bibliografi\u00ed a re\u0161er\u0161\u00ed, zabezpe\u010dovanie medzikni\u017eni\u010dnej v\u00fdpo\u017ei\u010dnej slu\u017eby, zhotovovanie k\u00f3pi\u00ed dokumentov pre pou\u017e\u00edvate\u013eov, prekladate\u013esk\u00e9 a in\u00e9 slu\u017eby,<\/li>\n<li>zabezpe\u010duje a realizuje kult\u00farno-v\u00fdchovn\u00e9 podujatia s\u00favisiace s\u00a0poslan\u00edm kni\u017enice.<\/li>\n<\/ul>\n<p style=\"text-align: justify;\"><strong>Krajsk\u00e1 kni\u017enica v\u00a0\u017diline pri plnen\u00ed svojho poslania:<\/strong><\/p>\n<ul>\n<li style=\"text-align: justify;\">prostredn\u00edctvom edi\u010dnej, vydavate\u013eskej a propaga\u010dnej \u010dinnosti zabezpe\u010duje zverej\u0148ovanie\u00a0a\u00a0prezent\u00e1ciu kni\u017eni\u010dn\u00fdch slu\u017eieb,<\/li>\n<li style=\"text-align: justify;\">poskytuje reklamn\u00e9 a propaga\u010dn\u00e9 slu\u017eby pre in\u00e9 subjekty a v\u00fdnosy pou\u017e\u00edva pre rozvoj kni\u017eni\u010dn\u00fdch a\u00a0kult\u00farno-spolo\u010densk\u00fdch aktiv\u00edt<\/li>\n<li style=\"text-align: justify;\">zabezpe\u010duje pren\u00e1jom do\u010dasne nevyu\u017e\u00edvan\u00fdch priestorov, a to prednostne pre potreby kult\u00farnych\u00a0in\u0161tit\u00faci\u00ed a\u00a0zabezpe\u010dovanie kult\u00farnych aktiv\u00edt,<\/li>\n<li style=\"text-align: justify;\">\u00a0zabezpe\u010duje komision\u00e1lny predaj vyradenej a antikvari\u00e1tnej literat\u00fary,<\/li>\n<li style=\"text-align: justify;\">pln\u00ed \u010fal\u0161ie \u00falohy, ktor\u00fdmi ju zria\u010fovate\u013e pover\u00ed,<\/li>\n<li style=\"text-align: justify;\">zabezpe\u010duje predaj suven\u00edrov, poh\u013eadn\u00edc a in\u00fdch drobn\u00fdch predmetov s\u00favisiacich s poslan\u00edm a charakterom organiz\u00e1cie<\/li>\n<\/ul>\n<p><a href=\"https:\/\/www.krajskakniznicazilina.sk\/index.php\/sluzby\/\"><strong>SLU\u017dBY<\/strong><\/a><\/p>\n<p>Organiz\u00e1cia je v 100 percentnom majetkovom podiele \u017dSK.<\/p>\n<h4 style=\"text-align: justify;\"><a href=\"https:\/\/www.krajskakniznicazilina.sk\/menu\/okniz\/SOC\/soc2024vytah.pdf\"><strong>Spr\u00e1va o \u010dinnosti<\/strong> &#8211; v\u00fd\u0165ah<strong>\u00a0<\/strong><strong> za rok 2024<\/strong><\/a><\/h4>\n<hr \/>\n<p style=\"text-align: justify;\"><strong>\u0160TATUT\u00c1RNY ORG\u00c1N<br \/>\n<\/strong>\u00a0Mgr. Katar\u00edna \u0160u\u0161oliakov\u00e1, riadite\u013eka (<a href=\"https:\/\/www.krajskakniznicazilina.sk\/menu\/okniz\/dok\/%C5%BEivotopisKS.pdf\">\u017eivotopis<\/a>) &#8211; <a href=\"mailto:susoliakova@krajskakniznicazilina.sk\">susoliakova@krajskakniznicazilina.sk<\/a><\/p>\n<p style=\"text-align: justify;\">St\u00e1lym poradn\u00fdm org\u00e1nom riadite\u013eky Krajskej kni\u017enice v \u017diline je vedenie zlo\u017een\u00e9 z ved\u00facich oddelen\u00ed a z\u00e1stupcu odborovej organiz\u00e1cie.<\/p>\n<p style=\"text-align: justify;\"><strong>\u017divotopisy ved\u00facich zamestnancov<\/strong><\/p>\n<p style=\"text-align: justify;\">Mgr. Zuzana Mjartanov\u00e1 (<a href=\"https:\/\/www.krajskakniznicazilina.sk\/menu\/okniz\/dok\/%C5%BEivotopisZM.pdf\">\u017eivotopis<\/a>) &#8211; <a href=\"mailto:mjartanova@krajskakniznicazilina.sk\">mjartanova@krajskakniznicazilina.sk<\/a><br \/>\nMgr. Ivana G\u00e1borov\u00e1 (<a href=\"https:\/\/www.krajskakniznicazilina.sk\/menu\/okniz\/dok\/%C5%BEivotopisIG.pdf\">\u017eivotopis<\/a>) &#8211; <a href=\"mailto:zilknizza@vuczilina.sk\">zilknizza@vuczilina.sk<\/a><br \/>\nMgr. Jana Neslu\u0161anov\u00e1 (<a href=\"https:\/\/www.krajskakniznicazilina.sk\/menu\/okniz\/dok\/%C5%BEivotopisJN.pdf\">\u017eivotopis<\/a>) &#8211; <a href=\"mailto:neslusanova@krajskakniznicazilina.sk\">neslusanova@krajskakniznicazilina.sk<\/a><br \/>\nIng. Marjena Babuljakov\u00e1, predsedn\u00ed\u010dka Z\u00e1kladnej organiz\u00e1cie odborov\u00e9ho zv\u00e4zu v Krajskej kni\u017enici v \u017diline (<a href=\"https:\/\/www.krajskakniznicazilina.sk\/menu\/okniz\/dok\/%C5%BEivotopisMB.pdf\">\u017eivotopis<\/a>) &#8211; <a href=\"mailto:kniznica@krajskakniznicazilina.sk\">kniznica@krajskakniznicazilina.sk<\/a><\/p>\n<p style=\"text-align: justify;\"><strong>HOSPOD\u00c1RENIE<br \/>\n<\/strong><\/p>\n<ul style=\"text-align: justify;\">\n<li><\/li>\n<li><a href=\"https:\/\/www.krajskakniznicazilina.sk\/menu\/okniz\/dok\/VZaS%202024.pdf\">V\u00fdkaz ziskov a str\u00e1t 2024<\/a><\/li>\n<li><a href=\"https:\/\/www.krajskakniznicazilina.sk\/menu\/okniz\/dok\/VZaS%202023.pdf\">V\u00fdkaz ziskov a str\u00e1t 2023<\/a><\/li>\n<li><a href=\"https:\/\/www.krajskakniznicazilina.sk\/menu\/okniz\/dok\/VZaS%202022.pdf\">V\u00fdkaz ziskov a str\u00e1t 2022<\/a><\/li>\n<li><a href=\"https:\/\/www.krajskakniznicazilina.sk\/menu\/okniz\/dok\/VZaS%202021.pdf\">V\u00fdkaz ziskov a str\u00e1t 2021<\/a><\/li>\n<li><a href=\"https:\/\/www.krajskakniznicazilina.sk\/menu\/okniz\/dok\/VZaS%202020.pdf\">V\u00fdkaz ziskov a str\u00e1t 2020<\/a><\/li>\n<\/ul>\n<ul>\n<li style=\"text-align: justify;\"><a href=\"https:\/\/www.krajskakniznicazilina.sk\/menu\/okniz\/dok\/S%C3%BAvaha%202024.pdf\">S\u00favaha 2024<\/a><\/li>\n<li><a href=\"https:\/\/www.krajskakniznicazilina.sk\/menu\/okniz\/dok\/S%C3%BAvaha%202023.pdf\">S\u00favaha 2023<\/a><\/li>\n<li><a href=\"https:\/\/www.krajskakniznicazilina.sk\/menu\/okniz\/dok\/S%C3%BAvaha%202022.pdf\">S\u00favaha 2022<\/a><\/li>\n<li style=\"text-align: justify;\"><a href=\"https:\/\/www.krajskakniznicazilina.sk\/menu\/okniz\/dok\/S%C3%BAvaha%202021.pdf\">S\u00favaha 2021<\/a><\/li>\n<li style=\"text-align: justify;\"><a href=\"https:\/\/www.krajskakniznicazilina.sk\/menu\/okniz\/dok\/S%C3%BAvaha%202020.pdf\">S\u00favaha 2020<\/a><\/li>\n<\/ul>\n<p><a href=\"https:\/\/www.zilinskazupa.sk\/sk\/majetok-zsk\/\"><strong>Hospod\u00e1renie s\u00a0majetkom<\/strong><\/a><\/p>\n<p><a href=\"https:\/\/www.krajskakniznicazilina.sk\/menu\/okniz\/dok\/Pl%C3%A1n%20rozvoja%20KK%C5%BD.pdf\"><strong>PL\u00c1N ROZVOJA <\/strong><\/a><\/p>\n<hr \/>\n<p><strong><a href=\"https:\/\/www.krajskakniznicazilina.sk\/menu\/okniz\/SOC\/ETICK%C3%9D%20K%C3%93DEX%20pracovn%C3%ADkov%20Krajskej%20kni%C5%BEnice%20v%20%C5%BDiline.pdf\">Etick\u00fd k\u00f3dex pracovn\u00edkov Krajskej kni\u017enice v \u017diline<\/a><\/strong><\/p>\n<p style=\"text-align: justify;\"><strong><a href=\"https:\/\/www.krajskakniznicazilina.sk\/menu\/okniz\/SOC\/oznamovanie protispolo\u010denskej \u010d .pdf\">Usmernenie riadite\u013eky Krajskej kni\u017enice v \u017diline k prij\u00edmaniu, overovaniu a evidencii ozn\u00e1men\u00ed o protispolo\u010denskej \u010dinnosti<\/a><\/strong><\/p>\n<p style=\"text-align: justify;\"><strong><a href=\"https:\/\/www.krajskakniznicazilina.sk\/menu\/okniz\/SOC\/smernica%20o%20pr%C3%ADstupe%20k%20inform%C3%A1ci%C3%A1m.pdf\">Smernica Krajskej kni\u017enice v \u017diline<\/a> <\/strong>o postupe pri aplikovan\u00ed z\u00e1kona o slobodnom pr\u00edstupe k inform\u00e1ci\u00e1m poskytovan\u00fdch kni\u017enicou<\/p>\n<ul style=\"text-align: justify;\">\n<li><a href=\"https:\/\/www.krajskakniznicazilina.sk\/menu\/okniz\/SOC\/KK%C5%BD%20smernica%20o%20pr%C3%ADstupe%20k%20inform%C3%A1ci%C3%A1m-%20%C5%BEiados%C5%A5.pdf\"><strong>\u017diados\u0165 o o poskytnutie inform\u00e1cie<\/strong><\/a> (<a href=\"https:\/\/www.krajskakniznicazilina.sk\/menu\/okniz\/SOC\/KK%C5%BD%20smernica%20o%20pr%C3%ADstupe%20k%20inform%C3%A1ci%C3%A1m-%20%C5%BEiados%C5%A5.rtf\">rtf<\/a>)<\/li>\n<li><strong><a href=\"https:\/\/www.krajskakniznicazilina.sk\/menu\/okniz\/SOC\/KK%C5%BD%20smernica%20o%20pr%C3%ADstupe%20k%20inform%C3%A1ci%C3%A1m-sadzobn%C3%ADk.pdf\">Sadzobn\u00edk spoplat\u0148ovan\u00fdch \u00fakonov<\/a><\/strong><\/li>\n<li><a href=\"https:\/\/www.krajskakniznicazilina.sk\/menu\/okniz\/SOC\/KK%C5%BD%20smernica%20o%20pr%C3%ADstupe%20k%20inform%C3%A1ci%C3%A1m-kontakt.pdf\"><strong>Kontakt na povinn\u00fa osobu <\/strong><\/a><\/li>\n<\/ul>\n<p style=\"text-align: justify;\"><strong><a href=\"https:\/\/www.zilinskazupa.sk\/files\/odbory\/organizacny\/2015\/smernice\/smernica-107_2015-vnutornom-systeme-vybavovania-podnetov-suvisiacich-oznamovani-protispolocenskej-cinnosti.pdf\">Smernica<\/a> \u017dilinsk\u00e9ho samospr\u00e1vneho kraja<\/strong> o vn\u00fatornom syst\u00e9me vybavovania podnetov s\u00favisiacich s oznamovan\u00edm protispolo\u010denskej \u010dinnosti<\/p>\n<p style=\"text-align: justify;\"><strong><a href=\"https:\/\/www.krajskakniznicazilina.sk\/menu\/okniz\/SOC\/zas_vyb_st.pdf\">Smernica o z\u00e1sad\u00e1ch vybavovania s\u0165a\u017enost\u00ed, podnetov a n\u00e1vrhov<\/a><\/strong> v podmienkach Krajskej kni\u017enice v \u017diline<\/p>\n","protected":false},"excerpt":{"rendered":"<p>POSLANIE\u00a0 Krajsk\u00e1 kni\u017enica v \u017diline je kult\u00farna, informa\u010dn\u00e1, vedeck\u00e1 a\u00a0vzdel\u00e1vacia in\u0161tit\u00facia. Jej hlavn\u00fdm cie\u013eom je budova\u0165 a uchov\u00e1va\u0165 univerz\u00e1lny kni\u017eni\u010dn\u00fd fond bez oh\u013eadu na nosi\u010d inform\u00e1ci\u00ed, poskytova\u0165 pou\u017e\u00edvate\u013eom kni\u017eni\u010dno-informa\u010dn\u00e9 slu\u017eby a zabezpe\u010dova\u0165 v\u0161eobecn\u00fd a neobmedzen\u00fd pr\u00edstup ob\u010danov k\u00a0inform\u00e1ci\u00e1m zodpovedaj\u00facim ich kult\u00farnym, informa\u010dn\u00fdm, vedeck\u00fdm a vzdel\u00e1vac\u00edm potreb\u00e1m. Kni\u017enica pln\u00ed funkciu krajskej kni\u017enice pre \u017dilinsk\u00fd kraj, okresnej &#8230; <a title=\"Otvoren\u00e1 kni\u017enica\" class=\"read-more\" href=\"https:\/\/www.krajskakniznicazilina.sk\/index.php\/o-kniznici\/dokumenty\/\" aria-label=\"Pre\u010d\u00edtajte si viac o Otvoren\u00e1 kni\u017enica\">\u010c\u00edta\u0165 viac<\/a><\/p>\n","protected":false},"author":1,"featured_media":0,"parent":7,"menu_order":0,"comment_status":"closed","ping_status":"closed","template":"","meta":{"footnotes":""},"class_list":["post-71","page","type-page","status-publish"],"_links":{"self":[{"href":"https:\/\/www.krajskakniznicazilina.sk\/index.php\/wp-json\/wp\/v2\/pages\/71","targetHints":{"allow":["GET"]}}],"collection":[{"href":"https:\/\/www.krajskakniznicazilina.sk\/index.php\/wp-json\/wp\/v2\/pages"}],"about":[{"href":"https:\/\/www.krajskakniznicazilina.sk\/index.php\/wp-json\/wp\/v2\/types\/page"}],"author":[{"embeddable":true,"href":"https:\/\/www.krajskakniznicazilina.sk\/index.php\/wp-json\/wp\/v2\/users\/1"}],"replies":[{"embeddable":true,"href":"https:\/\/www.krajskakniznicazilina.sk\/index.php\/wp-json\/wp\/v2\/comments?post=71"}],"version-history":[{"count":45,"href":"https:\/\/www.krajskakniznicazilina.sk\/index.php\/wp-json\/wp\/v2\/pages\/71\/revisions"}],"predecessor-version":[{"id":16361,"href":"https:\/\/www.krajskakniznicazilina.sk\/index.php\/wp-json\/wp\/v2\/pages\/71\/revisions\/16361"}],"up":[{"embeddable":true,"href":"https:\/\/www.krajskakniznicazilina.sk\/index.php\/wp-json\/wp\/v2\/pages\/7"}],"wp:attachment":[{"href":"https:\/\/www.krajskakniznicazilina.sk\/index.php\/wp-json\/wp\/v2\/media?parent=71"}],"curies":[{"name":"wp","href":"https:\/\/api.w.org\/{rel}","templated":true}]}}