{"id":714,"date":"2017-09-12T11:10:25","date_gmt":"2017-09-12T09:10:25","guid":{"rendered":"http:\/\/www.krajskakniznicazilina.sk\/novastranka\/?page_id=714"},"modified":"2019-06-17T09:55:50","modified_gmt":"2019-06-17T07:55:50","slug":"chodnicky-beskydami","status":"publish","type":"page","link":"https:\/\/www.krajskakniznicazilina.sk\/index.php\/o-kniznici\/projekty\/chodnicky-beskydami\/","title":{"rendered":"Liter\u00e1rno-historick\u00e9 chodn\u00ed\u010dky Beskydami"},"content":{"rendered":"<h4><strong>Ciele mikroprojektu:<\/strong><\/h4>\n<p><a href=\"https:\/\/www.krajskakniznicazilina.sk\/menu\/okniz\/pro\/lhch_beskyd\/interreg.pdf\"><img decoding=\"async\" class=\"alignright\" src=\"https:\/\/www.krajskakniznicazilina.sk\/menu\/okniz\/pro\/lhch_beskyd\/lhch.png\" alt=\"Liter\u00e1rno-historick\u00e9 chodn\u00ed\u010dky Beskydami\" width=\"45%\" height=\"45%\" \/><\/a><\/p>\n<ul>\n<li>budova\u0165 a posil\u0148ova\u0165 pozit\u00edvny vz\u0165ah ob\u010danov k svojmu regi\u00f3nu,<\/li>\n<li>vytv\u00e1ra\u0165 podmienky pre spozn\u00e1vanie osobnost\u00ed, ktor\u00e9 sa nezmazate\u013ene zap\u00edsali do hist\u00f3rie regi\u00f3nu,<\/li>\n<li>prezentova\u0165 kult\u00farne a pr\u00edrodn\u00e9 dedi\u010dstvo,<\/li>\n<li>prispie\u0165 k propag\u00e1cii regi\u00f3nov za ich hranicami s cie\u013eom in\u0161pirova\u0165 k jeho n\u00e1v\u0161teve,<\/li>\n<li>nadviaza\u0165 na cezhrani\u010dn\u00fa turistiku milovn\u00edkov pr\u00edrody, ktor\u00ed prich\u00e1dzali a prich\u00e1dzaj\u00fa za kr\u00e1sami na\u0161ich krajov,<\/li>\n<li>pribl\u00ed\u017ei\u0165 a propagova\u0165 turisticky zauj\u00edmav\u00e9 miesta a posil\u0148ova\u0165 cestovn\u00fd ruch.<\/li>\n<\/ul>\n<h4><strong>\u00dalohy realizovan\u00e9 v r\u00e1mci mikroprojektu:\u00a0<\/strong><\/h4>\n<ol>\n<li><strong>Dokument\u00e1cia vybran\u00fdch liter\u00e1rnych a historick\u00fdch osobnost\u00ed a s nimi spojen\u00e9ho\u00a0 kult\u00farneho a pr\u00edrodn\u00e9ho dedi\u010dstva Besk\u00fdd, roz\u0161irovanie a zdie\u013eanie region\u00e1lnych b\u00e1z d\u00e1t<\/strong>\u00a0&#8211; spolo\u010dn\u00e1 pr\u00e1ca partnerov od marca 2017<\/li>\n<li><strong>Vydanie publik\u00e1cie Liter\u00e1rno-historick\u00e9 chodn\u00ed\u010dky Beskydami &#8211;\u00a0<\/strong>spolo\u010dn\u00e1 pr\u00e1ca partnerov na zostavovan\u00ed bilingv\u00e1lnej publik\u00e1cie od marca 2017<\/li>\n<li><strong>Poz\u00fdvame v\u00e1s k n\u00e1m,\u00a0<\/strong><strong>Krajsk\u00e1 kni\u017enica v \u017diline:<\/strong>\n<ul>\n<li><a href=\"https:\/\/www.krajskakniznicazilina.sk\/menu\/okniz\/pro\/lhch_beskyd\/pozv070218.pdf\">7.2.2018 (pozv\u00e1nka)<\/a><\/li>\n<li><a title=\"pozv\u00e1nka\" href=\"https:\/\/www.krajskakniznicazilina.sk\/menu\/okniz\/pro\/lhch_beskyd\/pozv160118.pdf\">16.1.2018 (pozv\u00e1nka)<\/a><\/li>\n<\/ul>\n<\/li>\n<li><strong>Detsk\u00e9 chodn\u00ed\u010dky Beskydami<\/strong>\u00a0&#8211; eduka\u010dn\u00e9 a tvoriv\u00e9 podujatia pre deti:<\/li>\n<\/ol>\n<p><strong>Ksiaznica Beskidzka:\u00a0<\/strong><\/p>\n<ul>\n<li><a title=\"pozv\u00e1nka\" href=\"https:\/\/www.krajskakniznicazilina.sk\/menu\/okniz\/pro\/lhch_beskyd\/pozv310517.pdf\">31.5.2017 (pozv\u00e1nka)<\/a><\/li>\n<li><a title=\"pozv\u00e1nka\" href=\"https:\/\/www.krajskakniznicazilina.sk\/menu\/okniz\/pro\/lhch_beskyd\/pozv070617.pdf\">7.6.2017 (pozv\u00e1nka)<\/a><\/li>\n<\/ul>\n<p><strong>Krajsk\u00e1 kni\u017enica v \u017diline:<\/strong><\/p>\n<ul>\n<li><a title=\"pozv\u00e1nka\" href=\"https:\/\/www.krajskakniznicazilina.sk\/menu\/okniz\/pro\/lhch_beskyd\/pozv230617.pdf\">23.6.2017 (pozv\u00e1nka)<\/a><\/li>\n<li><a title=\"pozv\u00e1nka\" href=\"https:\/\/www.krajskakniznicazilina.sk\/menu\/okniz\/pro\/lhch_beskyd\/pozv210617.pdf\">21.6.2017 (pozv\u00e1nka)<\/a><\/li>\n<li><a title=\"pozv\u00e1nka\" href=\"https:\/\/www.krajskakniznicazilina.sk\/menu\/okniz\/pro\/lhch_beskyd\/pozv200617.pdf\">20.6.2017 (pozv\u00e1nka)<\/a><\/li>\n<li><a title=\"pozv\u00e1nka\" href=\"https:\/\/www.krajskakniznicazilina.sk\/menu\/okniz\/pro\/lhch_beskyd\/pozv150617.pdf\">15.6.2017 (pozv\u00e1nka)<\/a><\/li>\n<li><a title=\"pozv\u00e1nka\" href=\"https:\/\/www.krajskakniznicazilina.sk\/menu\/okniz\/pro\/lhch_beskyd\/pozv120617.pdf\">12.6.2017 (pozv\u00e1nka)<\/a><\/li>\n<li><a title=\"pozv\u00e1nka\" href=\"https:\/\/www.krajskakniznicazilina.sk\/menu\/okniz\/pro\/lhch_beskyd\/pozv100617.pdf\">10.6.2017 (pozv\u00e1nka)<\/a><\/li>\n<\/ul>\n<p><strong>Tla\u010den\u00e9 v\u00fdstupy z projektu:<\/strong><\/p>\n<p>Z\u00e1lo\u017eka &#8211; <a href=\"https:\/\/www.krajskakniznicazilina.sk\/menu\/okniz\/pro\/lhch_beskyd\/zalozky.pdf\">Detsk\u00e9 chodn\u00ed\u010dky Baskydami<\/a><\/p>\n<p>Pexeso &#8211; <a href=\"https:\/\/www.krajskakniznicazilina.sk\/menu\/okniz\/pro\/lhch_beskyd\/pexeso2017.png\">Detsk\u00e9 chodn\u00ed\u010dky chodn\u00ed\u010dkami<\/a><\/p>\n<p>Kniha &#8211;\u00a0<a href=\"https:\/\/katalog.krajskakniznicazilina.sk\/Carmen\/GetFileServlet?library=main&amp;type=book_covers&amp;filename=eknihy\\bedeker.pdf\">Liter\u00e1rno-historick\u00e9 chodn\u00ed\u010dky\u00a0 Beskydami<\/a><\/p>\n","protected":false},"excerpt":{"rendered":"<p>Ciele mikroprojektu: budova\u0165 a posil\u0148ova\u0165 pozit\u00edvny vz\u0165ah ob\u010danov k svojmu regi\u00f3nu, vytv\u00e1ra\u0165 podmienky pre spozn\u00e1vanie osobnost\u00ed, ktor\u00e9 sa nezmazate\u013ene zap\u00edsali do hist\u00f3rie regi\u00f3nu, prezentova\u0165 kult\u00farne a pr\u00edrodn\u00e9 dedi\u010dstvo, prispie\u0165 k propag\u00e1cii regi\u00f3nov za ich hranicami s cie\u013eom in\u0161pirova\u0165 k jeho n\u00e1v\u0161teve, nadviaza\u0165 na cezhrani\u010dn\u00fa turistiku milovn\u00edkov pr\u00edrody, ktor\u00ed prich\u00e1dzali a prich\u00e1dzaj\u00fa za kr\u00e1sami na\u0161ich krajov, &#8230; <a title=\"Liter\u00e1rno-historick\u00e9 chodn\u00ed\u010dky Beskydami\" class=\"read-more\" href=\"https:\/\/www.krajskakniznicazilina.sk\/index.php\/o-kniznici\/projekty\/chodnicky-beskydami\/\" aria-label=\"Pre\u010d\u00edtajte si viac o Liter\u00e1rno-historick\u00e9 chodn\u00ed\u010dky Beskydami\">\u010c\u00edta\u0165 viac<\/a><\/p>\n","protected":false},"author":1,"featured_media":0,"parent":73,"menu_order":0,"comment_status":"closed","ping_status":"closed","template":"","meta":{"footnotes":""},"class_list":["post-714","page","type-page","status-publish"],"_links":{"self":[{"href":"https:\/\/www.krajskakniznicazilina.sk\/index.php\/wp-json\/wp\/v2\/pages\/714","targetHints":{"allow":["GET"]}}],"collection":[{"href":"https:\/\/www.krajskakniznicazilina.sk\/index.php\/wp-json\/wp\/v2\/pages"}],"about":[{"href":"https:\/\/www.krajskakniznicazilina.sk\/index.php\/wp-json\/wp\/v2\/types\/page"}],"author":[{"embeddable":true,"href":"https:\/\/www.krajskakniznicazilina.sk\/index.php\/wp-json\/wp\/v2\/users\/1"}],"replies":[{"embeddable":true,"href":"https:\/\/www.krajskakniznicazilina.sk\/index.php\/wp-json\/wp\/v2\/comments?post=714"}],"version-history":[{"count":15,"href":"https:\/\/www.krajskakniznicazilina.sk\/index.php\/wp-json\/wp\/v2\/pages\/714\/revisions"}],"predecessor-version":[{"id":816,"href":"https:\/\/www.krajskakniznicazilina.sk\/index.php\/wp-json\/wp\/v2\/pages\/714\/revisions\/816"}],"up":[{"embeddable":true,"href":"https:\/\/www.krajskakniznicazilina.sk\/index.php\/wp-json\/wp\/v2\/pages\/73"}],"wp:attachment":[{"href":"https:\/\/www.krajskakniznicazilina.sk\/index.php\/wp-json\/wp\/v2\/media?parent=714"}],"curies":[{"name":"wp","href":"https:\/\/api.w.org\/{rel}","templated":true}]}}