{"id":74,"date":"2017-08-17T12:25:33","date_gmt":"2017-08-17T10:25:33","guid":{"rendered":"http:\/\/www.krajskakniznicazilina.sk\/novastranka\/?page_id=74"},"modified":"2022-11-03T11:19:32","modified_gmt":"2022-11-03T11:19:32","slug":"stiahnutie","status":"publish","type":"page","link":"https:\/\/www.krajskakniznicazilina.sk\/index.php\/o-kniznici\/stiahnutie\/","title":{"rendered":"Na stiahnutie"},"content":{"rendered":"<p><a href=\"https:\/\/www.krajskakniznicazilina.sk\/menu\/okniz\/dok\/logomanual.pdf\"><strong>Logomanu\u00e1l<\/strong><\/a><\/p>\n<ul>\n<li><a href=\"https:\/\/www.krajskakniznicazilina.sk\/menu\/okniz\/dok\/logotyp.pdf\"><strong>logotyp<\/strong>\u00a0<\/a>na stiahnutie (pred pou\u017eit\u00edm si pozrite <a href=\"https:\/\/www.krajskakniznicazilina.sk\/menu\/okniz\/dok\/logomanual.pdf\">logomanu\u00e1l<\/a>)<\/li>\n<li><a href=\"https:\/\/www.krajskakniznicazilina.sk\/menu\/okniz\/dok\/KKZA%20log%C3%A1.zip\"><strong>log\u00e1 na stiahnutie<\/strong><\/a> (.zip)<\/li>\n<\/ul>\n<p><strong>Prihl\u00e1\u0161ky do kni\u017enice<\/strong> (4 prihl\u00e1\u0161ky na A4 obojstranne)<\/p>\n<ul>\n<li><a href=\"https:\/\/www.krajskakniznicazilina.sk\/menu\/okniz\/dok\/Prihl%C3%A1%C5%A1ka%20%C4%8Ditate%C4%BEa.pdf\">dospel\u00fd \u010ditate\u013e<\/a> (prihl\u00e1\u0161ka za \u010ditate\u013ea)<\/li>\n<li><a href=\"https:\/\/www.krajskakniznicazilina.sk\/menu\/okniz\/dok\/Prihl%C3%A1%C5%A1ka%20deti.pdf\">die\u0165a do 15 rokov<\/a> (prihl\u00e1\u0161ka za \u010ditate\u013ea \u00faseku detskej literat\u00fary)<\/li>\n<\/ul>\n<p>Registration formular (A6)<\/p>\n<ul>\n<li><a href=\"https:\/\/www.krajskakniznicazilina.sk\/menu\/okniz\/dok\/ENGadultA6.pdf\">adult<\/a><\/li>\n<li><a href=\"https:\/\/www.krajskakniznicazilina.sk\/menu\/okniz\/dok\/ENGchildA6.pdf\">child (under 15)<\/a><\/li>\n<\/ul>\n<p><strong><a href=\"https:\/\/www.krajskakniznicazilina.sk\/menu\/okniz\/dok\/RESziadanka.jpg\">\u017diadanka o re\u0161er\u0161<\/a> <\/strong>&#8211; potrebn\u00e9 vytla\u010di\u0165, vyp\u00edsa\u0165 a donies\u0165 do kni\u017enice (pre vybavenie je nutn\u00e1 osobn\u00e1 n\u00e1v\u0161teva kni\u017enice)<br \/>\n<strong><a href=\"https:\/\/www.krajskakniznicazilina.sk\/index.php\/sluzby\/odborna-literatura\/resers\/online-ziadanka-o-resers\/\">Online \u017eiadanka o re\u0161er\u0161<\/a> <\/strong>&#8211; po \u00fahrade sumy na \u00fa\u010det a zaslan\u00ed inform\u00e1ci\u00ed cez formul\u00e1r nie je potrebn\u00e1 osobn\u00e1 n\u00e1v\u0161teva (o re\u0161er\u0161 do 24 hod\u00edn je mo\u017en\u00e9 \u017eiada\u0165 len od pondelka do \u0161tvrtku)<\/p>\n<p><strong>\u017diadanky na Medzikni\u017eni\u010dn\u00fa v\u00fdpo\u017ei\u010dn\u00fa slu\u017ebu<\/strong> (pre vybavenie je nutn\u00e1 osobn\u00e1 n\u00e1v\u0161teva kni\u017enice)<\/p>\n<ul>\n<li><a href=\"https:\/\/www.krajskakniznicazilina.sk\/menu\/okniz\/dok\/MVSkniha.pdf\">MVS kniha<\/a><\/li>\n<li><a href=\"https:\/\/www.krajskakniznicazilina.sk\/menu\/okniz\/dok\/MVSclanok.pdf\">MVS \u010dl\u00e1nok z \u010dasopisu<\/a><\/li>\n<\/ul>\n<p><a href=\"https:\/\/www.krajskakniznicazilina.sk\/menu\/okniz\/dok\/podnet.pdf\">Oznamovanie protispolo\u010denskej \u010dinnosti v podmienkach KK\u017d<\/a><\/p>\n","protected":false},"excerpt":{"rendered":"<p>Logomanu\u00e1l logotyp\u00a0na stiahnutie (pred pou\u017eit\u00edm si pozrite logomanu\u00e1l) log\u00e1 na stiahnutie (.zip) Prihl\u00e1\u0161ky do kni\u017enice (4 prihl\u00e1\u0161ky na A4 obojstranne) dospel\u00fd \u010ditate\u013e (prihl\u00e1\u0161ka za \u010ditate\u013ea) die\u0165a do 15 rokov (prihl\u00e1\u0161ka za \u010ditate\u013ea \u00faseku detskej literat\u00fary) Registration formular (A6) adult child (under 15) \u017diadanka o re\u0161er\u0161 &#8211; potrebn\u00e9 vytla\u010di\u0165, vyp\u00edsa\u0165 a donies\u0165 do kni\u017enice (pre vybavenie &#8230; <a title=\"Na stiahnutie\" class=\"read-more\" href=\"https:\/\/www.krajskakniznicazilina.sk\/index.php\/o-kniznici\/stiahnutie\/\" aria-label=\"Pre\u010d\u00edtajte si viac o Na stiahnutie\">\u010c\u00edta\u0165 viac<\/a><\/p>\n","protected":false},"author":1,"featured_media":0,"parent":7,"menu_order":0,"comment_status":"closed","ping_status":"closed","template":"","meta":{"footnotes":""},"class_list":["post-74","page","type-page","status-publish"],"_links":{"self":[{"href":"https:\/\/www.krajskakniznicazilina.sk\/index.php\/wp-json\/wp\/v2\/pages\/74","targetHints":{"allow":["GET"]}}],"collection":[{"href":"https:\/\/www.krajskakniznicazilina.sk\/index.php\/wp-json\/wp\/v2\/pages"}],"about":[{"href":"https:\/\/www.krajskakniznicazilina.sk\/index.php\/wp-json\/wp\/v2\/types\/page"}],"author":[{"embeddable":true,"href":"https:\/\/www.krajskakniznicazilina.sk\/index.php\/wp-json\/wp\/v2\/users\/1"}],"replies":[{"embeddable":true,"href":"https:\/\/www.krajskakniznicazilina.sk\/index.php\/wp-json\/wp\/v2\/comments?post=74"}],"version-history":[{"count":21,"href":"https:\/\/www.krajskakniznicazilina.sk\/index.php\/wp-json\/wp\/v2\/pages\/74\/revisions"}],"predecessor-version":[{"id":10288,"href":"https:\/\/www.krajskakniznicazilina.sk\/index.php\/wp-json\/wp\/v2\/pages\/74\/revisions\/10288"}],"up":[{"embeddable":true,"href":"https:\/\/www.krajskakniznicazilina.sk\/index.php\/wp-json\/wp\/v2\/pages\/7"}],"wp:attachment":[{"href":"https:\/\/www.krajskakniznicazilina.sk\/index.php\/wp-json\/wp\/v2\/media?parent=74"}],"curies":[{"name":"wp","href":"https:\/\/api.w.org\/{rel}","templated":true}]}}