{"id":758,"date":"2017-09-21T16:50:40","date_gmt":"2017-09-21T14:50:40","guid":{"rendered":"http:\/\/www.krajskakniznicazilina.sk\/novastranka\/?page_id=758"},"modified":"2024-02-22T14:40:22","modified_gmt":"2024-02-22T13:40:22","slug":"oz-poznania","status":"publish","type":"page","link":"https:\/\/www.krajskakniznicazilina.sk\/index.php\/o-kniznici\/oz-poznania\/","title":{"rendered":"OZ Br\u00e1na poznania"},"content":{"rendered":"<p style=\"text-align: justify;\"><strong><a href=\"https:\/\/www.krajskakniznicazilina.sk\/menu\/okniz\/OZ\/Br%C3%A1na%20poznania.png\"><img decoding=\"async\" class=\"alignright\" src=\"https:\/\/www.krajskakniznicazilina.sk\/menu\/okniz\/OZ\/Br%C3%A1na%20poznania.png\" alt=\"logo OZ\" width=\"40%\" height=\"40%\" \/><\/a>Ob\u010dianske zdru\u017eenie Br\u00e1na Poznania<\/strong> vzniklo v roku <strong>2003<\/strong> ako spolo\u010dnos\u0165 priate\u013eov\u00a0Krajskej kni\u017enice v \u017diline. Medzi jej \u010dlenov patria nielen zamestnanci, ale aj \u010ditatelia a priatelia Krajskej kni\u017enice v \u017diline.<\/p>\n<p>N\u00e1zov:<strong> Br\u00e1na poznania<\/strong><br \/>\nPr\u00e1vna forma: Ob\u010dianske zdru\u017eenie<br \/>\nS\u00eddlo: Bernol\u00e1kova 47, 011 77 \u017dilina<br \/>\nI\u010cO: 37972626<\/p>\n<p><strong><a href=\"https:\/\/www.krajskakniznicazilina.sk\/menu\/okniz\/OZ\/ozstanovy.pdf\">Stanovy<\/a> <\/strong>OZ Br\u00e1na poznania. \u010eakujeme!<\/p>\n<p><a href=\"https:\/\/www.krajskakniznicazilina.sk\/index.php\/o-kniznici\/oz-poznania\/darujte-svoje-2-oz-brana-poznania\/\"><strong>Darujte 2% <\/strong><\/a>z Va\u0161ich dan\u00ed OZ Br\u00e1na poznania. \u010eakujeme!<\/p>\n<p><strong><a href=\"https:\/\/www.krajskakniznicazilina.sk\/menu\/okniz\/OZ\/Vyhlasenie-o-poukazani-podielu-zaplatenej-dane-editovatelne.pdf\">Vzor tla\u010diva<\/a><\/strong> pre vyhl\u00e1senie o pouk\u00e1zan\u00ed podielu z platenej dane (2%).<\/p>\n<p>V\u010faka 2% z Va\u0161ich dan\u00ed venovan\u00fdch OZ Br\u00e1na poznania pribudlo v r.2019 do fondu Krajskej kni\u017enice v \u017diline 1 040 nov\u00fdch kn\u00edh, hry pre deti, nov\u00e9 exteri\u00e9rov\u00e9 prvky v liter\u00e1rnom parku a i.<\/p>\n","protected":false},"excerpt":{"rendered":"<p>Ob\u010dianske zdru\u017eenie Br\u00e1na Poznania vzniklo v roku 2003 ako spolo\u010dnos\u0165 priate\u013eov\u00a0Krajskej kni\u017enice v \u017diline. Medzi jej \u010dlenov patria nielen zamestnanci, ale aj \u010ditatelia a priatelia Krajskej kni\u017enice v \u017diline. N\u00e1zov: Br\u00e1na poznania Pr\u00e1vna forma: Ob\u010dianske zdru\u017eenie S\u00eddlo: Bernol\u00e1kova 47, 011 77 \u017dilina I\u010cO: 37972626 Stanovy OZ Br\u00e1na poznania. \u010eakujeme! Darujte 2% z Va\u0161ich dan\u00ed OZ &#8230; <a title=\"OZ Br\u00e1na poznania\" class=\"read-more\" href=\"https:\/\/www.krajskakniznicazilina.sk\/index.php\/o-kniznici\/oz-poznania\/\" aria-label=\"Pre\u010d\u00edtajte si viac o OZ Br\u00e1na poznania\">\u010c\u00edta\u0165 viac<\/a><\/p>\n","protected":false},"author":1,"featured_media":0,"parent":7,"menu_order":0,"comment_status":"closed","ping_status":"closed","template":"","meta":{"footnotes":""},"class_list":["post-758","page","type-page","status-publish"],"_links":{"self":[{"href":"https:\/\/www.krajskakniznicazilina.sk\/index.php\/wp-json\/wp\/v2\/pages\/758","targetHints":{"allow":["GET"]}}],"collection":[{"href":"https:\/\/www.krajskakniznicazilina.sk\/index.php\/wp-json\/wp\/v2\/pages"}],"about":[{"href":"https:\/\/www.krajskakniznicazilina.sk\/index.php\/wp-json\/wp\/v2\/types\/page"}],"author":[{"embeddable":true,"href":"https:\/\/www.krajskakniznicazilina.sk\/index.php\/wp-json\/wp\/v2\/users\/1"}],"replies":[{"embeddable":true,"href":"https:\/\/www.krajskakniznicazilina.sk\/index.php\/wp-json\/wp\/v2\/comments?post=758"}],"version-history":[{"count":21,"href":"https:\/\/www.krajskakniznicazilina.sk\/index.php\/wp-json\/wp\/v2\/pages\/758\/revisions"}],"predecessor-version":[{"id":12519,"href":"https:\/\/www.krajskakniznicazilina.sk\/index.php\/wp-json\/wp\/v2\/pages\/758\/revisions\/12519"}],"up":[{"embeddable":true,"href":"https:\/\/www.krajskakniznicazilina.sk\/index.php\/wp-json\/wp\/v2\/pages\/7"}],"wp:attachment":[{"href":"https:\/\/www.krajskakniznicazilina.sk\/index.php\/wp-json\/wp\/v2\/media?parent=758"}],"curies":[{"name":"wp","href":"https:\/\/api.w.org\/{rel}","templated":true}]}}