{"id":783,"date":"2017-09-26T08:40:01","date_gmt":"2017-09-26T06:40:01","guid":{"rendered":"http:\/\/www.krajskakniznicazilina.sk\/novastranka\/?page_id=783"},"modified":"2019-03-12T10:01:05","modified_gmt":"2019-03-12T09:01:05","slug":"pocketbook-basic-2","status":"publish","type":"page","link":"https:\/\/www.krajskakniznicazilina.sk\/index.php\/sluzby\/odborna-literatura\/pocketbook-basic-2\/","title":{"rendered":"PocketBook Basic 2"},"content":{"rendered":"<p style=\"text-align: justify;\"><strong>Displej<\/strong><\/p>\n<ul style=\"text-align: justify;\">\n<li>6&#8243; (15,24 cm),<\/li>\n<li>E-Ink technol\u00f3gia displeja: hlavnou v\u00fdhodou je absencia negat\u00edvneho vplyvu na \u00fanavu o\u010d\u00ed, ktor\u00fd je typick\u00fd pre LCD displej,<\/li>\n<li>obrazovka E Ink Vizplex o\u00a0ve\u013ekosti 6&#8243; s\u00a0rozl\u00ed\u0161en\u00edm 166\u00a0dpi, respekt\u00edve 800\u00d7600 pixelov, ktor\u00e1 podporuje 16\u00a0\u00farovn\u00ed \u0161edi, v\u00fdborne zobrazuje komplexn\u00e9 texty aj ilustr\u00e1cie,<\/li>\n<li><em>Wi-fi<\/em>\u00a0802.11b\/g\/n s\u00a0podporou WEP, WPA a WPA2,<\/li>\n<li><strong style=\"line-height: inherit;\">menu \u010d\u00edta\u010dky <\/strong><span style=\"line-height: inherit;\">je v sloven\u010dine,<\/span><\/li>\n<li>vynikaj\u00faca \u010ditate\u013enos\u0165 na slnku, pod lampou, a pod.<\/li>\n<\/ul>\n<p style=\"text-align: justify;\"><strong>Pam\u00e4\u0165:\u00a0<\/strong><span style=\"line-height: inherit;\">zabudovan\u00e1 pam\u00e4\u0165 4 GB,\u00a0<\/span><span style=\"line-height: inherit;\">mo\u017enos\u0165 roz\u0161\u00edrenia pomocou micro SD\/SDHC karet (a\u017e 32GB).<\/span><\/p>\n<p style=\"text-align: justify;\"><strong>Funkcie a vlastnosti:\u00a0<\/strong><span style=\"line-height: inherit;\">podpora viac ne\u017e 19 s\u00faborov\u00fdch form\u00e1tov,\u00a0<\/span><span style=\"line-height: inherit;\">optimalizovan\u00e9 pre ve\u013ek\u00e9 dokumenty PDF<\/span><\/p>\n<p style=\"text-align: justify;\">5 re\u017eimov zobrazenia PDF dokumentov:<\/p>\n<ul style=\"text-align: justify;\">\n<li>prisp\u00f4sobenie na \u0161\u00edrku<\/li>\n<li>skrytie pr\u00e1zdnych okrajov (aktu\u00e1lna str\u00e1nka, cel\u00fd dokument, p\u00e1rne\/nep\u00e1rne str\u00e1nky,\u2026at\u010f.),<\/li>\n<li>cel\u00fd dokument,<\/li>\n<li>zobrazenie v st\u013apcoch (2, 3, 4 st\u013apce),<\/li>\n<li>rozmiestnenie textu pod\u013ea aktu\u00e1lneho zv\u00e4\u010d\u0161enia\/zmen\u0161enia,<\/li>\n<\/ul>\n<p style=\"text-align: justify;\"><strong>Podporovan\u00e9 form\u00e1ty:<\/strong><\/p>\n<p style=\"text-align: justify;\">pre knihy: EPUB DRM, EPUB, PDF DRM, PDF, FB2, FB2.ZIP, TXT, DJVU, HTM, HTML, DOC, DOCX, RTF, CHM, TCR, PRC (MOBI),ACSM,<\/p>\n<p style=\"text-align: justify;\">pre fotografie: JPEG, BMP, PNG, TIFF.<\/p>\n<p style=\"text-align: justify;\"><strong>Doplnkov\u00e9 funkcie:\u00a0<\/strong><span style=\"line-height: inherit;\">Book Stores,\u00a0<\/span><span style=\"line-height: inherit;\">internetov\u00fd prehliada\u010d,\u00a0<\/span><span style=\"line-height: inherit;\">kalkula\u010dka,\u00a0<\/span><span style=\"line-height: inherit;\">kalend\u00e1r &amp; hodiny.<\/span><\/p>\n<p style=\"text-align: justify;\"><strong>Konektory:<\/strong><\/p>\n<ul style=\"text-align: justify;\">\n<li>USB\u00a02.0\u00a0\u2013 micro USB B<\/li>\n<li>Wi-Fi\u00a0802.11\u00a0b\/g\/n<\/li>\n<li>MicroSD slot\u00a0\u2013 a\u017e do kapacity 32\u00a0GB<\/li>\n<\/ul>\n<p style=\"text-align: justify;\"><strong>Nap\u00e1janie:\u00a0<\/strong><span style=\"line-height: inherit;\">Li-Ion,\u00a0<\/span><span style=\"line-height: inherit;\">a\u017e jeden mesiac na nabitie (v\u00a0z\u00e1vislosti na pou\u017eit\u00ed WiFi sa m\u00f4\u017ee zn\u00ed\u017ei\u0165).<\/span><\/p>\n<p style=\"text-align: justify;\"><strong>Rozmery a hmotnos\u0165:<\/strong><\/p>\n<ul style=\"text-align: justify;\">\n<li><span style=\"line-height: inherit;\">174,4\u00a0\u0445 114,6\u00a0\u0445 8,3\u00a0mm (V x \u0160 x H)<\/span><\/li>\n<li>\u00a0hmotnos\u0165 &#8211; 188\u00a0g<\/li>\n<\/ul>\n<p style=\"text-align: justify;\"><strong>Farba a materi\u00e1l: <\/strong>t<span style=\"line-height: inherit;\">mavo \u0161ed\u00e1 a p<\/span><span style=\"line-height: 1.5;\">last, Soft Touch<\/span><\/p>\n<p style=\"text-align: justify;\"><strong>Obsah balenia:\u00a0<\/strong>\u010d\u00edta\u010dka,\u00a0Micro-USB k\u00e1bel,\u00a0stru\u010dn\u00fd n\u00e1vod k obsluhe,\u00a0z\u00e1ru\u010dn\u00fd list<\/p>\n","protected":false},"excerpt":{"rendered":"<p>Displej 6&#8243; (15,24 cm), E-Ink technol\u00f3gia displeja: hlavnou v\u00fdhodou je absencia negat\u00edvneho vplyvu na \u00fanavu o\u010d\u00ed, ktor\u00fd je typick\u00fd pre LCD displej, obrazovka E Ink Vizplex o\u00a0ve\u013ekosti 6&#8243; s\u00a0rozl\u00ed\u0161en\u00edm 166\u00a0dpi, respekt\u00edve 800\u00d7600 pixelov, ktor\u00e1 podporuje 16\u00a0\u00farovn\u00ed \u0161edi, v\u00fdborne zobrazuje komplexn\u00e9 texty aj ilustr\u00e1cie, Wi-fi\u00a0802.11b\/g\/n s\u00a0podporou WEP, WPA a WPA2, menu \u010d\u00edta\u010dky je v sloven\u010dine, vynikaj\u00faca &#8230; <a title=\"PocketBook Basic 2\" class=\"read-more\" href=\"https:\/\/www.krajskakniznicazilina.sk\/index.php\/sluzby\/odborna-literatura\/pocketbook-basic-2\/\" aria-label=\"Pre\u010d\u00edtajte si viac o PocketBook Basic 2\">\u010c\u00edta\u0165 viac<\/a><\/p>\n","protected":false},"author":1,"featured_media":0,"parent":121,"menu_order":0,"comment_status":"closed","ping_status":"closed","template":"","meta":{"footnotes":""},"class_list":["post-783","page","type-page","status-publish"],"_links":{"self":[{"href":"https:\/\/www.krajskakniznicazilina.sk\/index.php\/wp-json\/wp\/v2\/pages\/783","targetHints":{"allow":["GET"]}}],"collection":[{"href":"https:\/\/www.krajskakniznicazilina.sk\/index.php\/wp-json\/wp\/v2\/pages"}],"about":[{"href":"https:\/\/www.krajskakniznicazilina.sk\/index.php\/wp-json\/wp\/v2\/types\/page"}],"author":[{"embeddable":true,"href":"https:\/\/www.krajskakniznicazilina.sk\/index.php\/wp-json\/wp\/v2\/users\/1"}],"replies":[{"embeddable":true,"href":"https:\/\/www.krajskakniznicazilina.sk\/index.php\/wp-json\/wp\/v2\/comments?post=783"}],"version-history":[{"count":9,"href":"https:\/\/www.krajskakniznicazilina.sk\/index.php\/wp-json\/wp\/v2\/pages\/783\/revisions"}],"predecessor-version":[{"id":3125,"href":"https:\/\/www.krajskakniznicazilina.sk\/index.php\/wp-json\/wp\/v2\/pages\/783\/revisions\/3125"}],"up":[{"embeddable":true,"href":"https:\/\/www.krajskakniznicazilina.sk\/index.php\/wp-json\/wp\/v2\/pages\/121"}],"wp:attachment":[{"href":"https:\/\/www.krajskakniznicazilina.sk\/index.php\/wp-json\/wp\/v2\/media?parent=783"}],"curies":[{"name":"wp","href":"https:\/\/api.w.org\/{rel}","templated":true}]}}