{"id":790,"date":"2017-09-26T08:40:04","date_gmt":"2017-09-26T06:40:04","guid":{"rendered":"http:\/\/www.krajskakniznicazilina.sk\/novastranka\/?page_id=790"},"modified":"2019-03-12T10:01:12","modified_gmt":"2019-03-12T09:01:12","slug":"pocketbook-basic-touch-624","status":"publish","type":"page","link":"https:\/\/www.krajskakniznicazilina.sk\/index.php\/sluzby\/odborna-literatura\/pocketbook-basic-touch-624\/","title":{"rendered":"PocketBook Basic Touch 624"},"content":{"rendered":"<p style=\"text-align: justify;\"><strong>Displej<\/strong><\/p>\n<ul style=\"text-align: justify;\">\n<li>6&#8243; (15,24 cm)<\/li>\n<li>E-Ink Pearl technol\u00f3gia\u00a0 &#8211; hlavnou v\u00fdhodou je absencia negat\u00edvneho vplyvu na \u00fanavu o\u010d\u00ed, ktor\u00fd je typick\u00fd pre LCD displej.<\/li>\n<li>Obrazovka E Ink Vizplex o\u00a0ve\u013ekosti 6&#8243; s\u00a0rozl\u00ed\u0161en\u00edm 166\u00a0dpi, respekt\u00edve 800\u00d7600 pixelov, ktor\u00e1 podporuje 16\u00a0\u00farovn\u00ed \u0161edi, v\u00fdborne zobrazuje komplexn\u00e9 texty aj ilustr\u00e1cie,<\/li>\n<li>vynikaj\u00faca \u010ditate\u013enos\u0165 na slnku, pod lampou, a pod.<\/li>\n<li>\u00a0Multidotykov\u00fd displej Film Touch\u00a0 &#8211; pou\u017e\u00edva tenk\u00fd film (iba 0,2 mm),\u00a0 ktor\u00fd prekr\u00fdva displej namiesto skla, tak sa\u00a0 z nej st\u00e1va \u010d\u00edta\u010dka, ktor\u00e1 svojou minim\u00e1lnou hr\u00fabkou pripom\u00edna klasick\u00fd papier.<\/li>\n<\/ul>\n<p style=\"text-align: justify;\"><strong>Pam\u00e4\u0165:\u00a0<\/strong><span style=\"line-height: inherit;\">zabudovan\u00e1 pam\u00e4\u0165 4 GB\u00a0<\/span><span style=\"line-height: inherit;\">mo\u017enos\u0165 roz\u0161\u00edrenia pomocou micro SD\/SDHC kariet (a\u017e 32GB)<\/span><\/p>\n<p style=\"text-align: justify;\"><strong style=\"line-height: inherit;\">Funkcie a vlastnosti:<\/strong><\/p>\n<ul style=\"text-align: justify;\">\n<li>podpora viac ne\u017e 19 s\u00faborov\u00fdch form\u00e1tov,<\/li>\n<li>integr\u00e1cia do soci\u00e1lnej siete prostredn\u00edctvom slu\u017eby ReadRate,<\/li>\n<li>obsahuje viac ne\u017e 30 jazykov\u00fdch rozhran\u00ed,<\/li>\n<li>Dropbox<\/li>\n<li><strong>Bezdr\u00f4tov\u00e9 pripojenie\u00a0 Wi-Fi, <\/strong>Webov\u00fd prehliada\u010d<\/li>\n<\/ul>\n<p style=\"line-height: 1.5; display: inline !important; text-align: justify;\"><strong>Podporovan\u00e9 form\u00e1ty:\u00a0<\/strong>Podporovan\u00e9 form\u00e1ty\u00a0 PDF, MOBI, EPUB, DOC, FB2, HTML, DOCX, PRC, TXT, RTF<\/p>\n<p style=\"line-height: 1.5; text-align: justify;\"><strong>\u00a0<\/strong><strong>Doplnkov\u00e9 funkcie:\u00a0<\/strong><span style=\"line-height: inherit;\">slovn\u00edk,\u00a0<\/span><span style=\"line-height: inherit;\">prehliada\u010d obr\u00e1zkov,\u00a0<\/span><span style=\"line-height: inherit;\">vstavan\u00e9 hry<\/span><\/p>\n<p style=\"text-align: justify;\"><strong style=\"line-height: inherit;\">Rozmery a hmotnos\u0165:\u00a0<\/strong><span style=\"line-height: inherit;\">174,4\u00a0\u0445 114,6\u00a0\u0445 8,3\u00a0mm (V\u00a0x \u0160 x H.)<\/span><span style=\"line-height: inherit;\">\u00a0hmotnos\u0165 &#8211; 197\u00a0g<\/span><\/p>\n<p style=\"text-align: justify;\"><strong style=\"line-height: inherit;\">Nap\u00e1janie:\u00a0<\/strong><span style=\"line-height: inherit;\">Li-Ion\u00a0<\/span><span style=\"line-height: inherit;\">a\u017e jeden mesiac na nabitie (v\u00a0z\u00e1vislosti na pou\u017eit\u00ed WiFi sa m\u00f4\u017ee zn\u00ed\u017ei\u0165)<\/span><\/p>\n<p style=\"text-align: justify;\"><strong style=\"line-height: inherit;\">Farba a materi\u00e1l: <\/strong>t<span style=\"line-height: inherit;\">mavo \u0161ed\u00e1 a p<\/span>last, Soft Touch<\/p>\n<p style=\"text-align: justify;\"><strong>Obsah balenia:<\/strong><\/p>\n<ul>\n<li style=\"text-align: justify;\">\u010d\u00edta\u010dka<\/li>\n<li style=\"text-align: justify;\">Micro-USB k\u00e1bel<\/li>\n<li style=\"text-align: justify;\">stru\u010dn\u00fd n\u00e1vod k obsluhe<\/li>\n<li style=\"text-align: justify;\">z\u00e1ru\u010dn\u00fd list<\/li>\n<\/ul>\n","protected":false},"excerpt":{"rendered":"<p>Displej 6&#8243; (15,24 cm) E-Ink Pearl technol\u00f3gia\u00a0 &#8211; hlavnou v\u00fdhodou je absencia negat\u00edvneho vplyvu na \u00fanavu o\u010d\u00ed, ktor\u00fd je typick\u00fd pre LCD displej. Obrazovka E Ink Vizplex o\u00a0ve\u013ekosti 6&#8243; s\u00a0rozl\u00ed\u0161en\u00edm 166\u00a0dpi, respekt\u00edve 800\u00d7600 pixelov, ktor\u00e1 podporuje 16\u00a0\u00farovn\u00ed \u0161edi, v\u00fdborne zobrazuje komplexn\u00e9 texty aj ilustr\u00e1cie, vynikaj\u00faca \u010ditate\u013enos\u0165 na slnku, pod lampou, a pod. \u00a0Multidotykov\u00fd displej Film &#8230; <a title=\"PocketBook Basic Touch 624\" class=\"read-more\" href=\"https:\/\/www.krajskakniznicazilina.sk\/index.php\/sluzby\/odborna-literatura\/pocketbook-basic-touch-624\/\" aria-label=\"Pre\u010d\u00edtajte si viac o PocketBook Basic Touch 624\">\u010c\u00edta\u0165 viac<\/a><\/p>\n","protected":false},"author":1,"featured_media":0,"parent":121,"menu_order":0,"comment_status":"closed","ping_status":"closed","template":"","meta":{"footnotes":""},"class_list":["post-790","page","type-page","status-publish"],"_links":{"self":[{"href":"https:\/\/www.krajskakniznicazilina.sk\/index.php\/wp-json\/wp\/v2\/pages\/790","targetHints":{"allow":["GET"]}}],"collection":[{"href":"https:\/\/www.krajskakniznicazilina.sk\/index.php\/wp-json\/wp\/v2\/pages"}],"about":[{"href":"https:\/\/www.krajskakniznicazilina.sk\/index.php\/wp-json\/wp\/v2\/types\/page"}],"author":[{"embeddable":true,"href":"https:\/\/www.krajskakniznicazilina.sk\/index.php\/wp-json\/wp\/v2\/users\/1"}],"replies":[{"embeddable":true,"href":"https:\/\/www.krajskakniznicazilina.sk\/index.php\/wp-json\/wp\/v2\/comments?post=790"}],"version-history":[{"count":4,"href":"https:\/\/www.krajskakniznicazilina.sk\/index.php\/wp-json\/wp\/v2\/pages\/790\/revisions"}],"predecessor-version":[{"id":3126,"href":"https:\/\/www.krajskakniznicazilina.sk\/index.php\/wp-json\/wp\/v2\/pages\/790\/revisions\/3126"}],"up":[{"embeddable":true,"href":"https:\/\/www.krajskakniznicazilina.sk\/index.php\/wp-json\/wp\/v2\/pages\/121"}],"wp:attachment":[{"href":"https:\/\/www.krajskakniznicazilina.sk\/index.php\/wp-json\/wp\/v2\/media?parent=790"}],"curies":[{"name":"wp","href":"https:\/\/api.w.org\/{rel}","templated":true}]}}