{"id":794,"date":"2017-09-26T08:40:06","date_gmt":"2017-09-26T06:40:06","guid":{"rendered":"http:\/\/www.krajskakniznicazilina.sk\/novastranka\/?page_id=794"},"modified":"2019-03-12T10:01:24","modified_gmt":"2019-03-12T09:01:24","slug":"pocketbook-basic-touch-lux-2","status":"publish","type":"page","link":"https:\/\/www.krajskakniznicazilina.sk\/index.php\/sluzby\/odborna-literatura\/pocketbook-basic-touch-lux-2\/","title":{"rendered":"PocketBook Basic Touch Lux 2"},"content":{"rendered":"<p style=\"text-align: justify;\"><strong>Displej:<\/strong><\/p>\n<ul style=\"text-align: justify;\">\n<li>dotykov\u00fd displej<\/li>\n<li>6&#8243; (15,24 cm)\u00a0 displej s technol\u00f3giou E-Ink Pearl HD &#8211; text je ove\u013ea jasnej\u0161\u00ed, \u010distej\u0161\u00ed a \u010ditate\u013enej\u0161\u00ed.<\/li>\n<li>nasvieten\u00fd displej umo\u017e\u0148uje \u010d\u00edtanie aj za zhor\u0161en\u00fdch sveteln\u00fdch podmienok alebo aj v tme.<\/li>\n<\/ul>\n<p style=\"text-align: justify;\"><strong>Pam\u00e4\u0165:<\/strong>\u00a0<span style=\"line-height: inherit;\">vn\u00fatorn\u00e1 pam\u00e4\u0165 s kapacitou 4 GB,\u00a0<\/span><span style=\"line-height: inherit;\">mo\u017enos\u0165 roz\u0161\u00edri\u0165 pomocou pam\u00e4\u0165ovej karty a\u017e o \u010fal\u0161\u00edch 32 GB.<\/span><\/p>\n<p style=\"text-align: justify;\"><strong style=\"line-height: inherit;\">Procesor: <\/strong>v<span style=\"line-height: inherit;\">\u00fdkonn\u00fd 1 GHz procesor a pam\u00e4\u0165 s ve\u013ekos\u0165ou 256 MB &#8211;\u00a0 r\u00fdchla odozva v akejko\u013evek aplik\u00e1cii.<\/span><\/p>\n<p style=\"text-align: justify;\"><strong>Funkcie a vlastnosti:<\/strong><\/p>\n<ul style=\"text-align: justify;\">\n<li><span style=\"line-height: inherit;\">bez akejko\u013evek konverzie zobraz\u00ed 18 form\u00e1tov kn\u00edh (PDF, PDF (DRM), EPUB, EPUB(DRM), DJVU, FB2, FB2.ZIP, DOC, DOCX, RTF, PRC, TCR, TXT, CHM, HTM, HTML, MOBI, ACSM), a\u00a0 4 grafick\u00e9 form\u00e1ty (JPEG, BMP, PNG, TIFF) a 4 obrazov\u00e9 form\u00e1ty (JPEG, BMP, PNG, TIFF).<\/span><\/li>\n<li>\u00a0zadn\u00e1 \u010das\u0165 zariadenia m\u00e1 \u0161peci\u00e1lny povrch, v\u010faka ktor\u00e9mu\u00a0 \u010d\u00edta\u010dka lep\u0161ie padne do jednej ruky.<\/li>\n<\/ul>\n<p style=\"text-align: justify;\"><strong>Nap\u00e1janie:<\/strong> v<span style=\"line-height: inherit;\">\u00e4\u010d\u0161ia bat\u00e9ria v\u00e1m teraz dovol\u00ed \u010d\u00edta\u0165 si a\u017e t\u00fd\u017edne bez nutn\u00e9ho nab\u00edjania.<\/span><\/p>\n<p style=\"text-align: justify;\"><strong style=\"line-height: inherit;\">Rozmery a hmotnos\u0165: <\/strong><span style=\"line-height: inherit;\">174,4\u00a0\u0445 114,6\u00a0\u0445 8,3\u00a0mm (V\u00a0x \u0160 x H),\u00a0<\/span><span style=\"line-height: inherit;\">hmotnos\u0165 &#8211; 208\u00a0g<\/span><\/p>\n<p style=\"text-align: justify;\"><strong>Obsah balenia:<\/strong><\/p>\n<ul>\n<li style=\"text-align: justify;\">\u010d\u00edta\u010dka<\/li>\n<li style=\"text-align: justify;\">Micro-USB k\u00e1bel<\/li>\n<li style=\"text-align: justify;\">stru\u010dn\u00fd n\u00e1vod k obsluhe<\/li>\n<li style=\"text-align: justify;\">z\u00e1ru\u010dn\u00fd list<\/li>\n<\/ul>\n","protected":false},"excerpt":{"rendered":"<p>Displej: dotykov\u00fd displej 6&#8243; (15,24 cm)\u00a0 displej s technol\u00f3giou E-Ink Pearl HD &#8211; text je ove\u013ea jasnej\u0161\u00ed, \u010distej\u0161\u00ed a \u010ditate\u013enej\u0161\u00ed. nasvieten\u00fd displej umo\u017e\u0148uje \u010d\u00edtanie aj za zhor\u0161en\u00fdch sveteln\u00fdch podmienok alebo aj v tme. Pam\u00e4\u0165:\u00a0vn\u00fatorn\u00e1 pam\u00e4\u0165 s kapacitou 4 GB,\u00a0mo\u017enos\u0165 roz\u0161\u00edri\u0165 pomocou pam\u00e4\u0165ovej karty a\u017e o \u010fal\u0161\u00edch 32 GB. Procesor: v\u00fdkonn\u00fd 1 GHz procesor a pam\u00e4\u0165 &#8230; <a title=\"PocketBook Basic Touch Lux 2\" class=\"read-more\" href=\"https:\/\/www.krajskakniznicazilina.sk\/index.php\/sluzby\/odborna-literatura\/pocketbook-basic-touch-lux-2\/\" aria-label=\"Pre\u010d\u00edtajte si viac o PocketBook Basic Touch Lux 2\">\u010c\u00edta\u0165 viac<\/a><\/p>\n","protected":false},"author":1,"featured_media":0,"parent":121,"menu_order":0,"comment_status":"closed","ping_status":"closed","template":"","meta":{"footnotes":""},"class_list":["post-794","page","type-page","status-publish"],"_links":{"self":[{"href":"https:\/\/www.krajskakniznicazilina.sk\/index.php\/wp-json\/wp\/v2\/pages\/794","targetHints":{"allow":["GET"]}}],"collection":[{"href":"https:\/\/www.krajskakniznicazilina.sk\/index.php\/wp-json\/wp\/v2\/pages"}],"about":[{"href":"https:\/\/www.krajskakniznicazilina.sk\/index.php\/wp-json\/wp\/v2\/types\/page"}],"author":[{"embeddable":true,"href":"https:\/\/www.krajskakniznicazilina.sk\/index.php\/wp-json\/wp\/v2\/users\/1"}],"replies":[{"embeddable":true,"href":"https:\/\/www.krajskakniznicazilina.sk\/index.php\/wp-json\/wp\/v2\/comments?post=794"}],"version-history":[{"count":3,"href":"https:\/\/www.krajskakniznicazilina.sk\/index.php\/wp-json\/wp\/v2\/pages\/794\/revisions"}],"predecessor-version":[{"id":3127,"href":"https:\/\/www.krajskakniznicazilina.sk\/index.php\/wp-json\/wp\/v2\/pages\/794\/revisions\/3127"}],"up":[{"embeddable":true,"href":"https:\/\/www.krajskakniznicazilina.sk\/index.php\/wp-json\/wp\/v2\/pages\/121"}],"wp:attachment":[{"href":"https:\/\/www.krajskakniznicazilina.sk\/index.php\/wp-json\/wp\/v2\/media?parent=794"}],"curies":[{"name":"wp","href":"https:\/\/api.w.org\/{rel}","templated":true}]}}