{"id":872,"date":"2018-02-02T10:54:00","date_gmt":"2018-02-02T09:54:00","guid":{"rendered":"http:\/\/www2.krajskakniznicazilina.sk\/?page_id=872"},"modified":"2026-01-22T10:22:37","modified_gmt":"2026-01-22T09:22:37","slug":"kniha-horneho-povazia","status":"publish","type":"page","link":"https:\/\/www.krajskakniznicazilina.sk\/index.php\/pre-kniznice\/kniha-horneho-povazia\/","title":{"rendered":"Kniha Horn\u00e9ho Pova\u017eia"},"content":{"rendered":"<p style=\"text-align: justify;\">Krajsk\u00e1 kni\u017enica v \u017diline vyhlasuje u\u017e od roku 2006 \u010ditate\u013esk\u00fa s\u00fa\u0165a\u017e Kniha Roka. Cie\u013eom s\u00fa\u0165a\u017ee je predstavi\u0165 verejnosti tvorbu a\u00a0 osobnosti autorov \u017eij\u00facich a\u00a0 p\u00f4sobiacich v\u00a0regi\u00f3ne Horn\u00e9 Pova\u017eie. Do s\u00fa\u0165a\u017ee m\u00f4\u017eu by\u0165 zaraden\u00e9 knihy vydan\u00e9 v\u00a0danom roku, s\u00fa sp\u00e4t\u00e9 s regi\u00f3nom Horn\u00e9ho Pova\u017eia tematicky alebo osobou autora textovej \u010di obrazovej \u010dasti\u00a0 a bolo im pridelen\u00e9 ISBN. Od roku 2010 prebiehala \u010ditate\u013esk\u00e1 s\u00fa\u0165a\u017e pod nov\u00fdm n\u00e1zvom Kniha Horn\u00e9ho Pova\u017eia.<\/p>\n<p style=\"text-align: justify;\">O\u00a0v\u00fdsledkoch s\u00fa\u0165a\u017ee rozhoduje \u010ditate\u013esk\u00e1 verejnos\u0165 formou hlasovania. Nominovan\u00e9 knihy predstavujeme prostredn\u00edctvom medi\u00e1lnych partnerov v\u00a0region\u00e1lnych periodik\u00e1ch, r\u00e1diu a\u00a0telev\u00edzii a\u00a0na webovej str\u00e1nke a facebooku na\u0161ej kni\u017enice. Takouto formou sa autori a\u00a0knihy n\u00e1\u0161ho regi\u00f3nu dostan\u00fa do povedomia \u0161irokej verejnosti. Ve\u013ek\u00fdm pr\u00ednosom tejto s\u00fa\u0165a\u017ee je v\u00a0neposlednej miere z\u00edskanie t\u00fdchto titulov do fondu Krajskej kni\u017enice v\u00a0\u017diline.<\/p>\n<p style=\"text-align: justify;\"><strong>Kniha Horn\u00e9ho Pova\u017eia 2025 &#8211; 20. ro\u010dn\u00edk \u010ditate\u013eskej s\u00fa\u0165a\u017ee<\/strong>\u00a0(<a href=\"https:\/\/www.krajskakniznicazilina.sk\/menu\/prekniz\/knihaHP\/khp2025prav.pdf\">pravidl\u00e1 s\u00fa\u0165a\u017ee<\/a>). <b>Nominovanie kn\u00edh <\/b>prebieha\u00a0v term\u00edne <strong>od 26. janu\u00e1ra <\/strong><strong>do 24. febru\u00e1ra <\/strong>2026. <strong>Hlasovanie<\/strong> bude prebieha\u0165 <strong>od 2. marca do 10. apr\u00edla<\/strong> 2026. <strong>Vyhl\u00e1senie v\u00fdsledkov<\/strong> sa bude kona\u0165<strong> 23. apr\u00edla<\/strong> 2026<strong>\u00a0o 16:00<\/strong>.<\/p>\n<h4 style=\"text-align: justify;\"><strong>V\u00ed\u0165azn\u00e9 knihy Horn\u00e9ho Pova\u017eia<\/strong><\/h4>\n<p>Kniha Horn\u00e9ho Pova\u017eia 2024<\/p>\n<ul style=\"text-align: justify;\">\n<li>beletria:<strong> Hus vo ve\u013ekomeste (Katar\u00edna Mikol\u00e1\u0161ov\u00e1)<\/strong><\/li>\n<li>odborn\u00e1 literat\u00fara: <strong>[Odhalen\u00e9] tajomstvo Leonardovej Poslednej ve\u010dere (Stanislav Lajda)<\/strong><\/li>\n<\/ul>\n<p>Kniha Horn\u00e9ho Pova\u017eia 2023<\/p>\n<ul style=\"text-align: justify;\">\n<li>beletria:<strong> OGI B\u00c1JE. Japonsk\u00e9 rozpr\u00e1vky (Denisa Cabadaj Ogino)<\/strong><\/li>\n<li>odborn\u00e1 literat\u00fara: <strong>Brodno (J\u00e1n Moravec)<\/strong><\/li>\n<\/ul>\n<p style=\"text-align: justify;\">Kniha Horn\u00e9ho Pova\u017eia 2022<\/p>\n<ul style=\"text-align: justify;\">\n<li>beletria: <strong>Dvan\u00e1s\u0165 kr\u00e1sav\u00edc. Povesti o hradoch z povodia V\u00e1hu (J. Moravec) a Komora babky \u017delky (K. Mikol\u00e1\u0161ov\u00e1)<\/strong><\/li>\n<li>odborn\u00e1 literat\u00fara:\u00a0 <strong>Hri\u010dov. \u010criepky z \u010dasov d\u00e1vnominul\u00fdch(\u013d. Kov\u00e1\u010dech)<\/strong><\/li>\n<li><a href=\"https:\/\/www.krajskakniznicazilina.sk\/index.php\/2023\/04\/26\/kniha-horneho-povazia-2022-2\/\">umiestnenia 2022<\/a><\/li>\n<\/ul>\n<p style=\"text-align: justify;\">Kniha Horn\u00e9ho Pova\u017eia 2021<\/p>\n<ul style=\"text-align: justify;\">\n<li>beletria: <strong>Za\u017eili sme ho. Spomienky na k\u0148aza Stanislava Bel\u00e1ka (E. Vl\u010dkov\u00e1, V. Tandarov\u00e1)<\/strong><\/li>\n<li>odborn\u00e1 literat\u00fara: <strong>Dlh\u00e9 Pole. Hist\u00f3ria a s\u00fa\u010dasnos\u0165 I., II. (K. Trh\u00e1\u010dov\u00e1, M. Lackov\u00e1 a kolekt\u00edv)<\/strong><\/li>\n<li><a href=\"https:\/\/www.krajskakniznicazilina.sk\/index.php\/2022\/04\/27\/kniha-horneho-povazia-2021-2\/\">umiestnenia 2021<\/a><\/li>\n<\/ul>\n<p style=\"text-align: justify;\">Kniha Horn\u00e9ho Pova\u017eia 2020<\/p>\n<ul style=\"text-align: justify;\">\n<li>beletria: <strong><a href=\"http:\/\/katalog.krajskakniznicazilina.sk\/Carmen\/sk\/detail\/10656638?st=SMART&amp;d=594&amp;q=Povesti+spod+Vitoroga+%E2%80%93+Pri%C4%8De+ispod+Vitoroga&amp;w=ALL&amp;p=1&amp;t=GOOGLE&amp;s=relevance#.YeUPZP7MKUk\">Povesti spod Vitoroga \u2013 Pri\u010de ispod Vitoroga<\/a> (Mikol\u00e1\u0161ov\u00e1, K.)<\/strong><\/li>\n<li>odborn\u00e1 literat\u00fara: <strong><a href=\"http:\/\/katalog.krajskakniznicazilina.sk\/Carmen\/sk\/detail\/11017771?st=SMART&amp;d=594&amp;q=z+tej+doliny+na+t%C3%BA&amp;w=ALL&amp;p=1&amp;t=GOOGLE&amp;s=relevance#.YeUPP_7MKUk\">Z tej doliny na t\u00fa<\/a> (Marcinov\u00e1, J. a S. Jame\u010dn\u00e1)<\/strong><\/li>\n<li><a href=\"https:\/\/www.krajskakniznicazilina.sk\/index.php\/2021\/04\/27\/kniha-horneho-povazia-2020-ts\/\">umiestnenia 2020<\/a><\/li>\n<\/ul>\n<p style=\"text-align: justify;\">Kniha Horn\u00e9ho Pova\u017eia 2019<\/p>\n<ul style=\"text-align: justify;\">\n<li>beletria: <strong><a href=\"http:\/\/katalog.krajskakniznicazilina.sk\/Carmen\/sk\/detail\/7428807?st=SMART&amp;d=594&amp;q=Spievanky+2&amp;w=ALL&amp;p=1&amp;t=GOOGLE&amp;s=relevance#.YeUO2_7MKUk\">Spievanky 2<\/a> (Lajda, S.)<\/strong><\/li>\n<li>odborn\u00e1 literat\u00fara: <strong><a href=\"http:\/\/katalog.krajskakniznicazilina.sk\/Carmen\/sk\/detail\/5368433?st=SMART&amp;d=594&amp;q=Pavla+Viteka+Sib%C3%ADrske+siroty+%E2%80%93+Bajkalsko-amursk%C3%A1+magistr%C3%A1la&amp;w=ALL&amp;p=1&amp;t=GOOGLE&amp;s=relevance#.YeUOq_7MKUk\">Sib\u00edrske siroty \u2013 Bajkalsko-amursk\u00e1 magistr\u00e1la<\/a> (Vitek, P.)<\/strong><\/li>\n<li><a href=\"https:\/\/www.krajskakniznicazilina.sk\/index.php\/2020\/05\/20\/khp19-vitaz\/\">umiestnenia 2019<\/a><\/li>\n<\/ul>\n<p style=\"text-align: justify;\">Kniha Horn\u00e9ho Pova\u017eia 2018<\/p>\n<ul style=\"text-align: justify;\">\n<li>beletria: <strong><a href=\"http:\/\/katalog.krajskakniznicazilina.sk\/Carmen\/sk\/detail\/5059150?st=SMART&amp;d=594&amp;q=Zlat%C3%A1+br%C3%A1na.+Povesti+a+rozpr%C3%A1vky+z+Horn%C3%A9ho+Pova%C5%BEia&amp;w=ALL&amp;p=1&amp;t=GOOGLE&amp;s=relevance#.YeZYIf7MKUk\">Zlat\u00e1 br\u00e1na. Povesti a rozpr\u00e1vky z Horn\u00e9ho Pova\u017eia<\/a> (Moravec, J.)<\/strong><\/li>\n<li>odborn\u00e1 literat\u00fara: <strong><a href=\"http:\/\/katalog.krajskakniznicazilina.sk\/Carmen\/sk\/detail\/4897176?st=SMART&amp;d=594&amp;q=Divinka+a+Lalinok&amp;w=ALL&amp;p=1&amp;t=GOOGLE&amp;s=relevance#.YeZYaP7MKUk\">Divinka a Lalinok<\/a> (M. Sobola, J. Jaro\u0161, J. \u0160va\u0148a a M. Kr\u0161ko)<\/strong><\/li>\n<li><a href=\"https:\/\/www.krajskakniznicazilina.sk\/menu\/prekniz\/knihaHP\/khp2018.pdf\">umiestnenia 2018<\/a><\/li>\n<\/ul>\n<p style=\"text-align: justify;\">Kniha Horn\u00e9ho Pova\u017eia 2017<\/p>\n<ul style=\"text-align: justify;\">\n<li>beletria:\u00a0<strong><a href=\"http:\/\/katalog.krajskakniznicazilina.sk\/Carmen\/sk\/detail\/2482670?st=SMART&amp;d=492&amp;q=Po+ko%C4%BEajniciach+do+hlb%C3%ADn+Ruska+%28Vitek%2C+P.%29&amp;w=ALL&amp;p=1&amp;t=GOOGLE&amp;s=relevance#.W6sp1XszaUk\">Po ko\u013eajniciach do hlb\u00edn Ruska<\/a> (Vitek, P.)<\/strong><\/li>\n<li>odborn\u00e1 literat\u00fara:\u00a0<strong><a href=\"http:\/\/katalog.krajskakniznicazilina.sk\/Carmen\/sk\/detail\/2608765?st=SMART&amp;d=492&amp;q=Juraj+Straka%3A+Atletika+v+%C5%BDiline+1921+%E2%80%93+2016&amp;w=ALL&amp;p=1&amp;t=GOOGLE&amp;s=relevance#.W6spuHszaUk\">Atletika v \u017diline 1921 \u2013 2016<\/a> (Straka, J.)<\/strong><\/li>\n<li><a href=\"https:\/\/www.krajskakniznicazilina.sk\/menu\/prekniz\/knihaHP\/khp2017.pdf\">umiestnenia 2017<\/a><\/li>\n<\/ul>\n<p style=\"text-align: justify;\">Kniha Horn\u00e9ho Pova\u017eia 2016<\/p>\n<ul style=\"text-align: justify;\">\n<li style=\"list-style-type: none;\">\n<ul>\n<li>beletria: <strong><a href=\"http:\/\/katalog.krajskakniznicazilina.sk\/Carmen\/sk\/detail\/1097207?st=SMART&amp;d=447&amp;q=Al%C5%BEbeta+B%C3%A1thoryov%C3%A1.+Krvav%C3%A1+gr%C3%B3fka+z%C2%A0%C4%8Cacht%C3%ADc+%28Horeck%C3%BD%C2%A0+M.%29&amp;w=ALL&amp;p=1&amp;t=GOOGLE&amp;s=relevance#.WnsoY67iaUk\">Al\u017ebeta B\u00e1thoryov\u00e1 &#8211; krvav\u00e1 gr\u00f3fka z\u00a0\u010cacht\u00edc<\/a> (Horeck\u00fd\u00a0 M.)<\/strong><\/li>\n<li>odborn\u00e1 literat\u00fara: <strong><a href=\"http:\/\/katalog.krajskakniznicazilina.sk\/Carmen\/sk\/detail\/1116044?st=SMART&amp;d=447&amp;q=Bechn%C3%BD+%C4%BDubo+a+kol.%09+12+stato%C4%8Dn%C3%BDch%09&amp;w=ALL&amp;p=1&amp;t=GOOGLE&amp;s=relevance#.Wnsoga7iaUk\">12 stato\u010dn\u00fdch<\/a> (Bechn\u00fd \u013d. a kol.)<\/strong><\/li>\n<li><a href=\"https:\/\/www.krajskakniznicazilina.sk\/menu\/prekniz\/knihaHP\/khp2016.pdf\">umiestnenia 2016<\/a><\/li>\n<\/ul>\n<\/li>\n<\/ul>\n<p style=\"text-align: justify;\">Kniha Horn\u00e9ho Pova\u017eia 2015<\/p>\n<ul style=\"text-align: justify;\">\n<li>beletria:\u00a0<strong><a href=\"http:\/\/katalog.krajskakniznicazilina.sk\/Carmen\/sk\/detail\/178847?st=SMART&amp;d=447&amp;q=Bojnick%C3%AD+b%C3%BAbeli+%28Mikol%C3%A1%C5%A1ov%C3%A1%2C+K.%29&amp;w=ALL&amp;p=1&amp;t=GOOGLE&amp;s=relevance#.Wnsnua7iaUk\">Bojnick\u00ed b\u00fabeli<\/a> (Mikol\u00e1\u0161ov\u00e1, K.)<\/strong><\/li>\n<li>odborn\u00e1 literat\u00fara:\u00a0<strong><a href=\"http:\/\/katalog.krajskakniznicazilina.sk\/Carmen\/sk\/detail\/185813?st=SMART&amp;d=447&amp;q=Groma+Patrik%2C+Nov%C3%A1k+Milan%2C+Pfliegel+Miroslav%2C+%C5%A0tansk%C3%BD+Peter%3A+%C5%BDilina+vo+svetle+l%C3%A1mp+%28ne%29zabudnut%C3%A1+hist%C3%B3ria+energetiky&amp;w=ALL&amp;p=1&amp;t=GOOGLE&amp;s=relevance#.Wnsn0a7iaUk\">\u017dilina vo svetle l\u00e1mp (ne)zabudnut\u00e1 hist\u00f3ria energetiky<\/a> (Groma P., Nov\u00e1k M., Pfliegel M., \u0160tansk\u00fd P.)<\/strong><\/li>\n<li><a href=\"https:\/\/www.krajskakniznicazilina.sk\/menu\/prekniz\/knihaHP\/khp2015.pdf\">umiestnenia 2015<\/a><\/li>\n<\/ul>\n<p style=\"text-align: justify;\">Kniha Horn\u00e9ho Pova\u017eia 2014<\/p>\n<ul style=\"text-align: justify;\">\n<li>beletria:\u00a0<strong><a href=\"http:\/\/katalog.krajskakniznicazilina.sk\/Carmen\/sk\/detail\/134097?st=SMART&amp;d=447&amp;q=Necpalov%C3%A1%2C+Jana%3A+Zo+%C5%A1krupiny%2C+Nezvy%C4%8Dajn%C3%BD+dar+z+cudziny&amp;w=ALL&amp;p=1&amp;t=GOOGLE&amp;s=relevance#.Wnsm2q7iaUk\">Zo \u0161krupiny &#8211; nezvy\u010dajn\u00fd dar z cudziny<\/a> (Necpalov\u00e1, J.)<\/strong><\/li>\n<li>odborn\u00e1 literat\u00fara:\u00a0<strong><a href=\"http:\/\/katalog.krajskakniznicazilina.sk\/Carmen\/sk\/detail\/126570?st=SMART&amp;d=447&amp;q=Smie%C5%A1ko+Roman%2C+Fr%C3%A1trikov%C3%A1+O%C4%BEga%2C+Nov%C3%A1k+Milan%2C+%C5%A0tansk%C3%BD+Peter%2C+Valenta+Zden%C4%9Bk%3A+Lek%C3%A1rne+a+lek%C3%A1rnici+v+okrese+%C5%BDilina+pred+rokom+1990&amp;w=ALL&amp;p=1&amp;t=GOOGLE&amp;s=relevance#.WnsnGa7iaUk\">Lek\u00e1rne a lek\u00e1rnici v okrese \u017dilina pred rokom 1990<\/a> (Smie\u0161ko R., Fr\u00e1trikov\u00e1 O., Nov\u00e1k M., \u0160tansk\u00fd P., Valenta Z.)<\/strong><\/li>\n<li><a href=\"https:\/\/www.krajskakniznicazilina.sk\/menu\/prekniz\/knihaHP\/khp2014.pdf\">umiestnenia 2014<\/a><\/li>\n<\/ul>\n<p style=\"text-align: justify;\">Kniha Horn\u00e9ho Pova\u017eia 2013<\/p>\n<ul style=\"text-align: justify;\">\n<li>beletria:\u00a0<strong><a href=\"http:\/\/katalog.krajskakniznicazilina.sk\/Carmen\/sk\/detail\/123308?st=SMART&amp;d=447&amp;q=Mi%C5%A1%C3%ADkov%C3%A1%2C+%C4%BDubica%3A+Vyvolen%C3%A1&amp;w=ALL&amp;p=1&amp;t=GOOGLE&amp;s=relevance#.Wnsllq7iaUk\">Vyvolen\u00e1<\/a> (Mi\u0161\u00edkov\u00e1, \u013d.)<\/strong><\/li>\n<li>odborn\u00e1 literat\u00fara:\u00a0<strong><a href=\"http:\/\/katalog.krajskakniznicazilina.sk\/Carmen\/sk\/detail\/124390?st=SMART&amp;d=447&amp;q=Veli%C4%8Dka%2C+Drahom%C3%ADr+jablonov%C3%A9+monografie&amp;w=ALL&amp;p=1&amp;t=GOOGLE&amp;s=relevance#.Wnsmfq7iaUk\">Jablonov\u00e9 monografia obce 1268-2013<\/a> (Veli\u010dka, D. a kol.)<\/strong><\/li>\n<li><a href=\"https:\/\/www.krajskakniznicazilina.sk\/menu\/prekniz\/knihaHP\/khp2013.pdf\">umiestnenia 2013<\/a><\/li>\n<\/ul>\n<p style=\"text-align: justify;\">Kniha Horn\u00e9ho Pova\u017eia 2012<\/p>\n<ul style=\"text-align: justify;\">\n<li>beletria:\u00a0<strong><a href=\"http:\/\/katalog.krajskakniznicazilina.sk\/Carmen\/sk\/detail\/120814?st=SMART&amp;d=447&amp;q=Najkraj%C5%A1ie+slovensk%C3%A9+povesti+o+zvonoch+%28Mi%C5%A1%C3%A1k%2C+P.%29&amp;w=ALL&amp;p=1&amp;t=GOOGLE&amp;s=relevance#.WnsiWK7iaUk\">Najkraj\u0161ie slovensk\u00e9 povesti o zvonoch<\/a> (Mi\u0161\u00e1k, P.)<\/strong><\/li>\n<li>odborn\u00e1 literat\u00fara:\u00a0<strong><a href=\"http:\/\/katalog.krajskakniznicazilina.sk\/Carmen\/sk\/detail\/122442?st=SMART&amp;d=447&amp;q=Z+v%C5%95%C5%A1ku+do+doliny&amp;w=ALL&amp;p=1&amp;t=GOOGLE&amp;s=relevance#.Wnsimq7iaUk\">Z v\u0155\u0161ku do doliny<\/a> (Marcinov\u00e1 \u2013 Knapcov\u00e1 J., Jame\u010dn\u00e1 S.<\/strong><strong>)<\/strong><\/li>\n<li><a href=\"https:\/\/www.krajskakniznicazilina.sk\/menu\/prekniz\/knihaHP\/khp2012.pdf\">umiestnenia 2012<\/a><\/li>\n<\/ul>\n<p style=\"text-align: justify;\">Kniha Horn\u00e9ho Pova\u017eia 2011<\/p>\n<ul style=\"text-align: justify;\">\n<li>beletria:\u00a0<strong><a href=\"http:\/\/katalog.krajskakniznicazilina.sk\/Carmen\/sk\/detail\/117014?st=SMART&amp;d=447&amp;q=Pa%C5%BEick%C3%A1%2C+Marta%3A+Pr%C3%ADbehy+babky+bylink%C3%A1rky&amp;w=ALL&amp;p=1&amp;t=GOOGLE&amp;s=relevance#.Wnsh8q7iaUk\">Pr\u00edbehy babky bylink\u00e1rky<\/a> (Pa\u017eick\u00e1, M.)<\/strong><\/li>\n<li>odborn\u00e1 literat\u00fara:\u00a0<strong><a href=\"http:\/\/katalog.krajskakniznicazilina.sk\/Carmen\/sk\/detail\/120021?st=SMART&amp;d=447&amp;q=Fedor+Ruppeldt+%C5%BEivot+a+dielo&amp;w=ALL&amp;p=1&amp;t=GOOGLE&amp;s=relevance#.WnsiFa7iaUk\">Fedor Ruppeldt \u017eivot a\u00a0dielo<\/a><\/strong><\/li>\n<li><a href=\"https:\/\/www.krajskakniznicazilina.sk\/menu\/prekniz\/knihaHP\/khp2011.pdf\">umiestnenia 2011<\/a><\/li>\n<\/ul>\n<p style=\"text-align: justify;\">Kniha Horn\u00e9ho Pova\u017eia 2010<\/p>\n<ul style=\"text-align: justify;\">\n<li>beletria: <strong><a href=\"http:\/\/katalog.krajskakniznicazilina.sk\/Carmen\/sk\/detail\/109678?st=SMART&amp;d=447&amp;q=Srde%C4%8Dn%C3%BD+pozdrav+z+dovolenky+&amp;w=ALL&amp;p=1&amp;t=GOOGLE&amp;s=relevance#.WnnUt67iaUk\">Srde\u010dn\u00fd pozdrav z dovolenky<\/a>\u00a0(Jaro\u0161ov\u00e1, B.)<\/strong><\/li>\n<li>odborn\u00e1 literat\u00fara: <strong><a href=\"http:\/\/katalog.krajskakniznicazilina.sk\/Carmen\/sk\/detail\/109455?st=SMART&amp;d=447&amp;q=Dr.+Ivan+V.+Hudec+a++kol.%3A+Trnov%C3%A9%2C+monografia+obce&amp;w=ALL&amp;p=1&amp;t=GOOGLE&amp;s=relevance#.WnnVLq7iaUk\">Trnov\u00e9 &#8211; monografia obce<\/a> (Dr. I. V. Hudec a kol.)<\/strong><\/li>\n<li><a href=\"https:\/\/www.krajskakniznicazilina.sk\/menu\/prekniz\/knihaHP\/khp2010.pdf\">umiestnenia 2010<\/a><\/li>\n<\/ul>\n<p style=\"text-align: justify;\">Kniha roka 2009<\/p>\n<ul style=\"text-align: justify;\">\n<li><strong><a href=\"http:\/\/katalog.krajskakniznicazilina.sk\/Carmen\/sk\/detail\/105046?st=SMART&amp;d=447&amp;q=Hamzov%C3%A1%2C+M%C3%A1ria%3A+Zajtra+m%C3%B4%C5%BEe+by%C5%A5+neskoro+&amp;w=ALL&amp;p=1&amp;t=GOOGLE&amp;s=relevance#.WnnT4a7iaUk\">Zajtra m\u00f4\u017ee by\u0165 neskoro<\/a> (Hamzov\u00e1, M.)<\/strong><\/li>\n<li><a href=\"https:\/\/www.krajskakniznicazilina.sk\/menu\/prekniz\/knihaHP\/khp2009.pdf\">umiestnenia 2009<\/a><\/li>\n<\/ul>\n<p style=\"text-align: justify;\">Kniha roka 2008<\/p>\n<ul style=\"text-align: justify;\">\n<li><strong><a href=\"http:\/\/katalog.krajskakniznicazilina.sk\/Carmen\/sk\/detail\/101415?st=SMART&amp;d=447&amp;q=Sl%C3%A1dkov%C3%A1%2C+Andrea%3A+Doln%C3%BD+Hri%C4%8Dov+1208+-+2008+&amp;w=ALL&amp;p=1&amp;t=GOOGLE&amp;s=relevance#.WnnTmK7iaUk\">Doln\u00fd Hri\u010dov 1208 &#8211; 2008<\/a> (Sl\u00e1dkov\u00e1, A.)<\/strong><\/li>\n<li><a href=\"https:\/\/www.krajskakniznicazilina.sk\/menu\/prekniz\/knihaHP\/khp2008.pdf\">umiestnenia 2008<\/a><\/li>\n<\/ul>\n<p style=\"text-align: justify;\">Kniha roka 2007<\/p>\n<ul style=\"text-align: justify;\">\n<li><strong><a href=\"http:\/\/katalog.krajskakniznicazilina.sk\/Carmen\/sk\/detail\/98885?d=447&amp;dt=DETAIL&amp;st=SMART&amp;d=447&amp;q=Ondr%C3%A1%C4%8Dek%2C+Martin%3A+Slovensko.+Sprievodca+&amp;w=ALL&amp;t=GOOGLE&amp;p=1&amp;s=relevance#.WnnIhK7iaUk\">Slovensko &#8211; sprievodca<\/a> (Ondr\u00e1\u010dek, M.)<\/strong><\/li>\n<li><a href=\"https:\/\/www.krajskakniznicazilina.sk\/menu\/prekniz\/knihaHP\/khp2007.pdf\">umiestnenia 2007<\/a><\/li>\n<\/ul>\n<p style=\"text-align: justify;\">Kniha roka 2006<\/p>\n<ul>\n<li style=\"text-align: justify;\"><strong><a href=\"http:\/\/katalog.krajskakniznicazilina.sk\/Carmen\/sk\/detail\/90273?st=SMART&amp;d=447&amp;q=%C5%A1imko+%C5%BEilina+zozn%C3%A1mte&amp;w=ALL&amp;p=1&amp;t=GOOGLE&amp;s=relevance#.WnnHwK7iaUk\">\u017dilina: zozn\u00e1mte sa s mestom<\/a> (\u0160imko, P.)<\/strong><\/li>\n<li style=\"text-align: justify;\"><a href=\"https:\/\/www.krajskakniznicazilina.sk\/menu\/prekniz\/knihaHP\/khp2006.pdf\">umiestnenia 2006<\/a><\/li>\n<\/ul>\n","protected":false},"excerpt":{"rendered":"<p>Krajsk\u00e1 kni\u017enica v \u017diline vyhlasuje u\u017e od roku 2006 \u010ditate\u013esk\u00fa s\u00fa\u0165a\u017e Kniha Roka. Cie\u013eom s\u00fa\u0165a\u017ee je predstavi\u0165 verejnosti tvorbu a\u00a0 osobnosti autorov \u017eij\u00facich a\u00a0 p\u00f4sobiacich v\u00a0regi\u00f3ne Horn\u00e9 Pova\u017eie. Do s\u00fa\u0165a\u017ee m\u00f4\u017eu by\u0165 zaraden\u00e9 knihy vydan\u00e9 v\u00a0danom roku, s\u00fa sp\u00e4t\u00e9 s regi\u00f3nom Horn\u00e9ho Pova\u017eia tematicky alebo osobou autora textovej \u010di obrazovej \u010dasti\u00a0 a bolo im pridelen\u00e9 &#8230; <a title=\"Kniha Horn\u00e9ho Pova\u017eia\" class=\"read-more\" href=\"https:\/\/www.krajskakniznicazilina.sk\/index.php\/pre-kniznice\/kniha-horneho-povazia\/\" aria-label=\"Pre\u010d\u00edtajte si viac o Kniha Horn\u00e9ho Pova\u017eia\">\u010c\u00edta\u0165 viac<\/a><\/p>\n","protected":false},"author":1,"featured_media":0,"parent":51,"menu_order":0,"comment_status":"closed","ping_status":"closed","template":"","meta":{"footnotes":""},"class_list":["post-872","page","type-page","status-publish"],"_links":{"self":[{"href":"https:\/\/www.krajskakniznicazilina.sk\/index.php\/wp-json\/wp\/v2\/pages\/872","targetHints":{"allow":["GET"]}}],"collection":[{"href":"https:\/\/www.krajskakniznicazilina.sk\/index.php\/wp-json\/wp\/v2\/pages"}],"about":[{"href":"https:\/\/www.krajskakniznicazilina.sk\/index.php\/wp-json\/wp\/v2\/types\/page"}],"author":[{"embeddable":true,"href":"https:\/\/www.krajskakniznicazilina.sk\/index.php\/wp-json\/wp\/v2\/users\/1"}],"replies":[{"embeddable":true,"href":"https:\/\/www.krajskakniznicazilina.sk\/index.php\/wp-json\/wp\/v2\/comments?post=872"}],"version-history":[{"count":33,"href":"https:\/\/www.krajskakniznicazilina.sk\/index.php\/wp-json\/wp\/v2\/pages\/872\/revisions"}],"predecessor-version":[{"id":16573,"href":"https:\/\/www.krajskakniznicazilina.sk\/index.php\/wp-json\/wp\/v2\/pages\/872\/revisions\/16573"}],"up":[{"embeddable":true,"href":"https:\/\/www.krajskakniznicazilina.sk\/index.php\/wp-json\/wp\/v2\/pages\/51"}],"wp:attachment":[{"href":"https:\/\/www.krajskakniznicazilina.sk\/index.php\/wp-json\/wp\/v2\/media?parent=872"}],"curies":[{"name":"wp","href":"https:\/\/api.w.org\/{rel}","templated":true}]}}