{"id":9040,"date":"2022-04-27T06:42:16","date_gmt":"2022-04-27T05:42:16","guid":{"rendered":"https:\/\/www.krajskakniznicazilina.sk\/?page_id=9040"},"modified":"2022-05-13T06:30:39","modified_gmt":"2022-05-13T05:30:39","slug":"pocitacove-kurzy","status":"publish","type":"page","link":"https:\/\/www.krajskakniznicazilina.sk\/index.php\/podujatia\/pocitacove-kurzy\/","title":{"rendered":"Po\u010d\u00edta\u010dov\u00e9 kurzy"},"content":{"rendered":"<p style=\"text-align: justify;\">Po\u010d\u00edta\u010dov\u00e9 kurzy s\u00fa ur\u010den\u00e9 pre v\u0161etk\u00fdch, ktor\u00ed sa chc\u00fa obozn\u00e1mi\u0165 so z\u00e1kladnou obsluhou a funkciami po\u010d\u00edta\u010da, ako aj pre t\u00fdch, ktor\u00ed by sa chceli zdokonali\u0165 v pr\u00e1ci na po\u010d\u00edta\u010di, tablete, \u010di smartf\u00f3ne. K dispoz\u00edci\u00ed s\u00fa kni\u017eni\u010dn\u00e9 po\u010d\u00edta\u010de, na kurzy si v\u0161ak m\u00f4\u017eete prinies\u0165 aj vlastn\u00fd notebook, smartf\u00f3n, \u010di tablet.<\/p>\n<p style=\"text-align: justify;\">Aktu\u00e1lne term\u00edny kurzu s\u00fa zverejnen\u00e9 vopred, kurzy maj\u00fa obmedzen\u00fd po\u010det vo\u013en\u00fdch miest. <strong>Z\u00e1ujem o kurzy<\/strong> nahl\u00e1ste na tel. \u010d\u00edslo\u00a0<strong>041\/723 30 90\u00a0<\/strong>alebo emailom na\u00a0<strong><a href=\"mailto:pckurzy@krajskakniznicazilina.sk\">pckurzy@krajskakniznicazilina.sk<\/a>.<\/strong><\/p>\n<hr \/>\n<h3 style=\"text-align: justify;\"><a href=\"https:\/\/www.krajskakniznicazilina.sk\/clanky\/2022\/05\/PC%20kurzy%202.jpg\"><img decoding=\"async\" class=\"alignright size-full\" src=\"https:\/\/www.krajskakniznicazilina.sk\/clanky\/2022\/05\/PC%20kurzy%202.jpg\" width=\"40%\" height=\"40%\" \/><\/a>Aktu\u00e1lne kni\u017enica poskytuje po\u010d\u00edta\u010dov\u00e9 kurzy v r\u00e1mci projektu <a href=\"https:\/\/www.krajskakniznicazilina.sk\/index.php\/2022\/04\/13\/kurzy-zakladnej-pocitacovej-gramotnosti\/\"><strong>Seniori programuj\u00fa v kni\u017enici<\/strong><\/a> podporil <strong>Nada\u010dn\u00fd fond Telekom<\/strong>. <strong>Tieto po\u010d\u00edta\u010dov\u00e9 kurzy s\u00fa poskytovan\u00e9 zadarmo<\/strong>, je potrebn\u00e9 sa vopred nahl\u00e1si\u0165 (vyu\u017eite kontakty uveden\u00e9 vy\u0161\u0161ie).<\/h3>\n<h3 style=\"text-align: justify;\"><strong>Digit\u00e1lna pripravenos\u0165<\/strong> (m\u00e1j 2022)<\/h3>\n<ul style=\"text-align: justify;\">\n<li>4. m\u00e1j\u00a0 <strong>z\u00e1klady pr\u00e1ce s po\u010d\u00edta\u010dom<\/strong> (zapnutie, vypnutie), vytvorenie s\u00faboru, vkladanie obr\u00e1zkov<\/li>\n<li>11. m\u00e1j &#8211; nastavenie <strong>tla\u010de<\/strong>, pr\u00e1ca s <strong>tabu\u013ekami<\/strong>, pr\u00edprava <strong>prezent\u00e1ci\u00ed<\/strong><\/li>\n<li>18. m\u00e1j &#8211; <strong>z\u00e1klady pr\u00e1ce s internetom<\/strong> &#8211; vyh\u013ead\u00e1vanie inform\u00e1ci\u00ed, prezeranie webov\u00fdch str\u00e1nok, n\u00e1strahy internetu, komunik\u00e1cia cez elektronick\u00fa po\u0161tu &#8211; <strong>email<\/strong><\/li>\n<li>25. m\u00e1j &#8211; <strong>pr\u00e1ca s internetom<\/strong> &#8211; objednanie vy\u0161etrenia u lek\u00e1ra, vyh\u013ead\u00e1vanie spojov v cestovnom poriadku MHD, objednanie n\u00e1kupu domov<\/li>\n<\/ul>\n<h3 style=\"text-align: justify;\"><strong>Z\u00e1klady ovl\u00e1dania smartf\u00f3nov<\/strong> (j\u00fan 2022)<\/h3>\n<ul style=\"text-align: justify;\">\n<li>1. j\u00fan &#8211; <strong>opakovanie nau\u010den\u00fdch zru\u010dnost\u00ed<\/strong> (pr\u00e1ca s\u00a0textom, tabu\u013eky, internet, elektronick\u00e1 po\u0161ta)<\/li>\n<li>8. j\u00fan &#8211; obozn\u00e1menie so <strong>soci\u00e1lnymi sie\u0165ami<\/strong> (n\u00e1strahy, dezinform\u00e1cie, v\u00fdhody)<\/li>\n<li>15. j\u00fan &#8211; <strong>zozn\u00e1menie sa so smartf\u00f3nom a tabletom<\/strong> &#8211; ako vytvori\u0165 a ulo\u017ei\u0165 kontakt, zatelefonova\u0165, ako nap\u00edsa\u0165 a odosla\u0165 SMS, pripojenie na internet<\/li>\n<li>22. j\u00fan &#8211; <strong>pokro\u010dil\u00e1 pr\u00e1ca so smartf\u00f3nom a tabletom<\/strong> &#8211; \u010d\u00edtanie e-mailov, vyu\u017e\u00edvanie u\u017eito\u010dn\u00fdch aplik\u00e1ci\u00ed, fotografovanie<\/li>\n<\/ul>\n<h3 style=\"text-align: justify;\"><strong>Z\u00e1klady programovania hravou formou + 3D tla\u010d <\/strong>(j\u00fal 2022)<\/h3>\n<ul style=\"text-align: justify;\">\n<li>6. j\u00fal &#8211;<strong> micro:bit<\/strong> &#8211; <strong>z\u00e1klady blokov\u00e9ho programovania<\/strong><\/li>\n<li>13. j\u00fal &#8211;<strong> micro:bit &#8211; nadstavba<\/strong> (Gitara)<\/li>\n<li>13. j\u00fal &#8211; <strong>ozoboti &#8211; logick\u00e9 zm\u00fd\u0161\u013eanie<\/strong><\/li>\n<li>27. j\u00fal &#8211; <strong>3D tla\u010d<\/strong> &#8211; uk\u00e1\u017eka 3D tla\u010de, <strong>modelovanie<\/strong> <strong>v<\/strong> jednoduchom <strong>programe<\/strong> napr. Sketch-up + tla\u010d namodelovan\u00fdch predmetov<\/li>\n<\/ul>\n<h3 style=\"text-align: justify;\"><strong>Z\u00e1klady programovania hravou formou + 3D tla\u010d<\/strong> (august 2022)<\/h3>\n<ul style=\"text-align: justify;\">\n<li>3. august &#8211; <strong>micro:bit<\/strong> &#8211; <strong>z\u00e1klady blokov\u00e9ho programovania<\/strong><\/li>\n<li>10. august &#8211; <strong>micro:bit &#8211; nadstavba<\/strong> (Gitara)<\/li>\n<li>17. august &#8211; <strong>ozoboti &#8211; logick\u00e9 zm\u00fd\u0161\u013eanie<\/strong><\/li>\n<li>24. august &#8211; <strong>3D tla\u010d<\/strong> &#8211; uk\u00e1\u017eka 3D tla\u010de, <strong>modelovanie<\/strong> <strong>v<\/strong> jednoduchom <strong>programe<\/strong> napr. Sketch-up + tla\u010d namodelovan\u00fdch predmetov<\/li>\n<\/ul>\n<h3 style=\"text-align: justify;\"><strong>Opakovanie nau\u010den\u00fdch digit\u00e1lnych zru\u010dnost\u00ed <\/strong>(september 2022)<\/h3>\n<ul>\n<li style=\"text-align: justify;\">\u00a07. september &#8211; <strong>opakovanie<\/strong> na z\u00e1klade po\u017eiadaviek absolventov kurzov<\/li>\n<li style=\"text-align: justify;\">14. september &#8211;\u00a0<strong>opakovanie<\/strong> na z\u00e1klade po\u017eiadaviek absolventov kurzov<\/li>\n<li style=\"text-align: justify;\">21. september &#8211;\u00a0<strong>opakovanie<\/strong> na z\u00e1klade po\u017eiadaviek absolventov kurzov<\/li>\n<li style=\"text-align: justify;\">28. september &#8211;\u00a0<strong>opakovanie<\/strong> na z\u00e1klade po\u017eiadaviek absolventov kurzov<\/li>\n<\/ul>\n","protected":false},"excerpt":{"rendered":"<p>Po\u010d\u00edta\u010dov\u00e9 kurzy s\u00fa ur\u010den\u00e9 pre v\u0161etk\u00fdch, ktor\u00ed sa chc\u00fa obozn\u00e1mi\u0165 so z\u00e1kladnou obsluhou a funkciami po\u010d\u00edta\u010da, ako aj pre t\u00fdch, ktor\u00ed by sa chceli zdokonali\u0165 v pr\u00e1ci na po\u010d\u00edta\u010di, tablete, \u010di smartf\u00f3ne. K dispoz\u00edci\u00ed s\u00fa kni\u017eni\u010dn\u00e9 po\u010d\u00edta\u010de, na kurzy si v\u0161ak m\u00f4\u017eete prinies\u0165 aj vlastn\u00fd notebook, smartf\u00f3n, \u010di tablet. Aktu\u00e1lne term\u00edny kurzu s\u00fa zverejnen\u00e9 vopred, &#8230; <a title=\"Po\u010d\u00edta\u010dov\u00e9 kurzy\" class=\"read-more\" href=\"https:\/\/www.krajskakniznicazilina.sk\/index.php\/podujatia\/pocitacove-kurzy\/\" aria-label=\"Pre\u010d\u00edtajte si viac o Po\u010d\u00edta\u010dov\u00e9 kurzy\">\u010c\u00edta\u0165 viac<\/a><\/p>\n","protected":false},"author":1,"featured_media":0,"parent":49,"menu_order":0,"comment_status":"closed","ping_status":"closed","template":"","meta":{"footnotes":""},"class_list":["post-9040","page","type-page","status-publish"],"_links":{"self":[{"href":"https:\/\/www.krajskakniznicazilina.sk\/index.php\/wp-json\/wp\/v2\/pages\/9040","targetHints":{"allow":["GET"]}}],"collection":[{"href":"https:\/\/www.krajskakniznicazilina.sk\/index.php\/wp-json\/wp\/v2\/pages"}],"about":[{"href":"https:\/\/www.krajskakniznicazilina.sk\/index.php\/wp-json\/wp\/v2\/types\/page"}],"author":[{"embeddable":true,"href":"https:\/\/www.krajskakniznicazilina.sk\/index.php\/wp-json\/wp\/v2\/users\/1"}],"replies":[{"embeddable":true,"href":"https:\/\/www.krajskakniznicazilina.sk\/index.php\/wp-json\/wp\/v2\/comments?post=9040"}],"version-history":[{"count":10,"href":"https:\/\/www.krajskakniznicazilina.sk\/index.php\/wp-json\/wp\/v2\/pages\/9040\/revisions"}],"predecessor-version":[{"id":9184,"href":"https:\/\/www.krajskakniznicazilina.sk\/index.php\/wp-json\/wp\/v2\/pages\/9040\/revisions\/9184"}],"up":[{"embeddable":true,"href":"https:\/\/www.krajskakniznicazilina.sk\/index.php\/wp-json\/wp\/v2\/pages\/49"}],"wp:attachment":[{"href":"https:\/\/www.krajskakniznicazilina.sk\/index.php\/wp-json\/wp\/v2\/media?parent=9040"}],"curies":[{"name":"wp","href":"https:\/\/api.w.org\/{rel}","templated":true}]}}