{"id":9047,"date":"2022-04-27T06:42:12","date_gmt":"2022-04-27T05:42:12","guid":{"rendered":"https:\/\/www.krajskakniznicazilina.sk\/?page_id=9047"},"modified":"2022-05-05T08:42:03","modified_gmt":"2022-05-05T07:42:03","slug":"treningy-pamati","status":"publish","type":"page","link":"https:\/\/www.krajskakniznicazilina.sk\/index.php\/podujatia\/treningy-pamati\/","title":{"rendered":"Tr\u00e9ningy pam\u00e4ti"},"content":{"rendered":"<p style=\"text-align: justify;\">Krajsk\u00e1 kni\u017enica v \u017diline realizuje pre \u010ditate\u013eov vy\u0161\u0161ieho veku tr\u00e9ningy pam\u00e4ti, zameran\u00e9 na zlep\u0161enie pam\u00e4\u0165ov\u00fdch funkci\u00ed a skvalitnenie \u017eivota v\u010faka lep\u0161ej schopnosti orientova\u0165 sa v be\u017en\u00fdch situ\u00e1ci\u00e1ch. Kde som nechal\/a k\u013e\u00fa\u010de? Na \u010do som vo\u0161iel\/vo\u0161la do tejto miestnosti? Ako si zapam\u00e4t\u00e1m telef\u00f3nne \u010d\u00edslo? Odkia\u013e pozn\u00e1m tohto \u010dloveka?&#8230; Predstav\u00edme v\u00e1m pom\u00f4cky, ako z\u00edska\u0165 odpovede na vekom \u010doraz \u010dastej\u0161ie kladen\u00e9 ot\u00e1zky.<\/p>\n<p style=\"text-align: justify;\">Tr\u00e9ningy nie s\u00fa n\u00e1ro\u010dn\u00e9 a\u00a0s\u00fa organizovan\u00e9 z\u00e1bavnou formou. 10 stretnut\u00ed v\u00a0men\u0161\u00edch skupin\u00e1ch vytv\u00e1ra priate\u013esk\u00fa atmosf\u00e9ru, v\u00a0ktorej sa \u00fa\u010dastn\u00edci navz\u00e1jom spozn\u00e1vaj\u00fa a\u00a0tr\u00e9ningy maj\u00fa aj spolo\u010densk\u00fd rozsah.<\/p>\n<p style=\"text-align: justify;\">Obsahovo s\u00fa \u010dlenen\u00e9 na t\u00e9my: ako si zapam\u00e4ta\u0165 \u010d\u00edsla, ako si zapam\u00e4ta\u0165 tv\u00e1re, mnemotechniky, \u017eivotn\u00fd \u0161t\u00fdl\u00a0 a pam\u00e4\u0165, prav\u00e1 a \u013eav\u00e1 hemisf\u00e9ra, kr\u00e1tkodob\u00e1 a dlhodob\u00e1 pam\u00e4\u0165 a techniky na ich zlep\u0161enie a podobne. D\u00f4le\u017eit\u00e9 s\u00fa aj fyzick\u00e9 cvi\u010denia, ktor\u00e9 prekrvuj\u00fa telo a mozog a stimuluj\u00fa pam\u00e4\u0165ov\u00e9 funkcie. Lektorky tr\u00e9ningov pam\u00e4ti s\u00fa: Zuzana Mjartanov\u00e1; Janka Zurovacov\u00e1; Lada Ryb\u00e1rikov\u00e1<\/p>\n<p style=\"text-align: justify;\"><strong>Z\u00e1ujem o tr\u00e9ningy pam\u00e4ti nahl\u00e1ste na e-mail: <a href=\"mailto:mjartanova@krajskakniznicazilina.sk\">mjartanova@krajskakniznicazilina.sk<\/a> alebo telefonicky na tel. \u010d. 041\/723 27 45. Poplatok za tr\u00e9ning pam\u00e4ti: 15,00 \u20ac <\/strong>(<span class=\"wsw-02\">Pre \u00fa\u010das\u0165 na tr\u00e9ningu pam\u00e4ti je potrebn\u00e9, aby mal ka\u017ed\u00fd \u00fa\u010dastn\u00edk platn\u00fa registr\u00e1ciu\/z\u00e1pisn\u00e9 v Krajskej kni\u017enici v \u017diline.)<\/span><\/p>\n","protected":false},"excerpt":{"rendered":"<p>Krajsk\u00e1 kni\u017enica v \u017diline realizuje pre \u010ditate\u013eov vy\u0161\u0161ieho veku tr\u00e9ningy pam\u00e4ti, zameran\u00e9 na zlep\u0161enie pam\u00e4\u0165ov\u00fdch funkci\u00ed a skvalitnenie \u017eivota v\u010faka lep\u0161ej schopnosti orientova\u0165 sa v be\u017en\u00fdch situ\u00e1ci\u00e1ch. Kde som nechal\/a k\u013e\u00fa\u010de? Na \u010do som vo\u0161iel\/vo\u0161la do tejto miestnosti? Ako si zapam\u00e4t\u00e1m telef\u00f3nne \u010d\u00edslo? Odkia\u013e pozn\u00e1m tohto \u010dloveka?&#8230; Predstav\u00edme v\u00e1m pom\u00f4cky, ako z\u00edska\u0165 odpovede na vekom &#8230; <a title=\"Tr\u00e9ningy pam\u00e4ti\" class=\"read-more\" href=\"https:\/\/www.krajskakniznicazilina.sk\/index.php\/podujatia\/treningy-pamati\/\" aria-label=\"Pre\u010d\u00edtajte si viac o Tr\u00e9ningy pam\u00e4ti\">\u010c\u00edta\u0165 viac<\/a><\/p>\n","protected":false},"author":1,"featured_media":0,"parent":49,"menu_order":0,"comment_status":"closed","ping_status":"closed","template":"","meta":{"footnotes":""},"class_list":["post-9047","page","type-page","status-publish"],"_links":{"self":[{"href":"https:\/\/www.krajskakniznicazilina.sk\/index.php\/wp-json\/wp\/v2\/pages\/9047","targetHints":{"allow":["GET"]}}],"collection":[{"href":"https:\/\/www.krajskakniznicazilina.sk\/index.php\/wp-json\/wp\/v2\/pages"}],"about":[{"href":"https:\/\/www.krajskakniznicazilina.sk\/index.php\/wp-json\/wp\/v2\/types\/page"}],"author":[{"embeddable":true,"href":"https:\/\/www.krajskakniznicazilina.sk\/index.php\/wp-json\/wp\/v2\/users\/1"}],"replies":[{"embeddable":true,"href":"https:\/\/www.krajskakniznicazilina.sk\/index.php\/wp-json\/wp\/v2\/comments?post=9047"}],"version-history":[{"count":5,"href":"https:\/\/www.krajskakniznicazilina.sk\/index.php\/wp-json\/wp\/v2\/pages\/9047\/revisions"}],"predecessor-version":[{"id":9135,"href":"https:\/\/www.krajskakniznicazilina.sk\/index.php\/wp-json\/wp\/v2\/pages\/9047\/revisions\/9135"}],"up":[{"embeddable":true,"href":"https:\/\/www.krajskakniznicazilina.sk\/index.php\/wp-json\/wp\/v2\/pages\/49"}],"wp:attachment":[{"href":"https:\/\/www.krajskakniznicazilina.sk\/index.php\/wp-json\/wp\/v2\/media?parent=9047"}],"curies":[{"name":"wp","href":"https:\/\/api.w.org\/{rel}","templated":true}]}}