{"id":935,"date":"2018-02-05T14:08:33","date_gmt":"2018-02-05T13:08:33","guid":{"rendered":"http:\/\/www2.krajskakniznicazilina.sk\/?page_id=935"},"modified":"2023-08-10T14:48:10","modified_gmt":"2023-08-10T12:48:10","slug":"verejnost","status":"publish","type":"page","link":"https:\/\/www.krajskakniznicazilina.sk\/index.php\/podujatia\/verejnost\/","title":{"rendered":"Verejnos\u0165"},"content":{"rendered":"<p>Krajsk\u00e1 kni\u017enica v \u017dilne organizuje mno\u017estvo podujat\u00ed pre \u0161irok\u00fa verejnos\u0165, napr.:<\/p>\n<ul>\n<li><a href=\"https:\/\/www.krajskakniznicazilina.sk\/index.php\/category\/beseda\/\">besedy<\/a> s autormi,<\/li>\n<li>uvedenie kn\u00edh do \u017eivota,<\/li>\n<li><a href=\"https:\/\/www.krajskakniznicazilina.sk\/index.php\/category\/cestovatelska-beseda\/\">cestovate\u013esk\u00e9 besedy<\/a>,<\/li>\n<li>\u010ditate\u013esk\u00e9 <a href=\"https:\/\/www.krajskakniznicazilina.sk\/index.php\/category\/sutaz\/\">s\u00fa\u0165a\u017ee<\/a>,<\/li>\n<li><a href=\"https:\/\/www.krajskakniznicazilina.sk\/index.php\/podujatia\/klubova-cinnost\/\">klubov\u00e9 stretnutia<\/a>,<\/li>\n<li>odborn\u00e9 predn\u00e1\u0161ky,<\/li>\n<li><a href=\"https:\/\/www.krajskakniznicazilina.sk\/index.php\/category\/vystava\/\">v\u00fdstavy<\/a>.<\/li>\n<\/ul>\n<h3 style=\"text-align: justify;\"><strong>&#8222;Ako na to?&#8220; v kni\u017enici<\/strong><\/h3>\n<p style=\"text-align: justify;\">P\u00fdtate sa niekedy: &#8222;M\u00e1te t\u00fato knihu alebo nie\u010do od autora?&#8220; Alebo viete, \u017ee knihu m\u00e1me, ale neviete, kde a ako ju vlastne m\u00e1te h\u013eada\u0165. Ako si stiahnu\u0165 e-knihu? &#8222;Moment, vy po\u017ei\u010diavate e-knihy? Ako to funguje?&#8220;. M\u00f4\u017eem si po\u017ei\u010da\u0165 domov \u010dasopisy? Na \u010do v\u0161etko mus\u00edm ma\u0165 preukaz? M\u00f4\u017eem sa sem pr\u00eds\u0165 hra\u0165 spolo\u010densk\u00e9 hry alebo dou\u010dova\u0165? M\u00e1te nejak\u00fa cudzojazy\u010dn\u00fa literat\u00faru? A m\u00f4\u017eem pr\u00eds\u0165 do kni\u017enice aj bez preukazu?<\/p>\n<p style=\"text-align: justify;\">Ak sa v t\u00fdchto ot\u00e1zkach spozn\u00e1vate, mo\u017eno je ten spr\u00e1vny \u010das h\u013eada\u0165 na ne odpovede. Pon\u00fakame V\u00e1m mo\u017enos\u0165 spozna\u0165 na\u0161u kni\u017enicu a jej priestory a slu\u017eby tak, ako ste predt\u00fdm nemohli. <strong>Prihl\u00e1ste sa<\/strong> na stretnutie &#8222;Ako na to?&#8220; v kni\u017enici <strong>prostredn\u00edctvom formul\u00e1ra: <a href=\"https:\/\/forms.gle\/SuxCxWFS2bVUAst47\">https:\/\/forms.gle\/SuxCxWFS2bVUAst47<\/a> a po\u010dkajte na potvrdenie term\u00ednu<\/strong>. Stretnutie trv\u00e1 pribli\u017ene 30 min\u00fat pod\u013ea po\u010dtu a z\u00e1ujmu z\u00fa\u010dastnen\u00fdch a je limitovan\u00e9 po\u010dtom \u00fa\u010dastn\u00edkov. Pripravte si z\u00e1sobu ot\u00e1zok, na ktor\u00e9 ste sa chceli v\u017edy op\u00fdta\u0165!<\/p>\n","protected":false},"excerpt":{"rendered":"<p>Krajsk\u00e1 kni\u017enica v \u017dilne organizuje mno\u017estvo podujat\u00ed pre \u0161irok\u00fa verejnos\u0165, napr.: besedy s autormi, uvedenie kn\u00edh do \u017eivota, cestovate\u013esk\u00e9 besedy, \u010ditate\u013esk\u00e9 s\u00fa\u0165a\u017ee, klubov\u00e9 stretnutia, odborn\u00e9 predn\u00e1\u0161ky, v\u00fdstavy. &#8222;Ako na to?&#8220; v kni\u017enici P\u00fdtate sa niekedy: &#8222;M\u00e1te t\u00fato knihu alebo nie\u010do od autora?&#8220; Alebo viete, \u017ee knihu m\u00e1me, ale neviete, kde a ako ju vlastne m\u00e1te &#8230; <a title=\"Verejnos\u0165\" class=\"read-more\" href=\"https:\/\/www.krajskakniznicazilina.sk\/index.php\/podujatia\/verejnost\/\" aria-label=\"Pre\u010d\u00edtajte si viac o Verejnos\u0165\">\u010c\u00edta\u0165 viac<\/a><\/p>\n","protected":false},"author":1,"featured_media":0,"parent":49,"menu_order":0,"comment_status":"closed","ping_status":"closed","template":"","meta":{"footnotes":""},"class_list":["post-935","page","type-page","status-publish"],"_links":{"self":[{"href":"https:\/\/www.krajskakniznicazilina.sk\/index.php\/wp-json\/wp\/v2\/pages\/935","targetHints":{"allow":["GET"]}}],"collection":[{"href":"https:\/\/www.krajskakniznicazilina.sk\/index.php\/wp-json\/wp\/v2\/pages"}],"about":[{"href":"https:\/\/www.krajskakniznicazilina.sk\/index.php\/wp-json\/wp\/v2\/types\/page"}],"author":[{"embeddable":true,"href":"https:\/\/www.krajskakniznicazilina.sk\/index.php\/wp-json\/wp\/v2\/users\/1"}],"replies":[{"embeddable":true,"href":"https:\/\/www.krajskakniznicazilina.sk\/index.php\/wp-json\/wp\/v2\/comments?post=935"}],"version-history":[{"count":7,"href":"https:\/\/www.krajskakniznicazilina.sk\/index.php\/wp-json\/wp\/v2\/pages\/935\/revisions"}],"predecessor-version":[{"id":11696,"href":"https:\/\/www.krajskakniznicazilina.sk\/index.php\/wp-json\/wp\/v2\/pages\/935\/revisions\/11696"}],"up":[{"embeddable":true,"href":"https:\/\/www.krajskakniznicazilina.sk\/index.php\/wp-json\/wp\/v2\/pages\/49"}],"wp:attachment":[{"href":"https:\/\/www.krajskakniznicazilina.sk\/index.php\/wp-json\/wp\/v2\/media?parent=935"}],"curies":[{"name":"wp","href":"https:\/\/api.w.org\/{rel}","templated":true}]}}