{"id":9414,"date":"2022-06-21T11:58:39","date_gmt":"2022-06-21T10:58:39","guid":{"rendered":"https:\/\/www.krajskakniznicazilina.sk\/?page_id=9414"},"modified":"2024-10-11T14:00:24","modified_gmt":"2024-10-11T12:00:24","slug":"kubo-club","status":"publish","type":"page","link":"https:\/\/www.krajskakniznicazilina.sk\/index.php\/sluzby\/e-knihy\/kubo-club\/","title":{"rendered":"KUBO CLUB"},"content":{"rendered":"<h3><strong><a href=\"https:\/\/www.krajskakniznicazilina.sk\/menu\/sluz\/eknihy\/KUBO%20CLUB.jpg\"><img decoding=\"async\" class=\"alignright size-full\" src=\"https:\/\/www.krajskakniznicazilina.sk\/menu\/sluz\/eknihy\/KUBO%20CLUB.jpg\" width=\"42%\" height=\"42%\" \/><\/a>\u010co je KUBO CLUB?<\/strong><\/h3>\n<p style=\"text-align: justify;\">Je to slovensk\u00e1 digit\u00e1lna kni\u017enica pln\u00e1 detsk\u00fdch e-kn\u00edh, ktor\u00e1 je prisp\u00f4soben\u00e9 na \u010d\u00edtanie pre deti od 2 rokov.<\/p>\n<p style=\"text-align: justify;\">KUBO CLUB prin\u00e1\u0161a pr\u00edstup k viac ako 1000 detsk\u00fdm knih\u00e1m kdeko\u013evek a kedyko\u013evek. Sta\u010d\u00ed na to ma\u0165 u\u017e\u00edvate\u013esk\u00fd profil v digit\u00e1lnej kni\u017enici KUBO, ktor\u00fd si prepoj\u00edte so svojou kni\u017enicou.<\/p>\n<h3 style=\"text-align: justify;\"><strong>Ako na to?<\/strong><\/h3>\n<ul style=\"text-align: justify;\">\n<li>Stiahnite si aplik\u00e1ciu\u00a0<strong>KUBO &#8211; detsk\u00e9 knihy<\/strong>\u00a0cez\u00a0<a href=\"https:\/\/apps.apple.com\/sk\/app\/kubo-detsk%C3%A9-knihy\/id1504040361\">App Store<\/a>,\u00a0<a href=\"https:\/\/play.google.com\/store\/apps\/details?id=org.nativescript.KuboKnihySk&amp;gl=SK\">Google Play<\/a>\u00a0alebo na odkaze\u00a0<a href=\"https:\/\/app.kuboknihy.sk\/\">https:\/\/app.kuboknihy.sk\/<\/a><\/li>\n<li><strong>Prihl\u00e1ste sa<\/strong>\u00a0alebo si vytvorte u\u017e\u00edvate\u013esk\u00fd profil<\/li>\n<li>Cho\u010fte do\u00a0<strong>NASTAVENIA<\/strong>\u00a0a kliknite na\u00a0<strong>PREPOJI\u0164 S KNI\u017dNICOU<\/strong>.<\/li>\n<li>Vyberte si svoju kni\u017enicu a nasledujte in\u0161trukcie.<\/li>\n<\/ul>\n<p style=\"text-align: justify;\">A to je v\u0161etko! Po spr\u00e1vnom prepojen\u00ed s kni\u017enicou sa V\u00e1m odomkn\u00fa v\u0161etky knihy v KUBOvi vr\u00e1tane t\u00fd\u017edenn\u00fdch noviniek. Digit\u00e1lna \u010dit\u00e1re\u0148 KUBO CLUB je pre v\u00e1s k dispoz\u00edcii na ktoromko\u013evek digit\u00e1lnom zariaden\u00ed, sta\u010d\u00ed ma\u0165 pr\u00edstup na internet.<\/p>\n<p><strong>Dysfont<\/strong><\/p>\n<p style=\"text-align: justify;\"><a href=\"https:\/\/www.krajskakniznicazilina.sk\/menu\/sluz\/eknihy\/KUBO%20CLUB%20-%20dysfont.jpg\"><img decoding=\"async\" class=\"alignleft size-full\" src=\"https:\/\/www.krajskakniznicazilina.sk\/menu\/sluz\/eknihy\/KUBO%20CLUB%20-%20dysfont.jpg\" alt=\"plag\u00e1t\" width=\"25%\" height=\"25%\" \/><\/a>V KUBOvi m\u00f4\u017eu odteraz<strong> deti s dyslexiou \u010d\u00edta\u0165<\/strong> rozpr\u00e1vky aj encyklop\u00e9die \u013eah\u0161ie.<\/p>\n<p style=\"text-align: justify;\">Ide o nov\u00fa mo\u017enos\u0165 \u010d\u00edta\u0165 vybran\u00e9 tituly aj v <a href=\"https:\/\/mandrillapp.com\/track\/click\/31190403\/dysfont.com?p=eyJzIjoiSml0b3FoUkNxMENTVmdnbXo1b0g3WDdWeWE0IiwidiI6MSwicCI6IntcInVcIjozMTE5MDQwMyxcInZcIjoxLFwidXJsXCI6XCJodHRwczpcXFwvXFxcL2R5c2ZvbnQuY29tXFxcL2hvdy1pdC13b3Jrcy5odG1sXCIsXCJpZFwiOlwiNjE3NGQzYmYzMjM0NGNkN2I0YWFmN2M1YzNhMTdhMThcIixcInVybF9pZHNcIjpbXCJjNTIyMTdhNGNjMjVhYTRmNzYyNDI1ZjNhYWM0OGVmNWE4M2YyYmY3XCJdfSJ9\"><strong>DYSFONTE<\/strong><\/a>. Navrhol ho slovensk\u00fd grafick\u00fd dizajn\u00e9r <a href=\"https:\/\/mandrillapp.com\/track\/click\/31190403\/matopysny.com?p=eyJzIjoibXVhUUZGRFduU2tYVnI1Rkc1d2lBd2syWU1FIiwidiI6MSwicCI6IntcInVcIjozMTE5MDQwMyxcInZcIjoxLFwidXJsXCI6XCJodHRwczpcXFwvXFxcL21hdG9weXNueS5jb21cIixcImlkXCI6XCI2MTc0ZDNiZjMyMzQ0Y2Q3YjRhYWY3YzVjM2ExN2ExOFwiLFwidXJsX2lkc1wiOltcImFiM2Y3OGRlZmQxM2RiZDFmZThhZDgzMGIwOWU2YjAyNzE5YmZmNzRcIl19In0\">Martin Py\u0161n\u00fd<\/a> pre \u013eud\u00ed s dyslexiou.<\/p>\n<p style=\"text-align: justify;\">\u010citatelia a \u010ditate\u013eky si jednoducho pri otvoren\u00ed titulu v nastaveniach zvolia mo\u017enos\u0165 \u010d\u00edta\u0165 pr\u00e1ve v \u0148om. Ver\u00edme, \u017ee \u010d\u00edtanie z KUBA sa tak stane jednoduch\u0161\u00edm a pohodlnej\u0161\u00edm aj pre deti so \u0161peci\u00e1lnymi potrebami.<\/p>\n","protected":false},"excerpt":{"rendered":"<p>\u010co je KUBO CLUB? Je to slovensk\u00e1 digit\u00e1lna kni\u017enica pln\u00e1 detsk\u00fdch e-kn\u00edh, ktor\u00e1 je prisp\u00f4soben\u00e9 na \u010d\u00edtanie pre deti od 2 rokov. KUBO CLUB prin\u00e1\u0161a pr\u00edstup k viac ako 1000 detsk\u00fdm knih\u00e1m kdeko\u013evek a kedyko\u013evek. Sta\u010d\u00ed na to ma\u0165 u\u017e\u00edvate\u013esk\u00fd profil v digit\u00e1lnej kni\u017enici KUBO, ktor\u00fd si prepoj\u00edte so svojou kni\u017enicou. Ako na to? Stiahnite &#8230; <a title=\"KUBO CLUB\" class=\"read-more\" href=\"https:\/\/www.krajskakniznicazilina.sk\/index.php\/sluzby\/e-knihy\/kubo-club\/\" aria-label=\"Pre\u010d\u00edtajte si viac o KUBO CLUB\">\u010c\u00edta\u0165 viac<\/a><\/p>\n","protected":false},"author":1,"featured_media":0,"parent":1912,"menu_order":0,"comment_status":"closed","ping_status":"closed","template":"","meta":{"footnotes":""},"class_list":["post-9414","page","type-page","status-publish"],"_links":{"self":[{"href":"https:\/\/www.krajskakniznicazilina.sk\/index.php\/wp-json\/wp\/v2\/pages\/9414","targetHints":{"allow":["GET"]}}],"collection":[{"href":"https:\/\/www.krajskakniznicazilina.sk\/index.php\/wp-json\/wp\/v2\/pages"}],"about":[{"href":"https:\/\/www.krajskakniznicazilina.sk\/index.php\/wp-json\/wp\/v2\/types\/page"}],"author":[{"embeddable":true,"href":"https:\/\/www.krajskakniznicazilina.sk\/index.php\/wp-json\/wp\/v2\/users\/1"}],"replies":[{"embeddable":true,"href":"https:\/\/www.krajskakniznicazilina.sk\/index.php\/wp-json\/wp\/v2\/comments?post=9414"}],"version-history":[{"count":5,"href":"https:\/\/www.krajskakniznicazilina.sk\/index.php\/wp-json\/wp\/v2\/pages\/9414\/revisions"}],"predecessor-version":[{"id":13895,"href":"https:\/\/www.krajskakniznicazilina.sk\/index.php\/wp-json\/wp\/v2\/pages\/9414\/revisions\/13895"}],"up":[{"embeddable":true,"href":"https:\/\/www.krajskakniznicazilina.sk\/index.php\/wp-json\/wp\/v2\/pages\/1912"}],"wp:attachment":[{"href":"https:\/\/www.krajskakniznicazilina.sk\/index.php\/wp-json\/wp\/v2\/media?parent=9414"}],"curies":[{"name":"wp","href":"https:\/\/api.w.org\/{rel}","templated":true}]}}